{"id":61180,"date":"2026-05-06T12:18:51","date_gmt":"2026-05-06T12:18:51","guid":{"rendered":"https:\/\/chahrazadbaby.com\/en\/?post_type=product&#038;p=61180"},"modified":"2026-05-06T12:21:35","modified_gmt":"2026-05-06T12:21:35","slug":"lot-de-2-ensembles-bebe-douceur-confort-%f0%9f%a4%8d%f0%9f%a6%81%f0%9f%8c%bc","status":"publish","type":"product","link":"https:\/\/chahrazadbaby.com\/en\/produit\/lot-de-2-ensembles-bebe-douceur-confort-%f0%9f%a4%8d%f0%9f%a6%81%f0%9f%8c%bc\/","title":{"rendered":"Lot de 2 Ensembles B\u00e9b\u00e9 \u2013 Douceur &amp; Confort \ud83e\udd0d\ud83e\udd81\ud83c\udf3c"},"content":{"rendered":"<p>pack pour habiller votre b\u00e9b\u00e9 avec confort et style au quotidien \u2728<\/p>\n<p>Un mod\u00e8le lion craquant \ud83e\udd81 et un mod\u00e8le fleuri \u201cHello Spring\u201d \ud83c\udf3c, confectionn\u00e9s dans un coton doux et agr\u00e9able pour la peau sensible des b\u00e9b\u00e9s.<\/p>\n<p>\u2728 Le lot contient :<\/p>\n<p>\u2022 2 bodies manches longues avec boutons pression<br \/>\n\u2022 2 pantalons confortables avec taille \u00e9lastique<br \/>\n\u2022 Tissu coton doux, respirant et confortable<br \/>\n\u2022 Design minimaliste et \u00e9l\u00e9gant<\/p>\n<p>\ud83d\udccf Tailles disponibles : Naissance \u00e0 24 mois<\/p>\n","protected":false},"excerpt":{"rendered":"<p>pack pour habiller votre b\u00e9b\u00e9 avec confort et style au quotidien \u2728 Un mod\u00e8le lion craquant \ud83e\udd81 et un mod\u00e8le fleuri \u201cHello Spring\u201d \ud83c\udf3c, confectionn\u00e9s dans un coton doux et agr\u00e9able pour la peau sensible des b\u00e9b\u00e9s. \u2728 Le lot contient : \u2022 2 bodies manches longues avec boutons pression \u2022 2 pantalons confortables avec&#8230;<a class=\"r_more_blog\" href=\"https:\/\/chahrazadbaby.com\/en\/produit\/lot-de-2-ensembles-bebe-douceur-confort-%f0%9f%a4%8d%f0%9f%a6%81%f0%9f%8c%bc\/#more-61180\"> continue reading<\/a><\/p>\n","protected":false},"featured_media":61179,"template":"","meta":{"pgc_sgb_lightbox_settings":""},"product_brand":[],"product_cat":[15,48,150,149,76,68],"product_tag":[],"class_list":{"0":"post-61180","1":"product","2":"type-product","3":"status-publish","4":"has-post-thumbnail","6":"product_cat-bebe-fille","7":"product_cat-bebe-garcon","8":"product_cat-ensembles-bebe-garcon","9":"product_cat-ensembles","10":"product_cat-grenouilleres-bebe-garcon-barboteuses-pyjamas","11":"product_cat-grenouillere-barboteuse-et-pyjama","12":"pa_color-fleur","13":"pa_color-lion","15":"first","16":"instock","17":"sale","18":"shipping-taxable","19":"purchasable","20":"product-type-variable"},"bundled_by":[],"bundle_stock_status":"instock","bundle_stock_quantity":1000,"bundle_virtual":false,"bundle_layout":"","bundle_add_to_cart_form_location":"","bundle_editable_in_cart":false,"bundle_sold_individually_context":"","bundle_item_grouping":"","bundle_min_size":"","bundle_max_size":"","bundle_price":[],"bundled_items":[],"bundle_sell_ids":[],"jetpack_sharing_enabled":true,"_links":{"self":[{"href":"https:\/\/chahrazadbaby.com\/en\/wp-json\/wp\/v2\/product\/61180","targetHints":{"allow":["GET"]}}],"collection":[{"href":"https:\/\/chahrazadbaby.com\/en\/wp-json\/wp\/v2\/product"}],"about":[{"href":"https:\/\/chahrazadbaby.com\/en\/wp-json\/wp\/v2\/types\/product"}],"wp:featuredmedia":[{"embeddable":true,"href":"https:\/\/chahrazadbaby.com\/en\/wp-json\/wp\/v2\/media\/61179"}],"wp:attachment":[{"href":"https:\/\/chahrazadbaby.com\/en\/wp-json\/wp\/v2\/media?parent=61180"}],"wp:term":[{"taxonomy":"product_brand","embeddable":true,"href":"https:\/\/chahrazadbaby.com\/en\/wp-json\/wp\/v2\/product_brand?post=61180"},{"taxonomy":"product_cat","embeddable":true,"href":"https:\/\/chahrazadbaby.com\/en\/wp-json\/wp\/v2\/product_cat?post=61180"},{"taxonomy":"product_tag","embeddable":true,"href":"https:\/\/chahrazadbaby.com\/en\/wp-json\/wp\/v2\/product_tag?post=61180"}],"curies":[{"name":"wp","href":"https:\/\/api.w.org\/{rel}","templated":true}]}}