{"id":61131,"date":"2026-05-05T20:43:02","date_gmt":"2026-05-05T20:43:02","guid":{"rendered":"https:\/\/chahrazadbaby.com\/en\/?post_type=product&#038;p=61131"},"modified":"2026-05-05T20:47:41","modified_gmt":"2026-05-05T20:47:41","slug":"ensemble-bebe-ete-t-shirt-short-imprime-collection-chahrazad-baby","status":"publish","type":"product","link":"https:\/\/chahrazadbaby.com\/en\/produit\/ensemble-bebe-ete-t-shirt-short-imprime-collection-chahrazad-baby\/","title":{"rendered":"Ensemble b\u00e9b\u00e9 \u00e9t\u00e9 t-shirt + short imprim\u00e9 \u2013 Collection Chahrazad Baby"},"content":{"rendered":"<p>Adorable ensemble compos\u00e9 d\u2019un t-shirt doux  100% coton et d\u2019un short l\u00e9ger \u00e0 motifs color\u00e9s \ud83e\udd73<br \/>\nConfort optimal pour les journ\u00e9es d\u2019\u00e9t\u00e9 de b\u00e9b\u00e9 \u2600\ufe0f<\/p>\n<p>\u2714\ufe0f Coton doux et respirant<br \/>\n\u2714\ufe0f Taille \u00e9lastique pour plus de confort<br \/>\n\u2714\ufe0f Plusieurs mod\u00e8les et imprim\u00e9s disponibles<\/p>\n<p>\ud83d\udccf Tailles : 6-9M \/ 9-12M \/ 12-18M \/ 18-24M<br \/>\n\ud83d\udccf Tailles : 3 ans \/ 4 ans<\/p>\n","protected":false},"excerpt":{"rendered":"<p>Adorable ensemble compos\u00e9 d\u2019un t-shirt doux 100% coton et d\u2019un short l\u00e9ger \u00e0 motifs color\u00e9s \ud83e\udd73 Confort optimal pour les journ\u00e9es d\u2019\u00e9t\u00e9 de b\u00e9b\u00e9 \u2600\ufe0f \u2714\ufe0f Coton doux et respirant \u2714\ufe0f Taille \u00e9lastique pour plus de confort \u2714\ufe0f Plusieurs mod\u00e8les et imprim\u00e9s disponibles \ud83d\udccf Tailles : 6-9M \/ 9-12M \/ 12-18M \/ 18-24M \ud83d\udccf Tailles&#8230;<a class=\"r_more_blog\" href=\"https:\/\/chahrazadbaby.com\/en\/produit\/ensemble-bebe-ete-t-shirt-short-imprime-collection-chahrazad-baby\/#more-61131\"> continue reading<\/a><\/p>\n","protected":false},"featured_media":61128,"template":"","meta":{"pgc_sgb_lightbox_settings":""},"product_brand":[],"product_cat":[79,15,149,150,76,68],"product_tag":[],"class_list":{"0":"post-61131","1":"product","2":"type-product","3":"status-publish","4":"has-post-thumbnail","6":"product_cat-accessoires-bebe-bebe-garcon","7":"product_cat-bebe-fille","8":"product_cat-ensembles","9":"product_cat-ensembles-bebe-garcon","10":"product_cat-grenouilleres-bebe-garcon-barboteuses-pyjamas","11":"product_cat-grenouillere-barboteuse-et-pyjama","12":"pa_color-lapin","13":"pa_color-sea","14":"pa_color-soleil","15":"pa_color-train","16":"pa_color-voiture","18":"first","19":"instock","20":"sale","21":"shipping-taxable","22":"purchasable","23":"product-type-variable"},"bundled_by":[],"bundle_stock_status":"instock","bundle_stock_quantity":1000,"bundle_virtual":false,"bundle_layout":"","bundle_add_to_cart_form_location":"","bundle_editable_in_cart":false,"bundle_sold_individually_context":"","bundle_item_grouping":"","bundle_min_size":"","bundle_max_size":"","bundle_price":[],"bundled_items":[],"bundle_sell_ids":[],"jetpack_sharing_enabled":true,"_links":{"self":[{"href":"https:\/\/chahrazadbaby.com\/en\/wp-json\/wp\/v2\/product\/61131","targetHints":{"allow":["GET"]}}],"collection":[{"href":"https:\/\/chahrazadbaby.com\/en\/wp-json\/wp\/v2\/product"}],"about":[{"href":"https:\/\/chahrazadbaby.com\/en\/wp-json\/wp\/v2\/types\/product"}],"wp:featuredmedia":[{"embeddable":true,"href":"https:\/\/chahrazadbaby.com\/en\/wp-json\/wp\/v2\/media\/61128"}],"wp:attachment":[{"href":"https:\/\/chahrazadbaby.com\/en\/wp-json\/wp\/v2\/media?parent=61131"}],"wp:term":[{"taxonomy":"product_brand","embeddable":true,"href":"https:\/\/chahrazadbaby.com\/en\/wp-json\/wp\/v2\/product_brand?post=61131"},{"taxonomy":"product_cat","embeddable":true,"href":"https:\/\/chahrazadbaby.com\/en\/wp-json\/wp\/v2\/product_cat?post=61131"},{"taxonomy":"product_tag","embeddable":true,"href":"https:\/\/chahrazadbaby.com\/en\/wp-json\/wp\/v2\/product_tag?post=61131"}],"curies":[{"name":"wp","href":"https:\/\/api.w.org\/{rel}","templated":true}]}}