{"id":61047,"date":"2026-04-29T17:21:31","date_gmt":"2026-04-29T17:21:31","guid":{"rendered":"https:\/\/chahrazadbaby.com\/en\/?post_type=product&#038;p=61047"},"modified":"2026-04-29T17:30:05","modified_gmt":"2026-04-29T17:30:05","slug":"parure-de-lit-bebe-tour-de-lit-100-coton-doux","status":"publish","type":"product","link":"https:\/\/chahrazadbaby.com\/en\/produit\/parure-de-lit-bebe-tour-de-lit-100-coton-doux\/","title":{"rendered":"Parure de Lit B\u00e9b\u00e9 \u2013 tour de lit 100% Coton Doux"},"content":{"rendered":"<p>Parures de lit b\u00e9b\u00e9 en 100% coton doux, confortables et s\u00fbres pour la peau de b\u00e9b\u00e9.<br \/>\nPlusieurs mod\u00e8les au choix avec un design moderne et apaisant.<br \/>\n\ud83d\udccf Taille : 70 \u00d7 120 cm<br \/>\n\u2714 Doux \u2022 Hypoallerg\u00e9nique \u2022 Lavable en machine<br \/>\n\u2728 Chahrazad Baby \u2013 Confort &amp; qualit\u00e9 sup\u00e9rieure \ud83d\udc9b<\/p>\n","protected":false},"excerpt":{"rendered":"<p>Parures de lit b\u00e9b\u00e9 en 100% coton doux, confortables et s\u00fbres pour la peau de b\u00e9b\u00e9. Plusieurs mod\u00e8les au choix avec un design moderne et apaisant. \ud83d\udccf Taille : 70 \u00d7 120 cm \u2714 Doux \u2022 Hypoallerg\u00e9nique \u2022 Lavable en machine \u2728 Chahrazad Baby \u2013 Confort &amp; qualit\u00e9 sup\u00e9rieure \ud83d\udc9b<\/p>\n","protected":false},"featured_media":61049,"template":"","meta":{"pgc_sgb_lightbox_settings":""},"product_brand":[],"product_cat":[15,48,69,77,43],"product_tag":[],"class_list":{"0":"post-61047","1":"product","2":"type-product","3":"status-publish","4":"has-post-thumbnail","6":"product_cat-bebe-fille","7":"product_cat-bebe-garcon","8":"product_cat-couverture-drap","9":"product_cat-couverture-drap-bebe-garcon","10":"product_cat-idee-cadeaux","11":"pa_color-animaux","12":"pa_color-avion","13":"pa_color-canard","14":"pa_color-chat","15":"pa_color-elephant","16":"pa_color-mermaid","18":"first","19":"instock","20":"sale","21":"shipping-taxable","22":"purchasable","23":"product-type-variable"},"bundled_by":[],"bundle_stock_status":"instock","bundle_stock_quantity":1000,"bundle_virtual":false,"bundle_layout":"","bundle_add_to_cart_form_location":"","bundle_editable_in_cart":false,"bundle_sold_individually_context":"","bundle_item_grouping":"","bundle_min_size":"","bundle_max_size":"","bundle_price":[],"bundled_items":[],"bundle_sell_ids":[],"jetpack_sharing_enabled":true,"_links":{"self":[{"href":"https:\/\/chahrazadbaby.com\/en\/wp-json\/wp\/v2\/product\/61047","targetHints":{"allow":["GET"]}}],"collection":[{"href":"https:\/\/chahrazadbaby.com\/en\/wp-json\/wp\/v2\/product"}],"about":[{"href":"https:\/\/chahrazadbaby.com\/en\/wp-json\/wp\/v2\/types\/product"}],"wp:featuredmedia":[{"embeddable":true,"href":"https:\/\/chahrazadbaby.com\/en\/wp-json\/wp\/v2\/media\/61049"}],"wp:attachment":[{"href":"https:\/\/chahrazadbaby.com\/en\/wp-json\/wp\/v2\/media?parent=61047"}],"wp:term":[{"taxonomy":"product_brand","embeddable":true,"href":"https:\/\/chahrazadbaby.com\/en\/wp-json\/wp\/v2\/product_brand?post=61047"},{"taxonomy":"product_cat","embeddable":true,"href":"https:\/\/chahrazadbaby.com\/en\/wp-json\/wp\/v2\/product_cat?post=61047"},{"taxonomy":"product_tag","embeddable":true,"href":"https:\/\/chahrazadbaby.com\/en\/wp-json\/wp\/v2\/product_tag?post=61047"}],"curies":[{"name":"wp","href":"https:\/\/api.w.org\/{rel}","templated":true}]}}