{"id":60750,"date":"2026-04-22T13:10:23","date_gmt":"2026-04-22T13:10:23","guid":{"rendered":"https:\/\/chahrazadbaby.com\/en\/?post_type=product&#038;p=60750"},"modified":"2026-04-22T15:25:57","modified_gmt":"2026-04-22T15:25:57","slug":"ensemble-pyjama-bebe-2-pieces-en-coton-oeko-tex-collection-2026","status":"publish","type":"product","link":"https:\/\/chahrazadbaby.com\/en\/produit\/ensemble-pyjama-bebe-2-pieces-en-coton-oeko-tex-collection-2026\/","title":{"rendered":"Ensemble Pyjama B\u00e9b\u00e9 2 Pi\u00e8ces en Coton OEKO-TEX \u2013 Collection 2026"},"content":{"rendered":"<p>Lot de 2 pyjamas b\u00e9b\u00e9 en 100% coton certifi\u00e9 OEKO-TEX, doux et respectueux de la peau. Fermeture \u00e0 boutons pression pratique. Disponible en tailles 0-3, 3-6 et 6-9 mois. Motifs modernes et confort optimal au quotidien.<\/p>\n","protected":false},"excerpt":{"rendered":"<p>Lot de 2 pyjamas b\u00e9b\u00e9 en 100% coton certifi\u00e9 OEKO-TEX, doux et respectueux de la peau. Fermeture \u00e0 boutons pression pratique. Disponible en tailles 0-3, 3-6 et 6-9 mois. Motifs modernes et confort optimal au quotidien.<\/p>\n","protected":false},"featured_media":60746,"template":"","meta":{"pgc_sgb_lightbox_settings":""},"product_brand":[],"product_cat":[15,48,76,68],"product_tag":[],"class_list":{"0":"post-60750","1":"product","2":"type-product","3":"status-publish","4":"has-post-thumbnail","6":"product_cat-bebe-fille","7":"product_cat-bebe-garcon","8":"product_cat-grenouilleres-bebe-garcon-barboteuses-pyjamas","9":"product_cat-grenouillere-barboteuse-et-pyjama","10":"pa_color-206","11":"pa_color-207","12":"pa_color-208","13":"pa_color-209","14":"pa_color-210","15":"pa_color-211","16":"pa_color-212","17":"pa_color-213","19":"first","20":"instock","21":"sale","22":"shipping-taxable","23":"purchasable","24":"product-type-variable"},"bundled_by":[],"bundle_stock_status":"instock","bundle_stock_quantity":999,"bundle_virtual":false,"bundle_layout":"","bundle_add_to_cart_form_location":"","bundle_editable_in_cart":false,"bundle_sold_individually_context":"","bundle_item_grouping":"","bundle_min_size":"","bundle_max_size":"","bundle_price":[],"bundled_items":[],"bundle_sell_ids":[],"jetpack_sharing_enabled":true,"_links":{"self":[{"href":"https:\/\/chahrazadbaby.com\/en\/wp-json\/wp\/v2\/product\/60750","targetHints":{"allow":["GET"]}}],"collection":[{"href":"https:\/\/chahrazadbaby.com\/en\/wp-json\/wp\/v2\/product"}],"about":[{"href":"https:\/\/chahrazadbaby.com\/en\/wp-json\/wp\/v2\/types\/product"}],"wp:featuredmedia":[{"embeddable":true,"href":"https:\/\/chahrazadbaby.com\/en\/wp-json\/wp\/v2\/media\/60746"}],"wp:attachment":[{"href":"https:\/\/chahrazadbaby.com\/en\/wp-json\/wp\/v2\/media?parent=60750"}],"wp:term":[{"taxonomy":"product_brand","embeddable":true,"href":"https:\/\/chahrazadbaby.com\/en\/wp-json\/wp\/v2\/product_brand?post=60750"},{"taxonomy":"product_cat","embeddable":true,"href":"https:\/\/chahrazadbaby.com\/en\/wp-json\/wp\/v2\/product_cat?post=60750"},{"taxonomy":"product_tag","embeddable":true,"href":"https:\/\/chahrazadbaby.com\/en\/wp-json\/wp\/v2\/product_tag?post=60750"}],"curies":[{"name":"wp","href":"https:\/\/api.w.org\/{rel}","templated":true}]}}