{"id":60522,"date":"2026-04-16T01:45:31","date_gmt":"2026-04-16T01:45:31","guid":{"rendered":"https:\/\/chahrazadbaby.com\/en\/?post_type=product&#038;p=60522"},"modified":"2026-04-16T01:47:02","modified_gmt":"2026-04-16T01:47:02","slug":"coffret-bebe-premium-ensemble-chic-confort-en-coton","status":"publish","type":"product","link":"https:\/\/chahrazadbaby.com\/en\/produit\/coffret-bebe-premium-ensemble-chic-confort-en-coton\/","title":{"rendered":"Coffret B\u00e9b\u00e9 Premium \u2013 Ensemble Chic &amp; Confort en Coton"},"content":{"rendered":"<p>Un coffret doux et \u00e9l\u00e9gant pour b\u00e9b\u00e9 \ud83e\udd0d<br \/>\nCompos\u00e9 d\u2019un pyjama et d\u2019un gilet en 100% coton, parfait pour la peau sensible.<\/p>\n<p>\u2728 Confort &amp; qualit\u00e9 premium<br \/>\n\ud83c\udf81 Id\u00e9al comme cadeau de naissance \ud83d\udc76\ud83d\udc97\ud83d\udc99<\/p>\n","protected":false},"excerpt":{"rendered":"<p>Un coffret doux et \u00e9l\u00e9gant pour b\u00e9b\u00e9 \ud83e\udd0d Compos\u00e9 d\u2019un pyjama et d\u2019un gilet en 100% coton, parfait pour la peau sensible. \u2728 Confort &amp; qualit\u00e9 premium \ud83c\udf81 Id\u00e9al comme cadeau de naissance \ud83d\udc76\ud83d\udc97\ud83d\udc99<\/p>\n","protected":false},"featured_media":60520,"template":"","meta":{"pgc_sgb_lightbox_settings":""},"product_brand":[],"product_cat":[15,48,43],"product_tag":[],"class_list":{"0":"post-60522","1":"product","2":"type-product","3":"status-publish","4":"has-post-thumbnail","6":"product_cat-bebe-fille","7":"product_cat-bebe-garcon","8":"product_cat-idee-cadeaux","9":"pa_color-bleu","10":"pa_color-rose","12":"first","13":"instock","14":"shipping-taxable","15":"purchasable","16":"product-type-variable"},"bundled_by":[],"bundle_stock_status":"instock","bundle_stock_quantity":1000,"bundle_virtual":false,"bundle_layout":"","bundle_add_to_cart_form_location":"","bundle_editable_in_cart":false,"bundle_sold_individually_context":"","bundle_item_grouping":"","bundle_min_size":"","bundle_max_size":"","bundle_price":[],"bundled_items":[],"bundle_sell_ids":[],"jetpack_sharing_enabled":true,"_links":{"self":[{"href":"https:\/\/chahrazadbaby.com\/en\/wp-json\/wp\/v2\/product\/60522","targetHints":{"allow":["GET"]}}],"collection":[{"href":"https:\/\/chahrazadbaby.com\/en\/wp-json\/wp\/v2\/product"}],"about":[{"href":"https:\/\/chahrazadbaby.com\/en\/wp-json\/wp\/v2\/types\/product"}],"wp:featuredmedia":[{"embeddable":true,"href":"https:\/\/chahrazadbaby.com\/en\/wp-json\/wp\/v2\/media\/60520"}],"wp:attachment":[{"href":"https:\/\/chahrazadbaby.com\/en\/wp-json\/wp\/v2\/media?parent=60522"}],"wp:term":[{"taxonomy":"product_brand","embeddable":true,"href":"https:\/\/chahrazadbaby.com\/en\/wp-json\/wp\/v2\/product_brand?post=60522"},{"taxonomy":"product_cat","embeddable":true,"href":"https:\/\/chahrazadbaby.com\/en\/wp-json\/wp\/v2\/product_cat?post=60522"},{"taxonomy":"product_tag","embeddable":true,"href":"https:\/\/chahrazadbaby.com\/en\/wp-json\/wp\/v2\/product_tag?post=60522"}],"curies":[{"name":"wp","href":"https:\/\/api.w.org\/{rel}","templated":true}]}}