{"id":59812,"date":"2026-02-23T13:40:00","date_gmt":"2026-02-23T13:40:00","guid":{"rendered":"https:\/\/chahrazadbaby.com\/fr\/?post_type=product&#038;p=59812"},"modified":"2026-04-13T11:54:20","modified_gmt":"2026-04-13T11:54:20","slug":"pack-3-grenouilleres-bebe-confort-quotidien-essentiel","status":"publish","type":"product","link":"https:\/\/chahrazadbaby.com\/en\/produit\/pack-3-grenouilleres-bebe-confort-quotidien-essentiel\/","title":{"rendered":"Pack 3 Grenouill\u00e8res B\u00e9b\u00e9 \u2013 Confort Quotidien Essentiel"},"content":{"rendered":"<p>Simplifiez votre quotidien avec notre pack de 3 grenouill\u00e8res pens\u00e9es pour le confort de b\u00e9b\u00e9 et la tranquillit\u00e9 des mamans.<br \/>\nDouces, agr\u00e9ables \u00e0 porter et pratiques au quotidien, elles sont id\u00e9ales pour garder b\u00e9b\u00e9 bien couvert tout au long de la journ\u00e9e.<br \/>\n\u2714 Confort optimal<br \/>\n\u2714 Coupe pratique et facile \u00e0 enfiler<br \/>\n\u2714 Parfaites pour le quotidien<br \/>\n\u2714 Motifs adorables et modernes<br \/>\nParce qu\u2019une seule ne suffit jamais\u2026<br \/>\nLe pack de 3 est le choix malin \ud83e\udd0d<br \/>\nDisponibles en plusieurs mod\u00e8les selon stock.<\/p>\n","protected":false},"excerpt":{"rendered":"<p>Simplifiez votre quotidien avec notre pack de 3 grenouill\u00e8res pens\u00e9es pour le confort de b\u00e9b\u00e9 et la tranquillit\u00e9 des mamans. Douces, agr\u00e9ables \u00e0 porter et pratiques au quotidien, elles sont id\u00e9ales pour garder b\u00e9b\u00e9 bien couvert tout au long de la journ\u00e9e. \u2714 Confort optimal \u2714 Coupe pratique et facile \u00e0 enfiler \u2714 Parfaites pour&#8230;<a class=\"r_more_blog\" href=\"https:\/\/chahrazadbaby.com\/en\/produit\/pack-3-grenouilleres-bebe-confort-quotidien-essentiel\/#more-59812\"> continue reading<\/a><\/p>\n","protected":false},"featured_media":59811,"template":"","meta":{"pgc_sgb_lightbox_settings":""},"product_brand":[],"product_cat":[15,48,76,68],"product_tag":[],"class_list":{"0":"post-59812","1":"product","2":"type-product","3":"status-publish","4":"has-post-thumbnail","6":"product_cat-bebe-fille","7":"product_cat-bebe-garcon","8":"product_cat-grenouilleres-bebe-garcon-barboteuses-pyjamas","9":"product_cat-grenouillere-barboteuse-et-pyjama","11":"first","12":"instock","13":"sale","14":"shipping-taxable","15":"purchasable","16":"product-type-variable"},"bundled_by":[],"bundle_stock_status":"instock","bundle_stock_quantity":911,"bundle_virtual":false,"bundle_layout":"","bundle_add_to_cart_form_location":"","bundle_editable_in_cart":false,"bundle_sold_individually_context":"","bundle_item_grouping":"","bundle_min_size":"","bundle_max_size":"","bundle_price":[],"bundled_items":[],"bundle_sell_ids":[],"jetpack_sharing_enabled":true,"_links":{"self":[{"href":"https:\/\/chahrazadbaby.com\/en\/wp-json\/wp\/v2\/product\/59812","targetHints":{"allow":["GET"]}}],"collection":[{"href":"https:\/\/chahrazadbaby.com\/en\/wp-json\/wp\/v2\/product"}],"about":[{"href":"https:\/\/chahrazadbaby.com\/en\/wp-json\/wp\/v2\/types\/product"}],"wp:featuredmedia":[{"embeddable":true,"href":"https:\/\/chahrazadbaby.com\/en\/wp-json\/wp\/v2\/media\/59811"}],"wp:attachment":[{"href":"https:\/\/chahrazadbaby.com\/en\/wp-json\/wp\/v2\/media?parent=59812"}],"wp:term":[{"taxonomy":"product_brand","embeddable":true,"href":"https:\/\/chahrazadbaby.com\/en\/wp-json\/wp\/v2\/product_brand?post=59812"},{"taxonomy":"product_cat","embeddable":true,"href":"https:\/\/chahrazadbaby.com\/en\/wp-json\/wp\/v2\/product_cat?post=59812"},{"taxonomy":"product_tag","embeddable":true,"href":"https:\/\/chahrazadbaby.com\/en\/wp-json\/wp\/v2\/product_tag?post=59812"}],"curies":[{"name":"wp","href":"https:\/\/api.w.org\/{rel}","templated":true}]}}