{"id":59685,"date":"2026-02-10T22:13:36","date_gmt":"2026-02-10T22:13:36","guid":{"rendered":"https:\/\/chahrazadbaby.com\/fr\/?post_type=product&#038;p=59685"},"modified":"2026-03-27T20:29:52","modified_gmt":"2026-03-27T20:29:52","slug":"pack-in-out-pour-bebe-grenouillere-tres-doux-et-confortable","status":"publish","type":"product","link":"https:\/\/chahrazadbaby.com\/en\/produit\/pack-in-out-pour-bebe-grenouillere-tres-doux-et-confortable\/","title":{"rendered":"pack in &amp; out pour b\u00e9b\u00e9  2 grenouill\u00e8re tr\u00e8s doux et confortable"},"content":{"rendered":"<p>pack 2 grenouill\u00e8re b\u00e9b\u00e9 doux et confortable<\/p>\n","protected":false},"excerpt":{"rendered":"<p>pack 2 grenouill\u00e8re b\u00e9b\u00e9 doux et confortable<\/p>\n","protected":false},"featured_media":59682,"template":"","meta":{"pgc_sgb_lightbox_settings":""},"product_brand":[],"product_cat":[15,48,149,150,76,68,43],"product_tag":[],"class_list":{"0":"post-59685","1":"product","2":"type-product","3":"status-publish","4":"has-post-thumbnail","6":"product_cat-bebe-fille","7":"product_cat-bebe-garcon","8":"product_cat-ensembles","9":"product_cat-ensembles-bebe-garcon","10":"product_cat-grenouilleres-bebe-garcon-barboteuses-pyjamas","11":"product_cat-grenouillere-barboteuse-et-pyjama","12":"product_cat-idee-cadeaux","14":"first","15":"instock","16":"sale","17":"shipping-taxable","18":"purchasable","19":"product-type-variable"},"bundled_by":[],"bundle_stock_status":"instock","bundle_stock_quantity":98,"bundle_virtual":false,"bundle_layout":"","bundle_add_to_cart_form_location":"","bundle_editable_in_cart":false,"bundle_sold_individually_context":"","bundle_item_grouping":"","bundle_min_size":"","bundle_max_size":"","bundle_price":[],"bundled_items":[],"bundle_sell_ids":[],"jetpack_sharing_enabled":true,"_links":{"self":[{"href":"https:\/\/chahrazadbaby.com\/en\/wp-json\/wp\/v2\/product\/59685","targetHints":{"allow":["GET"]}}],"collection":[{"href":"https:\/\/chahrazadbaby.com\/en\/wp-json\/wp\/v2\/product"}],"about":[{"href":"https:\/\/chahrazadbaby.com\/en\/wp-json\/wp\/v2\/types\/product"}],"wp:featuredmedia":[{"embeddable":true,"href":"https:\/\/chahrazadbaby.com\/en\/wp-json\/wp\/v2\/media\/59682"}],"wp:attachment":[{"href":"https:\/\/chahrazadbaby.com\/en\/wp-json\/wp\/v2\/media?parent=59685"}],"wp:term":[{"taxonomy":"product_brand","embeddable":true,"href":"https:\/\/chahrazadbaby.com\/en\/wp-json\/wp\/v2\/product_brand?post=59685"},{"taxonomy":"product_cat","embeddable":true,"href":"https:\/\/chahrazadbaby.com\/en\/wp-json\/wp\/v2\/product_cat?post=59685"},{"taxonomy":"product_tag","embeddable":true,"href":"https:\/\/chahrazadbaby.com\/en\/wp-json\/wp\/v2\/product_tag?post=59685"}],"curies":[{"name":"wp","href":"https:\/\/api.w.org\/{rel}","templated":true}]}}