{"id":59647,"date":"2026-02-09T19:14:57","date_gmt":"2026-02-09T19:14:57","guid":{"rendered":"https:\/\/chahrazadbaby.com\/fr\/?post_type=product&#038;p=59647"},"modified":"2026-04-17T09:23:42","modified_gmt":"2026-04-17T09:23:42","slug":"pyjama-grenouillere-bebe-en-tres-doux-motifs-adorables-confort-jour-nuit","status":"publish","type":"product","link":"https:\/\/chahrazadbaby.com\/en\/produit\/pyjama-grenouillere-bebe-en-tres-doux-motifs-adorables-confort-jour-nuit\/","title":{"rendered":"Pyjama , Grenouill\u00e8re b\u00e9b\u00e9 en tr\u00e8s doux &#8211; Motifs adorables | Confort jour &amp; nuit"},"content":{"rendered":"<p>Pyjama b\u00e9b\u00e9 tr\u00e8s doux et respirant, id\u00e9al pour les tout-petits. Coupe pratique avec boutons-pression pour un habillage facile, parfaite pour le jour comme pour la nuit. Motifs mignons et couleurs douces pour accompagner b\u00e9b\u00e9 avec confort et style d\u00e8s la naissance.<br \/>\nConvient pour un usage quotidien, lavage apr\u00e8s lavage sans perdre sa douceur.<\/p>\n","protected":false},"excerpt":{"rendered":"<p>Pyjama b\u00e9b\u00e9 tr\u00e8s doux et respirant, id\u00e9al pour les tout-petits. Coupe pratique avec boutons-pression pour un habillage facile, parfaite pour le jour comme pour la nuit. Motifs mignons et couleurs douces pour accompagner b\u00e9b\u00e9 avec confort et style d\u00e8s la naissance. Convient pour un usage quotidien, lavage apr\u00e8s lavage sans perdre sa douceur.<\/p>\n","protected":false},"featured_media":59738,"template":"","meta":{"pgc_sgb_lightbox_settings":""},"product_brand":[],"product_cat":[15,48,76,68],"product_tag":[],"class_list":{"0":"post-59647","1":"product","2":"type-product","3":"status-publish","4":"has-post-thumbnail","6":"product_cat-bebe-fille","7":"product_cat-bebe-garcon","8":"product_cat-grenouilleres-bebe-garcon-barboteuses-pyjamas","9":"product_cat-grenouillere-barboteuse-et-pyjama","10":"pa_color-bear-beige","11":"pa_color-lapin-bleu","12":"pa_color-poisson-bleu","13":"pa_color-princesse-rose","14":"pa_color-voiture-rouge","16":"first","17":"instock","18":"sale","19":"shipping-taxable","20":"purchasable","21":"product-type-variable"},"bundled_by":[],"bundle_stock_status":"instock","bundle_stock_quantity":833,"bundle_virtual":false,"bundle_layout":"","bundle_add_to_cart_form_location":"","bundle_editable_in_cart":false,"bundle_sold_individually_context":"","bundle_item_grouping":"","bundle_min_size":"","bundle_max_size":"","bundle_price":[],"bundled_items":[],"bundle_sell_ids":[],"jetpack_sharing_enabled":true,"_links":{"self":[{"href":"https:\/\/chahrazadbaby.com\/en\/wp-json\/wp\/v2\/product\/59647","targetHints":{"allow":["GET"]}}],"collection":[{"href":"https:\/\/chahrazadbaby.com\/en\/wp-json\/wp\/v2\/product"}],"about":[{"href":"https:\/\/chahrazadbaby.com\/en\/wp-json\/wp\/v2\/types\/product"}],"wp:featuredmedia":[{"embeddable":true,"href":"https:\/\/chahrazadbaby.com\/en\/wp-json\/wp\/v2\/media\/59738"}],"wp:attachment":[{"href":"https:\/\/chahrazadbaby.com\/en\/wp-json\/wp\/v2\/media?parent=59647"}],"wp:term":[{"taxonomy":"product_brand","embeddable":true,"href":"https:\/\/chahrazadbaby.com\/en\/wp-json\/wp\/v2\/product_brand?post=59647"},{"taxonomy":"product_cat","embeddable":true,"href":"https:\/\/chahrazadbaby.com\/en\/wp-json\/wp\/v2\/product_cat?post=59647"},{"taxonomy":"product_tag","embeddable":true,"href":"https:\/\/chahrazadbaby.com\/en\/wp-json\/wp\/v2\/product_tag?post=59647"}],"curies":[{"name":"wp","href":"https:\/\/api.w.org\/{rel}","templated":true}]}}