{"id":59586,"date":"2026-02-05T14:31:55","date_gmt":"2026-02-05T14:31:55","guid":{"rendered":"https:\/\/chahrazadbaby.com\/fr\/?post_type=product&#038;p=59586"},"modified":"2026-02-05T14:58:31","modified_gmt":"2026-02-05T14:58:31","slug":"ensemble-garcon-casual-chic-veste-sweat-jean","status":"publish","type":"product","link":"https:\/\/chahrazadbaby.com\/en\/produit\/ensemble-garcon-casual-chic-veste-sweat-jean\/","title":{"rendered":"Ensemble Gar\u00e7on Casual Chic &#8211; Veste &#8211; sweat &amp; jean"},"content":{"rendered":"<p>Ensemble gar\u00e7on moderne et confortable,<\/p>\n<p>parfait pour le quotidien comme pour les sorties. se compose d&#8217;une veste imperm\u00e9able \u00e0 capuche, d&#8217;un sweat styl\u00e9 et d&#8217;un jean pratique, pour un look \u00e0 la fois tendance et facile \u00e0 porter.<\/p>\n","protected":false},"excerpt":{"rendered":"<p>Ensemble gar\u00e7on moderne et confortable, parfait pour le quotidien comme pour les sorties. se compose d&#8217;une veste imperm\u00e9able \u00e0 capuche, d&#8217;un sweat styl\u00e9 et d&#8217;un jean pratique, pour un look \u00e0 la fois tendance et facile \u00e0 porter.<\/p>\n","protected":false},"featured_media":59578,"template":"","meta":{"pgc_sgb_lightbox_settings":""},"product_brand":[],"product_cat":[81,15,48,150],"product_tag":[],"class_list":{"0":"post-59586","1":"product","2":"type-product","3":"status-publish","4":"has-post-thumbnail","6":"product_cat-bapteme-et-fetes-bebe-garcon","7":"product_cat-bebe-fille","8":"product_cat-bebe-garcon","9":"product_cat-ensembles-bebe-garcon","10":"pa_color-206","11":"pa_color-215","12":"pa_color-233","13":"pa_color-234","14":"pa_color-235","15":"pa_color-236","16":"pa_color-237","17":"pa_color-276","18":"pa_color-207","19":"pa_color-208","20":"pa_color-209","21":"pa_color-210","22":"pa_color-211","23":"pa_color-212","24":"pa_color-213","25":"pa_color-214","27":"first","28":"instock","29":"sale","30":"shipping-taxable","31":"purchasable","32":"product-type-variable"},"bundled_by":[],"bundle_stock_status":"instock","bundle_stock_quantity":null,"bundle_virtual":false,"bundle_layout":"","bundle_add_to_cart_form_location":"","bundle_editable_in_cart":false,"bundle_sold_individually_context":"","bundle_item_grouping":"","bundle_min_size":"","bundle_max_size":"","bundle_price":[],"bundled_items":[],"bundle_sell_ids":[],"jetpack_sharing_enabled":true,"_links":{"self":[{"href":"https:\/\/chahrazadbaby.com\/en\/wp-json\/wp\/v2\/product\/59586","targetHints":{"allow":["GET"]}}],"collection":[{"href":"https:\/\/chahrazadbaby.com\/en\/wp-json\/wp\/v2\/product"}],"about":[{"href":"https:\/\/chahrazadbaby.com\/en\/wp-json\/wp\/v2\/types\/product"}],"wp:featuredmedia":[{"embeddable":true,"href":"https:\/\/chahrazadbaby.com\/en\/wp-json\/wp\/v2\/media\/59578"}],"wp:attachment":[{"href":"https:\/\/chahrazadbaby.com\/en\/wp-json\/wp\/v2\/media?parent=59586"}],"wp:term":[{"taxonomy":"product_brand","embeddable":true,"href":"https:\/\/chahrazadbaby.com\/en\/wp-json\/wp\/v2\/product_brand?post=59586"},{"taxonomy":"product_cat","embeddable":true,"href":"https:\/\/chahrazadbaby.com\/en\/wp-json\/wp\/v2\/product_cat?post=59586"},{"taxonomy":"product_tag","embeddable":true,"href":"https:\/\/chahrazadbaby.com\/en\/wp-json\/wp\/v2\/product_tag?post=59586"}],"curies":[{"name":"wp","href":"https:\/\/api.w.org\/{rel}","templated":true}]}}