{"id":59500,"date":"2026-01-30T19:47:41","date_gmt":"2026-01-30T19:47:41","guid":{"rendered":"https:\/\/chahrazadbaby.com\/fr\/?post_type=product&#038;p=59500"},"modified":"2026-03-22T15:27:20","modified_gmt":"2026-03-22T15:27:20","slug":"pack-cadeau-extra-joy-pour-bebe-grenouillere-nid-dange","status":"publish","type":"product","link":"https:\/\/chahrazadbaby.com\/en\/produit\/pack-cadeau-extra-joy-pour-bebe-grenouillere-nid-dange\/","title":{"rendered":"Pack Cadeau &#8220;Extra Joy&#8221; pour B\u00e9b\u00e9 &#8211; grenouill\u00e8re + nid d&#8217;ange"},"content":{"rendered":"<p>\u00ab Offrez un cadeau inoubliable \u00e0 l\u2019arriv\u00e9e d\u2019un nouveau-n\u00e9! Notre Pack Cadeau Extra Joy contient :<\/p>\n<p>\ud83e\uddf8 une grenouill\u00e8re<\/p>\n<p>\ud83e\uddf8 un nid d&#8217;ange<\/p>\n<p>aux couleurs douces et avec une pr\u00e9sentation soign\u00e9e, pr\u00eat \u00e0 offrir. Chaque d\u00e9tail a \u00e9t\u00e9 pens\u00e9 pour apporter chaleur et bonheur d\u00e8s les premiers instants.<\/p>\n<p>Quantit\u00e9s limit\u00e9es !!!<\/p>\n<p>tailles :<\/p>\n<p>0.3\/3.6\/6.9mois<\/p>\n","protected":false},"excerpt":{"rendered":"<p>\u00ab Offrez un cadeau inoubliable \u00e0 l\u2019arriv\u00e9e d\u2019un nouveau-n\u00e9! Notre Pack Cadeau Extra Joy contient : \ud83e\uddf8 une grenouill\u00e8re \ud83e\uddf8 un nid d&#8217;ange aux couleurs douces et avec une pr\u00e9sentation soign\u00e9e, pr\u00eat \u00e0 offrir. Chaque d\u00e9tail a \u00e9t\u00e9 pens\u00e9 pour apporter chaleur et bonheur d\u00e8s les premiers instants. Quantit\u00e9s limit\u00e9es !!! tailles : 0.3\/3.6\/6.9mois<\/p>\n","protected":false},"featured_media":59742,"template":"","meta":{"pgc_sgb_lightbox_settings":""},"product_brand":[],"product_cat":[15,48,43,67,75],"product_tag":[],"class_list":{"0":"post-59500","1":"product","2":"type-product","3":"status-publish","4":"has-post-thumbnail","6":"product_cat-bebe-fille","7":"product_cat-bebe-garcon","8":"product_cat-idee-cadeaux","9":"product_cat-pack-sortie-clinique","10":"product_cat-pack-sortie-clinique-bebe-garcon","11":"pa_color-bleu","12":"pa_color-rose","14":"first","15":"instock","16":"sale","17":"shipping-taxable","18":"purchasable","19":"product-type-variable"},"bundled_by":[],"bundle_stock_status":"instock","bundle_stock_quantity":94,"bundle_virtual":false,"bundle_layout":"","bundle_add_to_cart_form_location":"","bundle_editable_in_cart":false,"bundle_sold_individually_context":"","bundle_item_grouping":"","bundle_min_size":"","bundle_max_size":"","bundle_price":[],"bundled_items":[],"bundle_sell_ids":[],"jetpack_sharing_enabled":true,"_links":{"self":[{"href":"https:\/\/chahrazadbaby.com\/en\/wp-json\/wp\/v2\/product\/59500","targetHints":{"allow":["GET"]}}],"collection":[{"href":"https:\/\/chahrazadbaby.com\/en\/wp-json\/wp\/v2\/product"}],"about":[{"href":"https:\/\/chahrazadbaby.com\/en\/wp-json\/wp\/v2\/types\/product"}],"wp:featuredmedia":[{"embeddable":true,"href":"https:\/\/chahrazadbaby.com\/en\/wp-json\/wp\/v2\/media\/59742"}],"wp:attachment":[{"href":"https:\/\/chahrazadbaby.com\/en\/wp-json\/wp\/v2\/media?parent=59500"}],"wp:term":[{"taxonomy":"product_brand","embeddable":true,"href":"https:\/\/chahrazadbaby.com\/en\/wp-json\/wp\/v2\/product_brand?post=59500"},{"taxonomy":"product_cat","embeddable":true,"href":"https:\/\/chahrazadbaby.com\/en\/wp-json\/wp\/v2\/product_cat?post=59500"},{"taxonomy":"product_tag","embeddable":true,"href":"https:\/\/chahrazadbaby.com\/en\/wp-json\/wp\/v2\/product_tag?post=59500"}],"curies":[{"name":"wp","href":"https:\/\/api.w.org\/{rel}","templated":true}]}}