{"id":59291,"date":"2026-01-20T18:44:40","date_gmt":"2026-01-20T18:44:40","guid":{"rendered":"https:\/\/chahrazadbaby.com\/?post_type=product&#038;p=59291"},"modified":"2026-04-14T14:56:06","modified_gmt":"2026-04-14T14:56:06","slug":"59291","status":"publish","type":"product","link":"https:\/\/chahrazadbaby.com\/en\/produit\/59291\/","title":{"rendered":"Combinaison b\u00e9b\u00e9 cachmere \u00e0 capuche &#8211; Douceur &amp; chaleur"},"content":{"rendered":"<p>D\u00e9tails:<\/p>\n<p>&#8211; Fermeture zipp\u00e9e pratique sur le devant<\/p>\n<p>&#8211; Capuche int\u00e9gr\u00e9e<\/p>\n<p>&#8211; Confort optimal pour l&#8217;hiver et la mi-saison<\/p>\n<p>Tailles disponibles:<\/p>\n<p>&#8211; 0 \/ 3 \/ 6 mois : jambes ferm\u00e9es pour plus de chaleur<\/p>\n<p>&#8211; 9 \/ 12 mois : jambes ouvertes pour plus de libert\u00e9 de mouvement<\/p>\n<p>Cette combinaison b\u00e9b\u00e9 en cachmere doux offre<\/p>\n<p>une sensation de chaleur et de confort incomparable.<\/p>\n<p>Pens\u00e9e pour accompagner b\u00e9b\u00e9 au quotidien, elle s&#8217;adapte \u00e0 chaque \u00e2ge :<\/p>\n<p>les petites tailles sont ferm\u00e9es au niveau des jambes pour bien garder la chaleur, tandis que les tailles plus grandes sont ouvertes pour faciliter les mouvements.<\/p>\n<p>Un indispensable \u00e9l\u00e9gant et pratique, sign\u00e9 Chahrazad Baby<\/p>\n","protected":false},"excerpt":{"rendered":"<p>D\u00e9tails: &#8211; Fermeture zipp\u00e9e pratique sur le devant &#8211; Capuche int\u00e9gr\u00e9e &#8211; Confort optimal pour l&#8217;hiver et la mi-saison Tailles disponibles: &#8211; 0 \/ 3 \/ 6 mois : jambes ferm\u00e9es pour plus de chaleur &#8211; 9 \/ 12 mois : jambes ouvertes pour plus de libert\u00e9 de mouvement Cette combinaison b\u00e9b\u00e9 en cachmere doux&#8230;<a class=\"r_more_blog\" href=\"https:\/\/chahrazadbaby.com\/en\/produit\/59291\/#more-59291\"> continue reading<\/a><\/p>\n","protected":false},"featured_media":59162,"template":"","meta":{"pgc_sgb_lightbox_settings":""},"product_brand":[],"product_cat":[15,48,76,68],"product_tag":[],"class_list":{"0":"post-59291","1":"product","2":"type-product","3":"status-publish","4":"has-post-thumbnail","6":"product_cat-bebe-fille","7":"product_cat-bebe-garcon","8":"product_cat-grenouilleres-bebe-garcon-barboteuses-pyjamas","9":"product_cat-grenouillere-barboteuse-et-pyjama","11":"first","12":"instock","13":"sale","14":"shipping-taxable","15":"purchasable","16":"product-type-variable"},"bundled_by":[],"bundle_stock_status":"instock","bundle_stock_quantity":4,"bundle_virtual":false,"bundle_layout":"","bundle_add_to_cart_form_location":"","bundle_editable_in_cart":false,"bundle_sold_individually_context":"","bundle_item_grouping":"","bundle_min_size":"","bundle_max_size":"","bundle_price":[],"bundled_items":[],"bundle_sell_ids":[],"jetpack_sharing_enabled":true,"_links":{"self":[{"href":"https:\/\/chahrazadbaby.com\/en\/wp-json\/wp\/v2\/product\/59291","targetHints":{"allow":["GET"]}}],"collection":[{"href":"https:\/\/chahrazadbaby.com\/en\/wp-json\/wp\/v2\/product"}],"about":[{"href":"https:\/\/chahrazadbaby.com\/en\/wp-json\/wp\/v2\/types\/product"}],"wp:featuredmedia":[{"embeddable":true,"href":"https:\/\/chahrazadbaby.com\/en\/wp-json\/wp\/v2\/media\/59162"}],"wp:attachment":[{"href":"https:\/\/chahrazadbaby.com\/en\/wp-json\/wp\/v2\/media?parent=59291"}],"wp:term":[{"taxonomy":"product_brand","embeddable":true,"href":"https:\/\/chahrazadbaby.com\/en\/wp-json\/wp\/v2\/product_brand?post=59291"},{"taxonomy":"product_cat","embeddable":true,"href":"https:\/\/chahrazadbaby.com\/en\/wp-json\/wp\/v2\/product_cat?post=59291"},{"taxonomy":"product_tag","embeddable":true,"href":"https:\/\/chahrazadbaby.com\/en\/wp-json\/wp\/v2\/product_tag?post=59291"}],"curies":[{"name":"wp","href":"https:\/\/api.w.org\/{rel}","templated":true}]}}