{"id":59038,"date":"2026-01-06T20:46:57","date_gmt":"2026-01-06T20:46:57","guid":{"rendered":"https:\/\/chahrazadbaby.com\/fr\/?post_type=product&#038;p=59038"},"modified":"2026-01-09T17:02:26","modified_gmt":"2026-01-09T17:02:26","slug":"pack-clinique-tenues-essentielles-pour-bebe","status":"publish","type":"product","link":"https:\/\/chahrazadbaby.com\/en\/produit\/pack-clinique-tenues-essentielles-pour-bebe\/","title":{"rendered":"Pack Clinique &#8211; Tenues essentielles pour b\u00e9b\u00e9"},"content":{"rendered":"<p>Pack pratique et complet contenant toutes les tenues indispensables pour b\u00e9b\u00e9 durant le s\u00e9jour \u00e0 la clinique. Confectionn\u00e9 en coton doux et confortable, respectueux de la peau d\u00e9licate du nouveau-n\u00e9, id\u00e9al d\u00e8s le premier jour.<\/p>\n","protected":false},"excerpt":{"rendered":"<p>Pack pratique et complet contenant toutes les tenues indispensables pour b\u00e9b\u00e9 durant le s\u00e9jour \u00e0 la clinique. Confectionn\u00e9 en coton doux et confortable, respectueux de la peau d\u00e9licate du nouveau-n\u00e9, id\u00e9al d\u00e8s le premier jour.<\/p>\n","protected":false},"featured_media":59034,"template":"","meta":{"pgc_sgb_lightbox_settings":""},"product_brand":[],"product_cat":[15,149,68,43,67],"product_tag":[],"class_list":{"0":"post-59038","1":"product","2":"type-product","3":"status-publish","4":"has-post-thumbnail","6":"product_cat-bebe-fille","7":"product_cat-ensembles","8":"product_cat-grenouillere-barboteuse-et-pyjama","9":"product_cat-idee-cadeaux","10":"product_cat-pack-sortie-clinique","12":"first","13":"instock","14":"sale","15":"shipping-taxable","16":"purchasable","17":"product-type-variable"},"bundled_by":[],"bundle_stock_status":"instock","bundle_stock_quantity":100,"bundle_virtual":false,"bundle_layout":"","bundle_add_to_cart_form_location":"","bundle_editable_in_cart":false,"bundle_sold_individually_context":"","bundle_item_grouping":"","bundle_min_size":"","bundle_max_size":"","bundle_price":[],"bundled_items":[],"bundle_sell_ids":[],"jetpack_sharing_enabled":true,"_links":{"self":[{"href":"https:\/\/chahrazadbaby.com\/en\/wp-json\/wp\/v2\/product\/59038","targetHints":{"allow":["GET"]}}],"collection":[{"href":"https:\/\/chahrazadbaby.com\/en\/wp-json\/wp\/v2\/product"}],"about":[{"href":"https:\/\/chahrazadbaby.com\/en\/wp-json\/wp\/v2\/types\/product"}],"wp:featuredmedia":[{"embeddable":true,"href":"https:\/\/chahrazadbaby.com\/en\/wp-json\/wp\/v2\/media\/59034"}],"wp:attachment":[{"href":"https:\/\/chahrazadbaby.com\/en\/wp-json\/wp\/v2\/media?parent=59038"}],"wp:term":[{"taxonomy":"product_brand","embeddable":true,"href":"https:\/\/chahrazadbaby.com\/en\/wp-json\/wp\/v2\/product_brand?post=59038"},{"taxonomy":"product_cat","embeddable":true,"href":"https:\/\/chahrazadbaby.com\/en\/wp-json\/wp\/v2\/product_cat?post=59038"},{"taxonomy":"product_tag","embeddable":true,"href":"https:\/\/chahrazadbaby.com\/en\/wp-json\/wp\/v2\/product_tag?post=59038"}],"curies":[{"name":"wp","href":"https:\/\/api.w.org\/{rel}","templated":true}]}}