{"id":58770,"date":"2025-12-25T14:52:20","date_gmt":"2025-12-25T14:52:20","guid":{"rendered":"https:\/\/chahrazadbaby.com\/fr\/?post_type=product&#038;p=58770"},"modified":"2026-03-27T13:01:14","modified_gmt":"2026-03-27T13:01:14","slug":"chaussettes-bebe-douces-et-confortables-indispensables-du-quotidien-0-6mois","status":"publish","type":"product","link":"https:\/\/chahrazadbaby.com\/en\/produit\/chaussettes-bebe-douces-et-confortables-indispensables-du-quotidien-0-6mois\/","title":{"rendered":"Chaussettes b\u00e9b\u00e9 douces et confortables &#8211; Indispensables du quotidien 0-6mois"},"content":{"rendered":"<p>Ces chaussettes pour b\u00e9b\u00e9 sont con\u00e7ues pour offrir un maximum de confort et de douceur aux petits pieds d\u00e9licats. Fabriqu\u00e9es dans une mati\u00e8re agr\u00e9able et respirante, elles assurent une bonne tenue sans comprimer.<br \/>\nParfaites pour un usage quotidien, elles gardent les pieds de b\u00e9b\u00e9 bien au chaud tout en s\u2019adaptant facilement \u00e0 toutes les tenues.<br \/>\nUn essentiel pratique et confortable, id\u00e9al d\u00e8s la naissance.<\/p>\n","protected":false},"excerpt":{"rendered":"<p>Ces chaussettes pour b\u00e9b\u00e9 sont con\u00e7ues pour offrir un maximum de confort et de douceur aux petits pieds d\u00e9licats. Fabriqu\u00e9es dans une mati\u00e8re agr\u00e9able et respirante, elles assurent une bonne tenue sans comprimer. Parfaites pour un usage quotidien, elles gardent les pieds de b\u00e9b\u00e9 bien au chaud tout en s\u2019adaptant facilement \u00e0 toutes les tenues&#8230;.<a class=\"r_more_blog\" href=\"https:\/\/chahrazadbaby.com\/en\/produit\/chaussettes-bebe-douces-et-confortables-indispensables-du-quotidien-0-6mois\/#more-58770\"> continue reading<\/a><\/p>\n","protected":false},"featured_media":58766,"template":"","meta":{"pgc_sgb_lightbox_settings":""},"product_brand":[],"product_cat":[71,79,15,48,43],"product_tag":[],"class_list":{"0":"post-58770","1":"product","2":"type-product","3":"status-publish","4":"has-post-thumbnail","6":"product_cat-accessoires-bebe","7":"product_cat-accessoires-bebe-bebe-garcon","8":"product_cat-bebe-fille","9":"product_cat-bebe-garcon","10":"product_cat-idee-cadeaux","11":"pa_color-biege","12":"pa_color-blanc-casse","13":"pa_color-caramel","14":"pa_color-marron","16":"first","17":"instock","18":"sale","19":"shipping-taxable","20":"purchasable","21":"product-type-variable"},"bundled_by":[],"bundle_stock_status":"instock","bundle_stock_quantity":90,"bundle_virtual":false,"bundle_layout":"","bundle_add_to_cart_form_location":"","bundle_editable_in_cart":false,"bundle_sold_individually_context":"","bundle_item_grouping":"","bundle_min_size":"","bundle_max_size":"","bundle_price":[],"bundled_items":[],"bundle_sell_ids":[],"jetpack_sharing_enabled":true,"_links":{"self":[{"href":"https:\/\/chahrazadbaby.com\/en\/wp-json\/wp\/v2\/product\/58770","targetHints":{"allow":["GET"]}}],"collection":[{"href":"https:\/\/chahrazadbaby.com\/en\/wp-json\/wp\/v2\/product"}],"about":[{"href":"https:\/\/chahrazadbaby.com\/en\/wp-json\/wp\/v2\/types\/product"}],"wp:featuredmedia":[{"embeddable":true,"href":"https:\/\/chahrazadbaby.com\/en\/wp-json\/wp\/v2\/media\/58766"}],"wp:attachment":[{"href":"https:\/\/chahrazadbaby.com\/en\/wp-json\/wp\/v2\/media?parent=58770"}],"wp:term":[{"taxonomy":"product_brand","embeddable":true,"href":"https:\/\/chahrazadbaby.com\/en\/wp-json\/wp\/v2\/product_brand?post=58770"},{"taxonomy":"product_cat","embeddable":true,"href":"https:\/\/chahrazadbaby.com\/en\/wp-json\/wp\/v2\/product_cat?post=58770"},{"taxonomy":"product_tag","embeddable":true,"href":"https:\/\/chahrazadbaby.com\/en\/wp-json\/wp\/v2\/product_tag?post=58770"}],"curies":[{"name":"wp","href":"https:\/\/api.w.org\/{rel}","templated":true}]}}