{"id":58263,"date":"2025-12-05T12:43:51","date_gmt":"2025-12-05T12:43:51","guid":{"rendered":"https:\/\/chahrazadbaby.com\/fr\/?post_type=product&#038;p=58263"},"modified":"2026-04-13T13:03:28","modified_gmt":"2026-04-13T13:03:28","slug":"nid-dange-bebe-brode-doux-confortable","status":"publish","type":"product","link":"https:\/\/chahrazadbaby.com\/en\/produit\/nid-dange-bebe-brode-doux-confortable\/","title":{"rendered":"Nid d\u2019ange b\u00e9b\u00e9 brod\u00e9 \u2013 Doux &amp; Confortable"},"content":{"rendered":"<p>Offrez \u00e0 votre nouveau-n\u00e9 un cocon de douceur avec notre nid d\u2019ange d\u00e9licatement brod\u00e9. Con\u00e7u en tissu ultra-doux avec une doublure chaude en fourrure, il garde b\u00e9b\u00e9 bien au chaud tout en lui donnant un maximum de confort.<br \/>\nLa broderie dor\u00e9e ajoute une touche \u00e9l\u00e9gante et unique, parfaite pour les sorties, les photos ou comme cadeau de naissance.<br \/>\nFermeture pratique, mati\u00e8re respirante et adapt\u00e9e d\u00e8s la naissance.<\/p>\n<p>45cm\u00d770cm<\/p>\n","protected":false},"excerpt":{"rendered":"<p>Offrez \u00e0 votre nouveau-n\u00e9 un cocon de douceur avec notre nid d\u2019ange d\u00e9licatement brod\u00e9. Con\u00e7u en tissu ultra-doux avec une doublure chaude en fourrure, il garde b\u00e9b\u00e9 bien au chaud tout en lui donnant un maximum de confort. La broderie dor\u00e9e ajoute une touche \u00e9l\u00e9gante et unique, parfaite pour les sorties, les photos ou comme&#8230;<a class=\"r_more_blog\" href=\"https:\/\/chahrazadbaby.com\/en\/produit\/nid-dange-bebe-brode-doux-confortable\/#more-58263\"> continue reading<\/a><\/p>\n","protected":false},"featured_media":58259,"template":"","meta":{"pgc_sgb_lightbox_settings":""},"product_brand":[],"product_cat":[81,73,15,48,77,69,43,75,67,167],"product_tag":[],"class_list":{"0":"post-58263","1":"product","2":"type-product","3":"status-publish","4":"has-post-thumbnail","6":"product_cat-bapteme-et-fetes-bebe-garcon","7":"product_cat-bapteme-et-fetes","8":"product_cat-bebe-fille","9":"product_cat-bebe-garcon","10":"product_cat-couverture-drap-bebe-garcon","11":"product_cat-couverture-drap","12":"product_cat-idee-cadeaux","13":"product_cat-pack-sortie-clinique-bebe-garcon","14":"product_cat-pack-sortie-clinique","15":"product_cat-vetements-personnalises-pour-bebe","16":"pa_color-bleu","17":"pa_color-rose","19":"first","20":"instock","21":"sale","22":"shipping-taxable","23":"purchasable","24":"product-type-variable"},"bundled_by":[],"bundle_stock_status":"instock","bundle_stock_quantity":79,"bundle_virtual":false,"bundle_layout":"","bundle_add_to_cart_form_location":"","bundle_editable_in_cart":false,"bundle_sold_individually_context":"","bundle_item_grouping":"","bundle_min_size":"","bundle_max_size":"","bundle_price":[],"bundled_items":[],"bundle_sell_ids":[],"jetpack_sharing_enabled":true,"_links":{"self":[{"href":"https:\/\/chahrazadbaby.com\/en\/wp-json\/wp\/v2\/product\/58263","targetHints":{"allow":["GET"]}}],"collection":[{"href":"https:\/\/chahrazadbaby.com\/en\/wp-json\/wp\/v2\/product"}],"about":[{"href":"https:\/\/chahrazadbaby.com\/en\/wp-json\/wp\/v2\/types\/product"}],"wp:featuredmedia":[{"embeddable":true,"href":"https:\/\/chahrazadbaby.com\/en\/wp-json\/wp\/v2\/media\/58259"}],"wp:attachment":[{"href":"https:\/\/chahrazadbaby.com\/en\/wp-json\/wp\/v2\/media?parent=58263"}],"wp:term":[{"taxonomy":"product_brand","embeddable":true,"href":"https:\/\/chahrazadbaby.com\/en\/wp-json\/wp\/v2\/product_brand?post=58263"},{"taxonomy":"product_cat","embeddable":true,"href":"https:\/\/chahrazadbaby.com\/en\/wp-json\/wp\/v2\/product_cat?post=58263"},{"taxonomy":"product_tag","embeddable":true,"href":"https:\/\/chahrazadbaby.com\/en\/wp-json\/wp\/v2\/product_tag?post=58263"}],"curies":[{"name":"wp","href":"https:\/\/api.w.org\/{rel}","templated":true}]}}