{"id":58175,"date":"2025-12-03T15:37:41","date_gmt":"2025-12-03T15:37:41","guid":{"rendered":"https:\/\/chahrazadbaby.com\/fr\/?post_type=product&#038;p=58175"},"modified":"2026-01-24T12:06:43","modified_gmt":"2026-01-24T12:06:43","slug":"ensemble-pyajam-2ps-bebe-100-coton-super-douce","status":"publish","type":"product","link":"https:\/\/chahrazadbaby.com\/en\/produit\/ensemble-pyajam-2ps-bebe-100-coton-super-douce\/","title":{"rendered":"Ensemble Pyajam 2ps B\u00e9b\u00e9 100% Coton super douce"},"content":{"rendered":"<p>Craquez pour notre ensemble tricot\u00e9 ultra-doux, parfait pour garder b\u00e9b\u00e9 bien au chaud avec \u00e9l\u00e9gance. Con\u00e7u en maille fine et respirante, il offre un confort optimal tout au long de la journ\u00e9e. Son design d\u00e9licat, ses jolis boutons et ses couleurs pastel apportent une touche chic et intemporelle. Id\u00e9al pour les sorties comme pour la maison. Disponible en plusieurs couleurs.<\/p>\n<p>100% coton<\/p>\n<p>0.3\/3.6\/6.9mois<\/p>\n","protected":false},"excerpt":{"rendered":"<p>Craquez pour notre ensemble tricot\u00e9 ultra-doux, parfait pour garder b\u00e9b\u00e9 bien au chaud avec \u00e9l\u00e9gance. Con\u00e7u en maille fine et respirante, il offre un confort optimal tout au long de la journ\u00e9e. Son design d\u00e9licat, ses jolis boutons et ses couleurs pastel apportent une touche chic et intemporelle. Id\u00e9al pour les sorties comme pour la&#8230;<a class=\"r_more_blog\" href=\"https:\/\/chahrazadbaby.com\/en\/produit\/ensemble-pyajam-2ps-bebe-100-coton-super-douce\/#more-58175\"> continue reading<\/a><\/p>\n","protected":false},"featured_media":58173,"template":"","meta":{"pgc_sgb_lightbox_settings":""},"product_brand":[],"product_cat":[15],"product_tag":[],"class_list":{"0":"post-58175","1":"product","2":"type-product","3":"status-publish","4":"has-post-thumbnail","6":"product_cat-bebe-fille","7":"pa_color-bleu-ciel","8":"pa_color-rose-bebe","9":"pa_color-rose-poudre","11":"first","12":"instock","13":"sale","14":"shipping-taxable","15":"purchasable","16":"product-type-variable"},"bundled_by":[],"bundle_stock_status":"instock","bundle_stock_quantity":null,"bundle_virtual":false,"bundle_layout":"","bundle_add_to_cart_form_location":"","bundle_editable_in_cart":false,"bundle_sold_individually_context":"","bundle_item_grouping":"","bundle_min_size":"","bundle_max_size":"","bundle_price":[],"bundled_items":[],"bundle_sell_ids":[],"jetpack_sharing_enabled":true,"_links":{"self":[{"href":"https:\/\/chahrazadbaby.com\/en\/wp-json\/wp\/v2\/product\/58175","targetHints":{"allow":["GET"]}}],"collection":[{"href":"https:\/\/chahrazadbaby.com\/en\/wp-json\/wp\/v2\/product"}],"about":[{"href":"https:\/\/chahrazadbaby.com\/en\/wp-json\/wp\/v2\/types\/product"}],"wp:featuredmedia":[{"embeddable":true,"href":"https:\/\/chahrazadbaby.com\/en\/wp-json\/wp\/v2\/media\/58173"}],"wp:attachment":[{"href":"https:\/\/chahrazadbaby.com\/en\/wp-json\/wp\/v2\/media?parent=58175"}],"wp:term":[{"taxonomy":"product_brand","embeddable":true,"href":"https:\/\/chahrazadbaby.com\/en\/wp-json\/wp\/v2\/product_brand?post=58175"},{"taxonomy":"product_cat","embeddable":true,"href":"https:\/\/chahrazadbaby.com\/en\/wp-json\/wp\/v2\/product_cat?post=58175"},{"taxonomy":"product_tag","embeddable":true,"href":"https:\/\/chahrazadbaby.com\/en\/wp-json\/wp\/v2\/product_tag?post=58175"}],"curies":[{"name":"wp","href":"https:\/\/api.w.org\/{rel}","templated":true}]}}