{"id":58071,"date":"2025-12-01T20:53:38","date_gmt":"2025-12-01T20:53:38","guid":{"rendered":"https:\/\/chahrazadbaby.com\/fr\/?post_type=product&#038;p=58071"},"modified":"2026-04-12T21:03:43","modified_gmt":"2026-04-12T21:03:43","slug":"ensemble-bebe-100-coton-grenouillere-tricote","status":"publish","type":"product","link":"https:\/\/chahrazadbaby.com\/en\/produit\/ensemble-bebe-100-coton-grenouillere-tricote\/","title":{"rendered":"Ensemble B\u00e9b\u00e9 100% Coton- grenouill\u00e8re tricot\u00e9"},"content":{"rendered":"<p>Ensemble doux et respirant en 100% coton, parfait pour la peau sensible de b\u00e9b\u00e9. Confortable, l\u00e9ger et id\u00e9al pour un usage quotidien.<br \/>\nTailles : 0-3 \/ 3-6 \/ 6-9 mois.<\/p>\n","protected":false},"excerpt":{"rendered":"<p>Ensemble doux et respirant en 100% coton, parfait pour la peau sensible de b\u00e9b\u00e9. Confortable, l\u00e9ger et id\u00e9al pour un usage quotidien. Tailles : 0-3 \/ 3-6 \/ 6-9 mois.<\/p>\n","protected":false},"featured_media":60485,"template":"","meta":{"pgc_sgb_lightbox_settings":""},"product_brand":[],"product_cat":[15],"product_tag":[],"class_list":{"0":"post-58071","1":"product","2":"type-product","3":"status-publish","4":"has-post-thumbnail","6":"product_cat-bebe-fille","7":"pa_color-blanc","8":"pa_color-bleu","9":"pa_color-rose","11":"first","12":"instock","13":"sale","14":"shipping-taxable","15":"purchasable","16":"product-type-variable"},"bundled_by":[],"bundle_stock_status":"instock","bundle_stock_quantity":null,"bundle_virtual":false,"bundle_layout":"","bundle_add_to_cart_form_location":"","bundle_editable_in_cart":false,"bundle_sold_individually_context":"","bundle_item_grouping":"","bundle_min_size":"","bundle_max_size":"","bundle_price":[],"bundled_items":[],"bundle_sell_ids":[],"jetpack_sharing_enabled":true,"_links":{"self":[{"href":"https:\/\/chahrazadbaby.com\/en\/wp-json\/wp\/v2\/product\/58071","targetHints":{"allow":["GET"]}}],"collection":[{"href":"https:\/\/chahrazadbaby.com\/en\/wp-json\/wp\/v2\/product"}],"about":[{"href":"https:\/\/chahrazadbaby.com\/en\/wp-json\/wp\/v2\/types\/product"}],"wp:featuredmedia":[{"embeddable":true,"href":"https:\/\/chahrazadbaby.com\/en\/wp-json\/wp\/v2\/media\/60485"}],"wp:attachment":[{"href":"https:\/\/chahrazadbaby.com\/en\/wp-json\/wp\/v2\/media?parent=58071"}],"wp:term":[{"taxonomy":"product_brand","embeddable":true,"href":"https:\/\/chahrazadbaby.com\/en\/wp-json\/wp\/v2\/product_brand?post=58071"},{"taxonomy":"product_cat","embeddable":true,"href":"https:\/\/chahrazadbaby.com\/en\/wp-json\/wp\/v2\/product_cat?post=58071"},{"taxonomy":"product_tag","embeddable":true,"href":"https:\/\/chahrazadbaby.com\/en\/wp-json\/wp\/v2\/product_tag?post=58071"}],"curies":[{"name":"wp","href":"https:\/\/api.w.org\/{rel}","templated":true}]}}