{"id":57799,"date":"2025-11-27T13:14:34","date_gmt":"2025-11-27T13:14:34","guid":{"rendered":"https:\/\/chahrazadbaby.com\/fr\/?post_type=product&#038;p=57799"},"modified":"2026-03-17T22:31:48","modified_gmt":"2026-03-17T22:31:48","slug":"ensemble-dhiver-bebe-100-coton-hoodie-et-pantalon-bebe-motifs-adorables","status":"publish","type":"product","link":"https:\/\/chahrazadbaby.com\/en\/produit\/ensemble-dhiver-bebe-100-coton-hoodie-et-pantalon-bebe-motifs-adorables\/","title":{"rendered":"Ensemble d&#8217;Hiver B\u00e9b\u00e9 100% Coton hoodie et pantalon b\u00e9b\u00e9 motifs adorables"},"content":{"rendered":"<p>Craquez pour cet ensemble d\u2019hiver ultra doux en 100% coton, parfait pour garder b\u00e9b\u00e9 bien au chaud tout en douceur.<\/p>\n<p>Compos\u00e9 d\u2019un sweat \u00e0 manches longues et d\u2019un pantalon confortable, il offre une libert\u00e9 de mouvement id\u00e9ale pour les petits explorateurs.<\/p>\n<p>Disponible en plusieurs couleurs tendres et tailles (6-9M, 9-12M, 12-18M, 18-24M), cet ensemble est un indispensable du dressing hivernal.<\/p>\n<p>\u2728 Doux, respirant et facile \u00e0 enfiler \u2014 le combo parfait pour un look cocooning<\/p>\n","protected":false},"excerpt":{"rendered":"<p>Craquez pour cet ensemble d\u2019hiver ultra doux en 100% coton, parfait pour garder b\u00e9b\u00e9 bien au chaud tout en douceur. Compos\u00e9 d\u2019un sweat \u00e0 manches longues et d\u2019un pantalon confortable, il offre une libert\u00e9 de mouvement id\u00e9ale pour les petits explorateurs. Disponible en plusieurs couleurs tendres et tailles (6-9M, 9-12M, 12-18M, 18-24M), cet ensemble est&#8230;<a class=\"r_more_blog\" href=\"https:\/\/chahrazadbaby.com\/en\/produit\/ensemble-dhiver-bebe-100-coton-hoodie-et-pantalon-bebe-motifs-adorables\/#more-57799\"> continue reading<\/a><\/p>\n","protected":false},"featured_media":57802,"template":"","meta":{"pgc_sgb_lightbox_settings":""},"product_brand":[],"product_cat":[15,48,149,150,76,68],"product_tag":[],"class_list":{"0":"post-57799","1":"product","2":"type-product","3":"status-publish","4":"has-post-thumbnail","6":"product_cat-bebe-fille","7":"product_cat-bebe-garcon","8":"product_cat-ensembles","9":"product_cat-ensembles-bebe-garcon","10":"product_cat-grenouilleres-bebe-garcon-barboteuses-pyjamas","11":"product_cat-grenouillere-barboteuse-et-pyjama","12":"pa_color-206","13":"pa_color-215","14":"pa_color-233","15":"pa_color-207","16":"pa_color-208","17":"pa_color-209","18":"pa_color-210","19":"pa_color-211","20":"pa_color-212","21":"pa_color-213","22":"pa_color-214","24":"first","25":"instock","26":"sale","27":"shipping-taxable","28":"purchasable","29":"product-type-variable"},"bundled_by":[],"bundle_stock_status":"instock","bundle_stock_quantity":32,"bundle_virtual":false,"bundle_layout":"","bundle_add_to_cart_form_location":"","bundle_editable_in_cart":false,"bundle_sold_individually_context":"","bundle_item_grouping":"","bundle_min_size":"","bundle_max_size":"","bundle_price":[],"bundled_items":[],"bundle_sell_ids":[],"jetpack_sharing_enabled":true,"_links":{"self":[{"href":"https:\/\/chahrazadbaby.com\/en\/wp-json\/wp\/v2\/product\/57799","targetHints":{"allow":["GET"]}}],"collection":[{"href":"https:\/\/chahrazadbaby.com\/en\/wp-json\/wp\/v2\/product"}],"about":[{"href":"https:\/\/chahrazadbaby.com\/en\/wp-json\/wp\/v2\/types\/product"}],"wp:featuredmedia":[{"embeddable":true,"href":"https:\/\/chahrazadbaby.com\/en\/wp-json\/wp\/v2\/media\/57802"}],"wp:attachment":[{"href":"https:\/\/chahrazadbaby.com\/en\/wp-json\/wp\/v2\/media?parent=57799"}],"wp:term":[{"taxonomy":"product_brand","embeddable":true,"href":"https:\/\/chahrazadbaby.com\/en\/wp-json\/wp\/v2\/product_brand?post=57799"},{"taxonomy":"product_cat","embeddable":true,"href":"https:\/\/chahrazadbaby.com\/en\/wp-json\/wp\/v2\/product_cat?post=57799"},{"taxonomy":"product_tag","embeddable":true,"href":"https:\/\/chahrazadbaby.com\/en\/wp-json\/wp\/v2\/product_tag?post=57799"}],"curies":[{"name":"wp","href":"https:\/\/api.w.org\/{rel}","templated":true}]}}