{"id":57116,"date":"2025-11-11T23:58:52","date_gmt":"2025-11-11T23:58:52","guid":{"rendered":"https:\/\/chahrazadbaby.com\/fr\/?post_type=product&#038;p=57116"},"modified":"2026-03-28T08:33:43","modified_gmt":"2026-03-28T08:33:43","slug":"ensemble-pyjama-2-ps-tricote-doux-pour-bebe-chaud","status":"publish","type":"product","link":"https:\/\/chahrazadbaby.com\/en\/produit\/ensemble-pyjama-2-ps-tricote-doux-pour-bebe-chaud\/","title":{"rendered":"Ensemble \/ pyjama 2 ps tricot\u00e9 doux pour b\u00e9b\u00e9  chaud"},"content":{"rendered":"<p>Craquez pour cet adorable ensemble tricot\u00e9, parfait pour garder votre b\u00e9b\u00e9 bien au chaud tout l\u2019hiver.  Doux et respirant, il assure confort et \u00e9l\u00e9gance \u00e0 votre petit tr\u00e9sor.<br \/>\nDisponible en 4 coloris raffin\u00e9s : beige, rose poudr\u00e9, \u00e9cru et bleu royal.<br \/>\nD\u00e9tails boutons sur l\u2019\u00e9paule pour un habillage facile.<br \/>\nUn look cocooning irr\u00e9sistible sign\u00e9 Chahrazad Baby \ud83d\udc9b<\/p>\n<p>\ud83d\udc49 Tailles : 0.3 mois | 3.6 mois | 6-9 mois | 9-12 mois<\/p>\n<p>\ud83c\udf3f Id\u00e9al pour les journ\u00e9es fra\u00eeches et les sorties d\u2019hiver.<\/p>\n","protected":false},"excerpt":{"rendered":"<p>Craquez pour cet adorable ensemble tricot\u00e9, parfait pour garder votre b\u00e9b\u00e9 bien au chaud tout l\u2019hiver. Doux et respirant, il assure confort et \u00e9l\u00e9gance \u00e0 votre petit tr\u00e9sor. Disponible en 4 coloris raffin\u00e9s : beige, rose poudr\u00e9, \u00e9cru et bleu royal. D\u00e9tails boutons sur l\u2019\u00e9paule pour un habillage facile. Un look cocooning irr\u00e9sistible sign\u00e9 Chahrazad&#8230;<a class=\"r_more_blog\" href=\"https:\/\/chahrazadbaby.com\/en\/produit\/ensemble-pyjama-2-ps-tricote-doux-pour-bebe-chaud\/#more-57116\"> continue reading<\/a><\/p>\n","protected":false},"featured_media":57114,"template":"","meta":{"pgc_sgb_lightbox_settings":""},"product_brand":[],"product_cat":[15,48,76,68],"product_tag":[],"class_list":{"0":"post-57116","1":"product","2":"type-product","3":"status-publish","4":"has-post-thumbnail","6":"product_cat-bebe-fille","7":"product_cat-bebe-garcon","8":"product_cat-grenouilleres-bebe-garcon-barboteuses-pyjamas","9":"product_cat-grenouillere-barboteuse-et-pyjama","10":"pa_color-biege","11":"pa_color-blanc-casse","12":"pa_color-bleu","13":"pa_color-rose","15":"first","16":"instock","17":"sale","18":"shipping-taxable","19":"purchasable","20":"product-type-variable"},"bundled_by":[],"bundle_stock_status":"instock","bundle_stock_quantity":null,"bundle_virtual":false,"bundle_layout":"","bundle_add_to_cart_form_location":"","bundle_editable_in_cart":false,"bundle_sold_individually_context":"","bundle_item_grouping":"","bundle_min_size":"","bundle_max_size":"","bundle_price":[],"bundled_items":[],"bundle_sell_ids":[],"jetpack_sharing_enabled":true,"_links":{"self":[{"href":"https:\/\/chahrazadbaby.com\/en\/wp-json\/wp\/v2\/product\/57116","targetHints":{"allow":["GET"]}}],"collection":[{"href":"https:\/\/chahrazadbaby.com\/en\/wp-json\/wp\/v2\/product"}],"about":[{"href":"https:\/\/chahrazadbaby.com\/en\/wp-json\/wp\/v2\/types\/product"}],"wp:featuredmedia":[{"embeddable":true,"href":"https:\/\/chahrazadbaby.com\/en\/wp-json\/wp\/v2\/media\/57114"}],"wp:attachment":[{"href":"https:\/\/chahrazadbaby.com\/en\/wp-json\/wp\/v2\/media?parent=57116"}],"wp:term":[{"taxonomy":"product_brand","embeddable":true,"href":"https:\/\/chahrazadbaby.com\/en\/wp-json\/wp\/v2\/product_brand?post=57116"},{"taxonomy":"product_cat","embeddable":true,"href":"https:\/\/chahrazadbaby.com\/en\/wp-json\/wp\/v2\/product_cat?post=57116"},{"taxonomy":"product_tag","embeddable":true,"href":"https:\/\/chahrazadbaby.com\/en\/wp-json\/wp\/v2\/product_tag?post=57116"}],"curies":[{"name":"wp","href":"https:\/\/api.w.org\/{rel}","templated":true}]}}