{"id":56914,"date":"2025-11-08T16:44:36","date_gmt":"2025-11-08T16:44:36","guid":{"rendered":"https:\/\/chahrazadbaby.com\/fr\/?post_type=product&#038;p=56914"},"modified":"2026-04-15T14:10:29","modified_gmt":"2026-04-15T14:10:29","slug":"pyjama-grenouillere-bebe-100-coton-double-chaleur-0-9-mois-2","status":"publish","type":"product","link":"https:\/\/chahrazadbaby.com\/en\/produit\/pyjama-grenouillere-bebe-100-coton-double-chaleur-0-9-mois-2\/","title":{"rendered":"Pyjama Grenouill\u00e8re B\u00e9b\u00e9 100% Coton Doubl\u00e9 Chaleur | 0-9 Mois double gaz-Matelass\u00e9"},"content":{"rendered":"<p>Adoptez cette adorable grenouill\u00e8re pour b\u00e9b\u00e9, id\u00e9ale pour garder votre enfant bien au chaud durant les nuits fra\u00eeches.<\/p>\n<p>Composition: 100% Coton avec doublure en laouate (rembourrage l\u00e9ger).<\/p>\n<p>Confort : Tissu matelass\u00e9 ultra-doux et agr\u00e9able au toucher.<\/p>\n<p>Praticit\u00e9: Fermeture \u00e9clair int\u00e9grale pour des changements rapides.<\/p>\n<p>Tailles : Disponible pour O,3\/3,6 et 6,9 mois.<\/p>\n","protected":false},"excerpt":{"rendered":"<p>Adoptez cette adorable grenouill\u00e8re pour b\u00e9b\u00e9, id\u00e9ale pour garder votre enfant bien au chaud durant les nuits fra\u00eeches. Composition: 100% Coton avec doublure en laouate (rembourrage l\u00e9ger). Confort : Tissu matelass\u00e9 ultra-doux et agr\u00e9able au toucher. Praticit\u00e9: Fermeture \u00e9clair int\u00e9grale pour des changements rapides. Tailles : Disponible pour O,3\/3,6 et 6,9 mois.<\/p>\n","protected":false},"featured_media":56937,"template":"","meta":{"pgc_sgb_lightbox_settings":""},"product_brand":[],"product_cat":[15,68,43,67],"product_tag":[],"class_list":{"0":"post-56914","1":"product","2":"type-product","3":"status-publish","4":"has-post-thumbnail","6":"product_cat-bebe-fille","7":"product_cat-grenouillere-barboteuse-et-pyjama","8":"product_cat-idee-cadeaux","9":"product_cat-pack-sortie-clinique","10":"pa_color-camions","11":"pa_color-feuilles-dautomne","12":"pa_color-foret-bleue","13":"pa_color-pingouins","15":"first","16":"instock","17":"sale","18":"shipping-taxable","19":"purchasable","20":"product-type-variable"},"bundled_by":[],"bundle_stock_status":"instock","bundle_stock_quantity":76,"bundle_virtual":false,"bundle_layout":"","bundle_add_to_cart_form_location":"","bundle_editable_in_cart":false,"bundle_sold_individually_context":"","bundle_item_grouping":"","bundle_min_size":"","bundle_max_size":"","bundle_price":[],"bundled_items":[],"bundle_sell_ids":[],"jetpack_sharing_enabled":true,"_links":{"self":[{"href":"https:\/\/chahrazadbaby.com\/en\/wp-json\/wp\/v2\/product\/56914","targetHints":{"allow":["GET"]}}],"collection":[{"href":"https:\/\/chahrazadbaby.com\/en\/wp-json\/wp\/v2\/product"}],"about":[{"href":"https:\/\/chahrazadbaby.com\/en\/wp-json\/wp\/v2\/types\/product"}],"wp:featuredmedia":[{"embeddable":true,"href":"https:\/\/chahrazadbaby.com\/en\/wp-json\/wp\/v2\/media\/56937"}],"wp:attachment":[{"href":"https:\/\/chahrazadbaby.com\/en\/wp-json\/wp\/v2\/media?parent=56914"}],"wp:term":[{"taxonomy":"product_brand","embeddable":true,"href":"https:\/\/chahrazadbaby.com\/en\/wp-json\/wp\/v2\/product_brand?post=56914"},{"taxonomy":"product_cat","embeddable":true,"href":"https:\/\/chahrazadbaby.com\/en\/wp-json\/wp\/v2\/product_cat?post=56914"},{"taxonomy":"product_tag","embeddable":true,"href":"https:\/\/chahrazadbaby.com\/en\/wp-json\/wp\/v2\/product_tag?post=56914"}],"curies":[{"name":"wp","href":"https:\/\/api.w.org\/{rel}","templated":true}]}}