{"id":56763,"date":"2025-11-05T19:24:26","date_gmt":"2025-11-05T19:24:26","guid":{"rendered":"https:\/\/chahrazadbaby.com\/fr\/?post_type=product&#038;p=56763"},"modified":"2026-03-03T12:40:20","modified_gmt":"2026-03-03T12:40:20","slug":"couverture-bebes-deluxe-en-maille-torsadee-doublee","status":"publish","type":"product","link":"https:\/\/chahrazadbaby.com\/en\/produit\/couverture-bebes-deluxe-en-maille-torsadee-doublee\/","title":{"rendered":"Couverture B\u00e9b\u00e9s Deluxe en Maille Torsad\u00e9e Doubl\u00e9e"},"content":{"rendered":"<p>La couverture ultime pour des c\u00e2lins doux. Double face, avec une maille torsad\u00e9e \u00e9l\u00e9gante et une doublure polaire ultra-chaude. Chaleur et luxe garantis pour votre b\u00e9b\u00e9. Un indispensable raffin\u00e9.<\/p>\n<p>taille : 85\u00d780cm<\/p>\n","protected":false},"excerpt":{"rendered":"<p>La couverture ultime pour des c\u00e2lins doux. Double face, avec une maille torsad\u00e9e \u00e9l\u00e9gante et une doublure polaire ultra-chaude. Chaleur et luxe garantis pour votre b\u00e9b\u00e9. Un indispensable raffin\u00e9. taille : 85\u00d780cm<\/p>\n","protected":false},"featured_media":56753,"template":"","meta":{"pgc_sgb_lightbox_settings":""},"product_brand":[],"product_cat":[15],"product_tag":[],"class_list":{"0":"post-56763","1":"product","2":"type-product","3":"status-publish","4":"has-post-thumbnail","6":"product_cat-bebe-fille","7":"pa_color-biege","8":"pa_color-blanc","9":"pa_color-bleu-ciel","10":"pa_color-rose","12":"first","13":"instock","14":"sale","15":"shipping-taxable","16":"purchasable","17":"product-type-variable"},"bundled_by":[],"bundle_stock_status":"instock","bundle_stock_quantity":null,"bundle_virtual":false,"bundle_layout":"","bundle_add_to_cart_form_location":"","bundle_editable_in_cart":false,"bundle_sold_individually_context":"","bundle_item_grouping":"","bundle_min_size":"","bundle_max_size":"","bundle_price":[],"bundled_items":[],"bundle_sell_ids":[],"jetpack_sharing_enabled":true,"_links":{"self":[{"href":"https:\/\/chahrazadbaby.com\/en\/wp-json\/wp\/v2\/product\/56763","targetHints":{"allow":["GET"]}}],"collection":[{"href":"https:\/\/chahrazadbaby.com\/en\/wp-json\/wp\/v2\/product"}],"about":[{"href":"https:\/\/chahrazadbaby.com\/en\/wp-json\/wp\/v2\/types\/product"}],"wp:featuredmedia":[{"embeddable":true,"href":"https:\/\/chahrazadbaby.com\/en\/wp-json\/wp\/v2\/media\/56753"}],"wp:attachment":[{"href":"https:\/\/chahrazadbaby.com\/en\/wp-json\/wp\/v2\/media?parent=56763"}],"wp:term":[{"taxonomy":"product_brand","embeddable":true,"href":"https:\/\/chahrazadbaby.com\/en\/wp-json\/wp\/v2\/product_brand?post=56763"},{"taxonomy":"product_cat","embeddable":true,"href":"https:\/\/chahrazadbaby.com\/en\/wp-json\/wp\/v2\/product_cat?post=56763"},{"taxonomy":"product_tag","embeddable":true,"href":"https:\/\/chahrazadbaby.com\/en\/wp-json\/wp\/v2\/product_tag?post=56763"}],"curies":[{"name":"wp","href":"https:\/\/api.w.org\/{rel}","templated":true}]}}