{"id":56737,"date":"2025-11-05T13:36:55","date_gmt":"2025-11-05T13:36:55","guid":{"rendered":"https:\/\/chahrazadbaby.com\/fr\/?post_type=product&#038;p=56737"},"modified":"2026-01-08T09:23:16","modified_gmt":"2026-01-08T09:23:16","slug":"ensemble-pull-et-pantalon-bebes-en-maille-torsadee-caline-collection-hiver-douceur","status":"publish","type":"product","link":"https:\/\/chahrazadbaby.com\/en\/produit\/ensemble-pull-et-pantalon-bebes-en-maille-torsadee-caline-collection-hiver-douceur\/","title":{"rendered":"Ensemble Pull et Pantalon B\u00e9b\u00e9s en Maille Torsad\u00e9e C\u00e2line &#8211; Collection Hiver Douceur"},"content":{"rendered":"<p>L&#8217;ensemble tricot\u00e9 parfait pour la douceur de b\u00e9b\u00e9. Ce duo pull et pantalon en maille torsad\u00e9e chic enveloppe votre enfant de chaleur et d&#8217;\u00e9l\u00e9gance intemporelle. Un indispensable pour un style raffin\u00e9 et un confort absolu.<\/p>\n<p>Mati\u00e8re : 100% tricot doux<\/p>\n<p>Tailles : 0-3 mois, 3-6 mois, 6-9 mois,<\/p>\n","protected":false},"excerpt":{"rendered":"<p>L&#8217;ensemble tricot\u00e9 parfait pour la douceur de b\u00e9b\u00e9. Ce duo pull et pantalon en maille torsad\u00e9e chic enveloppe votre enfant de chaleur et d&#8217;\u00e9l\u00e9gance intemporelle. Un indispensable pour un style raffin\u00e9 et un confort absolu. Mati\u00e8re : 100% tricot doux Tailles : 0-3 mois, 3-6 mois, 6-9 mois,<\/p>\n","protected":false},"featured_media":56736,"template":"","meta":{"pgc_sgb_lightbox_settings":""},"product_brand":[],"product_cat":[15,48,76,68],"product_tag":[],"class_list":{"0":"post-56737","1":"product","2":"type-product","3":"status-publish","4":"has-post-thumbnail","6":"product_cat-bebe-fille","7":"product_cat-bebe-garcon","8":"product_cat-grenouilleres-bebe-garcon-barboteuses-pyjamas","9":"product_cat-grenouillere-barboteuse-et-pyjama","10":"pa_color-biege","11":"pa_color-bleu-ciel","12":"pa_color-rose","14":"first","15":"instock","16":"sale","17":"shipping-taxable","18":"purchasable","19":"product-type-variable"},"bundled_by":[],"bundle_stock_status":"instock","bundle_stock_quantity":null,"bundle_virtual":false,"bundle_layout":"","bundle_add_to_cart_form_location":"","bundle_editable_in_cart":false,"bundle_sold_individually_context":"","bundle_item_grouping":"","bundle_min_size":"","bundle_max_size":"","bundle_price":[],"bundled_items":[],"bundle_sell_ids":[],"jetpack_sharing_enabled":true,"_links":{"self":[{"href":"https:\/\/chahrazadbaby.com\/en\/wp-json\/wp\/v2\/product\/56737","targetHints":{"allow":["GET"]}}],"collection":[{"href":"https:\/\/chahrazadbaby.com\/en\/wp-json\/wp\/v2\/product"}],"about":[{"href":"https:\/\/chahrazadbaby.com\/en\/wp-json\/wp\/v2\/types\/product"}],"wp:featuredmedia":[{"embeddable":true,"href":"https:\/\/chahrazadbaby.com\/en\/wp-json\/wp\/v2\/media\/56736"}],"wp:attachment":[{"href":"https:\/\/chahrazadbaby.com\/en\/wp-json\/wp\/v2\/media?parent=56737"}],"wp:term":[{"taxonomy":"product_brand","embeddable":true,"href":"https:\/\/chahrazadbaby.com\/en\/wp-json\/wp\/v2\/product_brand?post=56737"},{"taxonomy":"product_cat","embeddable":true,"href":"https:\/\/chahrazadbaby.com\/en\/wp-json\/wp\/v2\/product_cat?post=56737"},{"taxonomy":"product_tag","embeddable":true,"href":"https:\/\/chahrazadbaby.com\/en\/wp-json\/wp\/v2\/product_tag?post=56737"}],"curies":[{"name":"wp","href":"https:\/\/api.w.org\/{rel}","templated":true}]}}