{"id":56715,"date":"2025-11-05T13:20:44","date_gmt":"2025-11-05T13:20:44","guid":{"rendered":"https:\/\/chahrazadbaby.com\/fr\/?post_type=product&#038;p=56715"},"modified":"2026-04-11T08:34:19","modified_gmt":"2026-04-11T08:34:19","slug":"grenouillere-ensemble-tricote-bebe-avec-bonnet-pour-lhiver","status":"publish","type":"product","link":"https:\/\/chahrazadbaby.com\/en\/produit\/grenouillere-ensemble-tricote-bebe-avec-bonnet-pour-lhiver\/","title":{"rendered":"Grenouill\u00e8re, Ensemble tricot\u00e9 b\u00e9b\u00e9 avec bonnet \u2013 pour l\u2019hiver"},"content":{"rendered":"<p>Adorable ensemble en tricot compos\u00e9 d\u2019une combinaison torsad\u00e9e et d\u2019un bonnet assorti, disponible en bleu ciel, gris perle et bleu marine.<br \/>\nAvec son col crois\u00e9 \u00e0 boutons en bois et sa maille douce, il offre chaleur et \u00e9l\u00e9gance pour les journ\u00e9es froides. Un indispensable du dressing de b\u00e9b\u00e9 pour un look \u00e0 la fois chic et confortable \ud83d\udc99\ud83e\udd0d\ud83d\udc99<\/p>\n<p>Mati\u00e8re : 100% tricot doux<br \/>\nTailles : 3-6 mois, 6-9 mois, 9-12 mois<\/p>\n","protected":false},"excerpt":{"rendered":"<p>Adorable ensemble en tricot compos\u00e9 d\u2019une combinaison torsad\u00e9e et d\u2019un bonnet assorti, disponible en bleu ciel, gris perle et bleu marine. Avec son col crois\u00e9 \u00e0 boutons en bois et sa maille douce, il offre chaleur et \u00e9l\u00e9gance pour les journ\u00e9es froides. Un indispensable du dressing de b\u00e9b\u00e9 pour un look \u00e0 la fois chic&#8230;<a class=\"r_more_blog\" href=\"https:\/\/chahrazadbaby.com\/en\/produit\/grenouillere-ensemble-tricote-bebe-avec-bonnet-pour-lhiver\/#more-56715\"> continue reading<\/a><\/p>\n","protected":false},"featured_media":56730,"template":"","meta":{"pgc_sgb_lightbox_settings":""},"product_brand":[],"product_cat":[48,76],"product_tag":[],"class_list":{"0":"post-56715","1":"product","2":"type-product","3":"status-publish","4":"has-post-thumbnail","6":"product_cat-bebe-garcon","7":"product_cat-grenouilleres-bebe-garcon-barboteuses-pyjamas","8":"pa_color-bleu-ciel","9":"pa_color-bleu-marine","10":"pa_color-gris","12":"first","13":"instock","14":"sale","15":"shipping-taxable","16":"purchasable","17":"product-type-variable"},"bundled_by":[],"bundle_stock_status":"instock","bundle_stock_quantity":null,"bundle_virtual":false,"bundle_layout":"","bundle_add_to_cart_form_location":"","bundle_editable_in_cart":false,"bundle_sold_individually_context":"","bundle_item_grouping":"","bundle_min_size":"","bundle_max_size":"","bundle_price":[],"bundled_items":[],"bundle_sell_ids":[],"jetpack_sharing_enabled":true,"_links":{"self":[{"href":"https:\/\/chahrazadbaby.com\/en\/wp-json\/wp\/v2\/product\/56715","targetHints":{"allow":["GET"]}}],"collection":[{"href":"https:\/\/chahrazadbaby.com\/en\/wp-json\/wp\/v2\/product"}],"about":[{"href":"https:\/\/chahrazadbaby.com\/en\/wp-json\/wp\/v2\/types\/product"}],"wp:featuredmedia":[{"embeddable":true,"href":"https:\/\/chahrazadbaby.com\/en\/wp-json\/wp\/v2\/media\/56730"}],"wp:attachment":[{"href":"https:\/\/chahrazadbaby.com\/en\/wp-json\/wp\/v2\/media?parent=56715"}],"wp:term":[{"taxonomy":"product_brand","embeddable":true,"href":"https:\/\/chahrazadbaby.com\/en\/wp-json\/wp\/v2\/product_brand?post=56715"},{"taxonomy":"product_cat","embeddable":true,"href":"https:\/\/chahrazadbaby.com\/en\/wp-json\/wp\/v2\/product_cat?post=56715"},{"taxonomy":"product_tag","embeddable":true,"href":"https:\/\/chahrazadbaby.com\/en\/wp-json\/wp\/v2\/product_tag?post=56715"}],"curies":[{"name":"wp","href":"https:\/\/api.w.org\/{rel}","templated":true}]}}