{"id":56699,"date":"2025-11-05T08:53:21","date_gmt":"2025-11-05T08:53:21","guid":{"rendered":"https:\/\/chahrazadbaby.com\/fr\/?post_type=product&#038;p=56699"},"modified":"2025-12-01T13:35:30","modified_gmt":"2025-12-01T13:35:30","slug":"couverture-bebe-little-prince-little-princesse-douceur-royale","status":"publish","type":"product","link":"https:\/\/chahrazadbaby.com\/en\/produit\/couverture-bebe-little-prince-little-princesse-douceur-royale\/","title":{"rendered":"Couverture b\u00e9b\u00e9 &#8220;Little Prince &amp; Little Princesse&#8221; &#8211;\nDouceur royale"},"content":{"rendered":"<p>Offrez \u00e0 votre petit tr\u00e9sor une couverture aussi douce qu\u2019un c\u00e2lin \ud83d\udc95.<\/p>\n<p>Nos mod\u00e8les \u201cLittle Prince\u201d et \u201cLittle Princesse\u201d sont confectionn\u00e9s en velours, parfaits pour garder b\u00e9b\u00e9 bien au chaud durant l\u2019hiver \u2744\ufe0f.<\/p>\n<p>Disponible en rose, bleu et blanc, chaque couverture est orn\u00e9e d\u2019une jolie couronne dor\u00e9e brod\u00e9e pour une touche royale \ud83d\udc51.<\/p>\n<p>Id\u00e9ale pour le berceau, la poussette ou les moments c\u00e2lins \u00e0 la maison \ud83e\udd0d.<\/p>\n<p>\ud83e\uddf5 Taille : 90\u00d790cm adapt\u00e9e d\u00e8s la naissance<\/p>\n<p>\ud83c\udf3f Mati\u00e8re : velours doubl\u00e9 doux et respirant<\/p>\n<p>\ud83c\uddf2\ud83c\udde6 Fabriqu\u00e9 avec amour par Chahrazad Baby<\/p>\n","protected":false},"excerpt":{"rendered":"<p>Offrez \u00e0 votre petit tr\u00e9sor une couverture aussi douce qu\u2019un c\u00e2lin \ud83d\udc95. Nos mod\u00e8les \u201cLittle Prince\u201d et \u201cLittle Princesse\u201d sont confectionn\u00e9s en velours, parfaits pour garder b\u00e9b\u00e9 bien au chaud durant l\u2019hiver \u2744\ufe0f. Disponible en rose, bleu et blanc, chaque couverture est orn\u00e9e d\u2019une jolie couronne dor\u00e9e brod\u00e9e pour une touche royale \ud83d\udc51. Id\u00e9ale pour&#8230;<a class=\"r_more_blog\" href=\"https:\/\/chahrazadbaby.com\/en\/produit\/couverture-bebe-little-prince-little-princesse-douceur-royale\/#more-56699\"> continue reading<\/a><\/p>\n","protected":false},"featured_media":56697,"template":"","meta":{"pgc_sgb_lightbox_settings":""},"product_brand":[],"product_cat":[15,48,69,77,43,67,82],"product_tag":[],"class_list":{"0":"post-56699","1":"product","2":"type-product","3":"status-publish","4":"has-post-thumbnail","6":"product_cat-bebe-fille","7":"product_cat-bebe-garcon","8":"product_cat-couverture-drap","9":"product_cat-couverture-drap-bebe-garcon","10":"product_cat-idee-cadeaux","11":"product_cat-pack-sortie-clinique","12":"product_cat-produits-de-soin-bebe-garcon","13":"pa_color-blanc-price","14":"pa_color-blanc-princesses","15":"pa_color-bleu-prince","16":"pa_color-rose-princesses","18":"first","19":"instock","20":"sale","21":"shipping-taxable","22":"purchasable","23":"product-type-variable"},"bundled_by":[],"bundle_stock_status":"instock","bundle_stock_quantity":null,"bundle_virtual":false,"bundle_layout":"","bundle_add_to_cart_form_location":"","bundle_editable_in_cart":false,"bundle_sold_individually_context":"","bundle_item_grouping":"","bundle_min_size":"","bundle_max_size":"","bundle_price":[],"bundled_items":[],"bundle_sell_ids":[],"jetpack_sharing_enabled":true,"_links":{"self":[{"href":"https:\/\/chahrazadbaby.com\/en\/wp-json\/wp\/v2\/product\/56699","targetHints":{"allow":["GET"]}}],"collection":[{"href":"https:\/\/chahrazadbaby.com\/en\/wp-json\/wp\/v2\/product"}],"about":[{"href":"https:\/\/chahrazadbaby.com\/en\/wp-json\/wp\/v2\/types\/product"}],"wp:featuredmedia":[{"embeddable":true,"href":"https:\/\/chahrazadbaby.com\/en\/wp-json\/wp\/v2\/media\/56697"}],"wp:attachment":[{"href":"https:\/\/chahrazadbaby.com\/en\/wp-json\/wp\/v2\/media?parent=56699"}],"wp:term":[{"taxonomy":"product_brand","embeddable":true,"href":"https:\/\/chahrazadbaby.com\/en\/wp-json\/wp\/v2\/product_brand?post=56699"},{"taxonomy":"product_cat","embeddable":true,"href":"https:\/\/chahrazadbaby.com\/en\/wp-json\/wp\/v2\/product_cat?post=56699"},{"taxonomy":"product_tag","embeddable":true,"href":"https:\/\/chahrazadbaby.com\/en\/wp-json\/wp\/v2\/product_tag?post=56699"}],"curies":[{"name":"wp","href":"https:\/\/api.w.org\/{rel}","templated":true}]}}