{"id":56603,"date":"2025-11-03T17:57:41","date_gmt":"2025-11-03T17:57:41","guid":{"rendered":"https:\/\/chahrazadbaby.com\/fr\/?post_type=product&#038;p=56603"},"modified":"2025-12-09T14:41:55","modified_gmt":"2025-12-09T14:41:55","slug":"produit-4","status":"publish","type":"product","link":"https:\/\/chahrazadbaby.com\/en\/produit\/produit-4\/","title":{"rendered":"Grenouill\u00e8re b\u00e9b\u00e9 montonier pour hiver avec capuche 100% coton chaud pour fille et gar\u00e7on &#8211; 9 a 18 mois"},"content":{"rendered":"<p>Offrez \u00e0 votre b\u00e9b\u00e9 confort et douceur avec<\/p>\n<p>cette grenouill\u00e8re pratique et styl\u00e9e. Confectionn\u00e9e en coton 100% naturel, elle est douce pour la peau d\u00e9licate de votre enfant et \u00e9quip\u00e9e d&#8217;une fermeture \u00e9clair avant pour un habillage facile.<\/p>\n<p>Tailles disponibles:<\/p>\n<p>9.12mois<\/p>\n<p>12.18mois<\/p>\n","protected":false},"excerpt":{"rendered":"<p>Offrez \u00e0 votre b\u00e9b\u00e9 confort et douceur avec cette grenouill\u00e8re pratique et styl\u00e9e. Confectionn\u00e9e en coton 100% naturel, elle est douce pour la peau d\u00e9licate de votre enfant et \u00e9quip\u00e9e d&#8217;une fermeture \u00e9clair avant pour un habillage facile. Tailles disponibles: 9.12mois 12.18mois<\/p>\n","protected":false},"featured_media":56654,"template":"","meta":{"pgc_sgb_lightbox_settings":""},"product_brand":[],"product_cat":[15,48,76,68],"product_tag":[],"class_list":{"0":"post-56603","1":"product","2":"type-product","3":"status-publish","4":"has-post-thumbnail","6":"product_cat-bebe-fille","7":"product_cat-bebe-garcon","8":"product_cat-grenouilleres-bebe-garcon-barboteuses-pyjamas","9":"product_cat-grenouillere-barboteuse-et-pyjama","10":"pa_color-bleu","11":"pa_color-marron","12":"pa_color-nude","14":"first","15":"outofstock","16":"shipping-taxable","17":"product-type-variable"},"bundled_by":[],"bundle_stock_status":"outofstock","bundle_stock_quantity":null,"bundle_virtual":false,"bundle_layout":"","bundle_add_to_cart_form_location":"","bundle_editable_in_cart":false,"bundle_sold_individually_context":"","bundle_item_grouping":"","bundle_min_size":"","bundle_max_size":"","bundle_price":[],"bundled_items":[],"bundle_sell_ids":[],"jetpack_sharing_enabled":true,"_links":{"self":[{"href":"https:\/\/chahrazadbaby.com\/en\/wp-json\/wp\/v2\/product\/56603","targetHints":{"allow":["GET"]}}],"collection":[{"href":"https:\/\/chahrazadbaby.com\/en\/wp-json\/wp\/v2\/product"}],"about":[{"href":"https:\/\/chahrazadbaby.com\/en\/wp-json\/wp\/v2\/types\/product"}],"wp:featuredmedia":[{"embeddable":true,"href":"https:\/\/chahrazadbaby.com\/en\/wp-json\/wp\/v2\/media\/56654"}],"wp:attachment":[{"href":"https:\/\/chahrazadbaby.com\/en\/wp-json\/wp\/v2\/media?parent=56603"}],"wp:term":[{"taxonomy":"product_brand","embeddable":true,"href":"https:\/\/chahrazadbaby.com\/en\/wp-json\/wp\/v2\/product_brand?post=56603"},{"taxonomy":"product_cat","embeddable":true,"href":"https:\/\/chahrazadbaby.com\/en\/wp-json\/wp\/v2\/product_cat?post=56603"},{"taxonomy":"product_tag","embeddable":true,"href":"https:\/\/chahrazadbaby.com\/en\/wp-json\/wp\/v2\/product_tag?post=56603"}],"curies":[{"name":"wp","href":"https:\/\/api.w.org\/{rel}","templated":true}]}}