{"id":56246,"date":"2025-10-24T21:01:25","date_gmt":"2025-10-24T21:01:25","guid":{"rendered":"https:\/\/chahrazadbaby.com\/fr\/?post_type=product&#038;p=56246"},"modified":"2025-10-30T12:16:19","modified_gmt":"2025-10-30T12:16:19","slug":"ensemble-matchy-matchy-maman-bebe-papa-bebe-pour-famille-en-coton-100","status":"publish","type":"product","link":"https:\/\/chahrazadbaby.com\/en\/produit\/ensemble-matchy-matchy-maman-bebe-papa-bebe-pour-famille-en-coton-100\/","title":{"rendered":"Ensemble  matchy matchy maman b\u00e9b\u00e9\/ papa b\u00e9b\u00e9 \/pour Famille en Coton 100%"},"content":{"rendered":"<p>Un look assorti plein d&#8217;amour pour toute la famille<\/p>\n<p>Cet ensemble en coton 100% doux et chaud comprend des hoodies confortables pour les parents et une grenouill\u00e8re adorable pour b\u00e9b\u00e9. Id\u00e9al pour les moments en famille, les photos souvenirs et les journ\u00e9es cocooning. Confectionn\u00e9 avec soin par Chahrazad Baby qualit\u00e9, confort et tendresse r\u00e9unis.<\/p>\n","protected":false},"excerpt":{"rendered":"<p>Un look assorti plein d&#8217;amour pour toute la famille Cet ensemble en coton 100% doux et chaud comprend des hoodies confortables pour les parents et une grenouill\u00e8re adorable pour b\u00e9b\u00e9. Id\u00e9al pour les moments en famille, les photos souvenirs et les journ\u00e9es cocooning. Confectionn\u00e9 avec soin par Chahrazad Baby qualit\u00e9, confort et tendresse r\u00e9unis.<\/p>\n","protected":false},"featured_media":56260,"template":"","meta":{"pgc_sgb_lightbox_settings":""},"product_brand":[],"product_cat":[15],"product_tag":[],"class_list":{"0":"post-56246","1":"product","2":"type-product","3":"status-publish","4":"has-post-thumbnail","6":"product_cat-bebe-fille","7":"pa_color-rose","8":"pa_color-rouge","10":"first","11":"outofstock","12":"shipping-taxable","13":"product-type-variable"},"bundled_by":[],"bundle_stock_status":"outofstock","bundle_stock_quantity":null,"bundle_virtual":false,"bundle_layout":"","bundle_add_to_cart_form_location":"","bundle_editable_in_cart":false,"bundle_sold_individually_context":"","bundle_item_grouping":"","bundle_min_size":"","bundle_max_size":"","bundle_price":[],"bundled_items":[],"bundle_sell_ids":[],"jetpack_sharing_enabled":true,"_links":{"self":[{"href":"https:\/\/chahrazadbaby.com\/en\/wp-json\/wp\/v2\/product\/56246","targetHints":{"allow":["GET"]}}],"collection":[{"href":"https:\/\/chahrazadbaby.com\/en\/wp-json\/wp\/v2\/product"}],"about":[{"href":"https:\/\/chahrazadbaby.com\/en\/wp-json\/wp\/v2\/types\/product"}],"wp:featuredmedia":[{"embeddable":true,"href":"https:\/\/chahrazadbaby.com\/en\/wp-json\/wp\/v2\/media\/56260"}],"wp:attachment":[{"href":"https:\/\/chahrazadbaby.com\/en\/wp-json\/wp\/v2\/media?parent=56246"}],"wp:term":[{"taxonomy":"product_brand","embeddable":true,"href":"https:\/\/chahrazadbaby.com\/en\/wp-json\/wp\/v2\/product_brand?post=56246"},{"taxonomy":"product_cat","embeddable":true,"href":"https:\/\/chahrazadbaby.com\/en\/wp-json\/wp\/v2\/product_cat?post=56246"},{"taxonomy":"product_tag","embeddable":true,"href":"https:\/\/chahrazadbaby.com\/en\/wp-json\/wp\/v2\/product_tag?post=56246"}],"curies":[{"name":"wp","href":"https:\/\/api.w.org\/{rel}","templated":true}]}}