{"id":56218,"date":"2025-10-23T17:18:22","date_gmt":"2025-10-23T17:18:22","guid":{"rendered":"https:\/\/chahrazadbaby.com\/fr\/?post_type=product&#038;p=56218"},"modified":"2026-01-14T10:07:21","modified_gmt":"2026-01-14T10:07:21","slug":"gants-de-bain-pour-bebe-fille-et-garcon-100-coton","status":"publish","type":"product","link":"https:\/\/chahrazadbaby.com\/en\/produit\/gants-de-bain-pour-bebe-fille-et-garcon-100-coton\/","title":{"rendered":"gants de bain pour b\u00e9b\u00e9  fille et gar\u00e7on- 100% coton"},"content":{"rendered":"<p>\u0642\u0641\u0627\u0632 \u0627\u0644\u0627\u0633\u062a\u062d\u0645\u0627\u0645 \u0645\u0646 \u0644\u064a\u0648\u0646\u0633 \u0647\u0648 \u0627\u0644\u062e\u064a\u0627\u0631 \u0627\u0644\u0623\u0645\u062b\u0644 \u0644\u0644\u0623\u0645\u0647\u0627\u062a \u0627\u0644\u0644\u0648\u0627\u062a\u064a \u064a\u0628\u062d\u062b\u0646 \u0639\u0646 \u0645\u0646\u062a\u062c \u0622\u0645\u0646 \u0648\u0635\u062d\u064a \u0644\u0623\u0637\u0641\u0627\u0644\u0647\u0646 \u0645\u0635\u0646\u0648\u0639 \u0645\u0646 \u0627\u0644\u0642\u0637\u0646 \u0627\u0644\u0637\u0628\u064a\u0639\u064a 100% \u0648\u0647\u0648 \u0645\u0627\u062f\u0629 \u0646\u0627\u0639\u0645\u0629 \u0648\u0644\u0637\u064a\u0641\u0629 \u0639\u0644\u0649 \u0628\u0634\u0631\u0629 \u0627\u0644\u0623\u0637\u0641\u0627\u0644 \u0627\u0644\u0631\u0642\u064a\u0642\u0629. \u064a\u062a\u0645\u064a\u0632 \u0647\u0630\u0627 \u0627\u0644\u0642\u0641\u0627\u0632 \u0628\u0642\u062f\u0631\u062a\u0647 \u0639\u0644\u0649 \u062a\u0646\u0638\u064a\u0641 \u0627\u0644\u0628\u0634\u0631\u0629 \u0628\u0634\u0643\u0644 \u0641\u0639\u0627\u0644 \u0648\u0625\u0632\u0627\u0644\u0629 \u0627\u0644\u0623\u0648\u0633\u0627\u062e \u0648\u0627\u0644\u0634\u0648\u0627\u0626\u0628<\/p>\n<p>\u0628\u0644\u0637\u0641. \u0643\u0645\u0627 \u064a\u062a\u0645\u064a\u0632 \u0628\u062a\u0635\u0645\u064a\u0645 \u0645\u0631\u064a\u062d \u0648\u0633\u0647\u0644 \u0627\u0644\u0627\u0633\u062a\u062e\u062f\u0627\u0645\u060c \u062d\u064a\u062b \u064a\u0645\u0643\u0646 \u0627\u0633\u062a\u062e\u062f\u0627\u0645\u0647 \u0628\u0633\u0647\u0648\u0644\u0629 \u0645\u0646 \u0642\u0628\u0644 \u0627\u0644\u0623\u0645\u0647\u0627\u062a \u0648\u0627\u0644\u0622\u0628\u0627\u0621 \u0627\u062d\u0631\u0635\u064a \u0639\u0644\u0649 \u0634\u0631\u0627\u0621 \u0642\u0641\u0627\u0632 \u0627\u0644\u0627\u0633\u062a\u062d\u0645\u0627\u0645 \u0645\u0646 \u0644\u064a\u0648\u0646\u0633 \u0644\u062a\u0648\u0641\u064a\u0631 \u0623\u0641\u0636\u0644 \u0631\u0639\u0627\u064a\u0629 \u0644\u062c\u0644\u062f \u0637\u0641\u0644\u0643 \u0627\u0644\u062d\u0633\u0627\u0633.<\/p>\n","protected":false},"excerpt":{"rendered":"<p>\u0642\u0641\u0627\u0632 \u0627\u0644\u0627\u0633\u062a\u062d\u0645\u0627\u0645 \u0645\u0646 \u0644\u064a\u0648\u0646\u0633 \u0647\u0648 \u0627\u0644\u062e\u064a\u0627\u0631 \u0627\u0644\u0623\u0645\u062b\u0644 \u0644\u0644\u0623\u0645\u0647\u0627\u062a \u0627\u0644\u0644\u0648\u0627\u062a\u064a \u064a\u0628\u062d\u062b\u0646 \u0639\u0646 \u0645\u0646\u062a\u062c \u0622\u0645\u0646 \u0648\u0635\u062d\u064a \u0644\u0623\u0637\u0641\u0627\u0644\u0647\u0646 \u0645\u0635\u0646\u0648\u0639 \u0645\u0646 \u0627\u0644\u0642\u0637\u0646 \u0627\u0644\u0637\u0628\u064a\u0639\u064a 100% \u0648\u0647\u0648 \u0645\u0627\u062f\u0629 \u0646\u0627\u0639\u0645\u0629 \u0648\u0644\u0637\u064a\u0641\u0629 \u0639\u0644\u0649 \u0628\u0634\u0631\u0629 \u0627\u0644\u0623\u0637\u0641\u0627\u0644 \u0627\u0644\u0631\u0642\u064a\u0642\u0629. \u064a\u062a\u0645\u064a\u0632 \u0647\u0630\u0627 \u0627\u0644\u0642\u0641\u0627\u0632 \u0628\u0642\u062f\u0631\u062a\u0647 \u0639\u0644\u0649 \u062a\u0646\u0638\u064a\u0641 \u0627\u0644\u0628\u0634\u0631\u0629 \u0628\u0634\u0643\u0644 \u0641\u0639\u0627\u0644 \u0648\u0625\u0632\u0627\u0644\u0629 \u0627\u0644\u0623\u0648\u0633\u0627\u062e \u0648\u0627\u0644\u0634\u0648\u0627\u0626\u0628 \u0628\u0644\u0637\u0641. \u0643\u0645\u0627 \u064a\u062a\u0645\u064a\u0632 \u0628\u062a\u0635\u0645\u064a\u0645 \u0645\u0631\u064a\u062d \u0648\u0633\u0647\u0644 \u0627\u0644\u0627\u0633\u062a\u062e\u062f\u0627\u0645\u060c \u062d\u064a\u062b \u064a\u0645\u0643\u0646 \u0627\u0633\u062a\u062e\u062f\u0627\u0645\u0647 \u0628\u0633\u0647\u0648\u0644\u0629 \u0645\u0646 \u0642\u0628\u0644 \u0627\u0644\u0623\u0645\u0647\u0627\u062a \u0648\u0627\u0644\u0622\u0628\u0627\u0621&#8230;<a class=\"r_more_blog\" href=\"https:\/\/chahrazadbaby.com\/en\/produit\/gants-de-bain-pour-bebe-fille-et-garcon-100-coton\/#more-56218\"> continue reading<\/a><\/p>\n","protected":false},"featured_media":56216,"template":"","meta":{"pgc_sgb_lightbox_settings":""},"product_brand":[],"product_cat":[15,48,74,82],"product_tag":[],"class_list":{"0":"post-56218","1":"product","2":"type-product","3":"status-publish","4":"has-post-thumbnail","6":"product_cat-bebe-fille","7":"product_cat-bebe-garcon","8":"product_cat-produits-de-soin","9":"product_cat-produits-de-soin-bebe-garcon","10":"pa_color-bleu","11":"pa_color-rose","13":"first","14":"outofstock","15":"shipping-taxable","16":"product-type-variable"},"bundled_by":[],"bundle_stock_status":"outofstock","bundle_stock_quantity":null,"bundle_virtual":false,"bundle_layout":"","bundle_add_to_cart_form_location":"","bundle_editable_in_cart":false,"bundle_sold_individually_context":"","bundle_item_grouping":"","bundle_min_size":"","bundle_max_size":"","bundle_price":[],"bundled_items":[],"bundle_sell_ids":[],"jetpack_sharing_enabled":true,"_links":{"self":[{"href":"https:\/\/chahrazadbaby.com\/en\/wp-json\/wp\/v2\/product\/56218","targetHints":{"allow":["GET"]}}],"collection":[{"href":"https:\/\/chahrazadbaby.com\/en\/wp-json\/wp\/v2\/product"}],"about":[{"href":"https:\/\/chahrazadbaby.com\/en\/wp-json\/wp\/v2\/types\/product"}],"wp:featuredmedia":[{"embeddable":true,"href":"https:\/\/chahrazadbaby.com\/en\/wp-json\/wp\/v2\/media\/56216"}],"wp:attachment":[{"href":"https:\/\/chahrazadbaby.com\/en\/wp-json\/wp\/v2\/media?parent=56218"}],"wp:term":[{"taxonomy":"product_brand","embeddable":true,"href":"https:\/\/chahrazadbaby.com\/en\/wp-json\/wp\/v2\/product_brand?post=56218"},{"taxonomy":"product_cat","embeddable":true,"href":"https:\/\/chahrazadbaby.com\/en\/wp-json\/wp\/v2\/product_cat?post=56218"},{"taxonomy":"product_tag","embeddable":true,"href":"https:\/\/chahrazadbaby.com\/en\/wp-json\/wp\/v2\/product_tag?post=56218"}],"curies":[{"name":"wp","href":"https:\/\/api.w.org\/{rel}","templated":true}]}}