{"id":55667,"date":"2025-09-29T19:08:18","date_gmt":"2025-09-29T19:08:18","guid":{"rendered":"https:\/\/chahrazadbaby.com\/fr\/produit\/coffret-12-bodies-en-coton-mois-par-mois\/"},"modified":"2025-11-27T13:21:45","modified_gmt":"2025-11-27T13:21:45","slug":"coffret-12-bodies-en-coton-mois-par-mois","status":"publish","type":"product","link":"https:\/\/chahrazadbaby.com\/en\/produit\/coffret-12-bodies-en-coton-mois-par-mois\/","title":{"rendered":"Coffret 12 Bodies en Coton &#8211; Mois par Mois"},"content":{"rendered":"<p>Offrez \u00e0 votre b\u00e9b\u00e9 un coffret unique de 12 bodies en coton doux, illustr\u00e9s avec de jolis motifs et num\u00e9rot\u00e9s de 1 \u00e0 12 mois. Id\u00e9al pour capturer chaque \u00e9tape de croissance de votre petit tr\u00e9sor et cr\u00e9er de magnifiques souvenirs en photos. Confortables, respirants et d\u00e9licats pour la peau sensible de b\u00e9b\u00e9, ces bodies sont parfaits comme cadeau de naissance ou pour vos propres moments inoubliables<\/p>\n","protected":false},"excerpt":{"rendered":"<p>Offrez \u00e0 votre b\u00e9b\u00e9 un coffret unique de 12 bodies en coton doux, illustr\u00e9s avec de jolis motifs et num\u00e9rot\u00e9s de 1 \u00e0 12 mois. Id\u00e9al pour capturer chaque \u00e9tape de croissance de votre petit tr\u00e9sor et cr\u00e9er de magnifiques souvenirs en photos. Confortables, respirants et d\u00e9licats pour la peau sensible de b\u00e9b\u00e9, ces bodies&#8230;<a class=\"r_more_blog\" href=\"https:\/\/chahrazadbaby.com\/en\/produit\/coffret-12-bodies-en-coton-mois-par-mois\/#more-55667\"> continue reading<\/a><\/p>\n","protected":false},"featured_media":55665,"template":"","meta":{"pgc_sgb_lightbox_settings":""},"product_brand":[],"product_cat":[15],"product_tag":[],"class_list":{"0":"post-55667","1":"product","2":"type-product","3":"status-publish","4":"has-post-thumbnail","6":"product_cat-bebe-fille","8":"first","9":"outofstock","10":"sale","11":"shipping-taxable","12":"purchasable","13":"product-type-simple"},"bundled_by":[],"bundle_stock_status":"outofstock","bundle_stock_quantity":null,"bundle_virtual":false,"bundle_layout":"","bundle_add_to_cart_form_location":"","bundle_editable_in_cart":false,"bundle_sold_individually_context":"","bundle_item_grouping":"","bundle_min_size":"","bundle_max_size":"","bundle_price":[],"bundled_items":[],"bundle_sell_ids":[],"jetpack_sharing_enabled":true,"_links":{"self":[{"href":"https:\/\/chahrazadbaby.com\/en\/wp-json\/wp\/v2\/product\/55667","targetHints":{"allow":["GET"]}}],"collection":[{"href":"https:\/\/chahrazadbaby.com\/en\/wp-json\/wp\/v2\/product"}],"about":[{"href":"https:\/\/chahrazadbaby.com\/en\/wp-json\/wp\/v2\/types\/product"}],"wp:featuredmedia":[{"embeddable":true,"href":"https:\/\/chahrazadbaby.com\/en\/wp-json\/wp\/v2\/media\/55665"}],"wp:attachment":[{"href":"https:\/\/chahrazadbaby.com\/en\/wp-json\/wp\/v2\/media?parent=55667"}],"wp:term":[{"taxonomy":"product_brand","embeddable":true,"href":"https:\/\/chahrazadbaby.com\/en\/wp-json\/wp\/v2\/product_brand?post=55667"},{"taxonomy":"product_cat","embeddable":true,"href":"https:\/\/chahrazadbaby.com\/en\/wp-json\/wp\/v2\/product_cat?post=55667"},{"taxonomy":"product_tag","embeddable":true,"href":"https:\/\/chahrazadbaby.com\/en\/wp-json\/wp\/v2\/product_tag?post=55667"}],"curies":[{"name":"wp","href":"https:\/\/api.w.org\/{rel}","templated":true}]}}