{"id":55567,"date":"2025-09-25T17:21:34","date_gmt":"2025-09-25T17:21:34","guid":{"rendered":"https:\/\/chahrazadbaby.com\/fr\/?post_type=product&#038;p=55567"},"modified":"2026-03-09T10:41:53","modified_gmt":"2026-03-09T10:41:53","slug":"coffret-cadeau-pour-bebe-grenouillere-montonier-100-coton","status":"publish","type":"product","link":"https:\/\/chahrazadbaby.com\/en\/produit\/coffret-cadeau-pour-bebe-grenouillere-montonier-100-coton\/","title":{"rendered":"Coffret cadeau pour b\u00e9b\u00e9 &#8211; grenouill\u00e8re montonier 100% coton"},"content":{"rendered":"<p>\u2728 Coffret Cadeau B\u00e9b\u00e9 \u2013 Chahrazad Baby \u2728<\/p>\n<p>Offrez un moment unique avec ce magnifique coffret cadeau sign\u00e9 Chahrazad Baby.<br \/>\n\u00c0 l\u2019int\u00e9rieur, vous trouverez une douce grenouill\u00e8re en coton montonier, sp\u00e9cialement con\u00e7ue pour envelopper b\u00e9b\u00e9 de chaleur et de confort. \ud83c\udf3f\ud83d\udc9e<\/p>\n<p>Ce coffret raffin\u00e9 est pr\u00e9sent\u00e9 dans une jolie bo\u00eete illustr\u00e9e, accompagn\u00e9 de cartes souvenirs \u201cHello World\u201d pour noter les premiers instants de b\u00e9b\u00e9. Parfait pour c\u00e9l\u00e9brer une naissance, un baby shower ou simplement faire plaisir aux jeunes parents. \ud83c\udf81\ud83d\udc76<\/p>\n<p>\u2705 Mati\u00e8re : coton montonier doux et respirant<br \/>\n\u2705 Id\u00e9e cadeau \u00e9l\u00e9gante et utile<br \/>\n\u2705 Pr\u00e9sentation soign\u00e9e et personnalis\u00e9e<\/p>\n","protected":false},"excerpt":{"rendered":"<p>\u2728 Coffret Cadeau B\u00e9b\u00e9 \u2013 Chahrazad Baby \u2728 Offrez un moment unique avec ce magnifique coffret cadeau sign\u00e9 Chahrazad Baby. \u00c0 l\u2019int\u00e9rieur, vous trouverez une douce grenouill\u00e8re en coton montonier, sp\u00e9cialement con\u00e7ue pour envelopper b\u00e9b\u00e9 de chaleur et de confort. \ud83c\udf3f\ud83d\udc9e Ce coffret raffin\u00e9 est pr\u00e9sent\u00e9 dans une jolie bo\u00eete illustr\u00e9e, accompagn\u00e9 de cartes souvenirs&#8230;<a class=\"r_more_blog\" href=\"https:\/\/chahrazadbaby.com\/en\/produit\/coffret-cadeau-pour-bebe-grenouillere-montonier-100-coton\/#more-55567\"> continue reading<\/a><\/p>\n","protected":false},"featured_media":55563,"template":"","meta":{"pgc_sgb_lightbox_settings":""},"product_brand":[],"product_cat":[15,48,76,68,43],"product_tag":[],"class_list":{"0":"post-55567","1":"product","2":"type-product","3":"status-publish","4":"has-post-thumbnail","6":"product_cat-bebe-fille","7":"product_cat-bebe-garcon","8":"product_cat-grenouilleres-bebe-garcon-barboteuses-pyjamas","9":"product_cat-grenouillere-barboteuse-et-pyjama","10":"product_cat-idee-cadeaux","11":"pa_color-biege","12":"pa_color-bleu","13":"pa_color-marron","14":"pa_color-rose","15":"pa_color-rouge","16":"pa_color-vert","18":"first","19":"instock","20":"shipping-taxable","21":"purchasable","22":"product-type-variable"},"bundled_by":[],"bundle_stock_status":"instock","bundle_stock_quantity":null,"bundle_virtual":false,"bundle_layout":"","bundle_add_to_cart_form_location":"","bundle_editable_in_cart":false,"bundle_sold_individually_context":"","bundle_item_grouping":"","bundle_min_size":"","bundle_max_size":"","bundle_price":[],"bundled_items":[],"bundle_sell_ids":[],"jetpack_sharing_enabled":true,"_links":{"self":[{"href":"https:\/\/chahrazadbaby.com\/en\/wp-json\/wp\/v2\/product\/55567","targetHints":{"allow":["GET"]}}],"collection":[{"href":"https:\/\/chahrazadbaby.com\/en\/wp-json\/wp\/v2\/product"}],"about":[{"href":"https:\/\/chahrazadbaby.com\/en\/wp-json\/wp\/v2\/types\/product"}],"wp:featuredmedia":[{"embeddable":true,"href":"https:\/\/chahrazadbaby.com\/en\/wp-json\/wp\/v2\/media\/55563"}],"wp:attachment":[{"href":"https:\/\/chahrazadbaby.com\/en\/wp-json\/wp\/v2\/media?parent=55567"}],"wp:term":[{"taxonomy":"product_brand","embeddable":true,"href":"https:\/\/chahrazadbaby.com\/en\/wp-json\/wp\/v2\/product_brand?post=55567"},{"taxonomy":"product_cat","embeddable":true,"href":"https:\/\/chahrazadbaby.com\/en\/wp-json\/wp\/v2\/product_cat?post=55567"},{"taxonomy":"product_tag","embeddable":true,"href":"https:\/\/chahrazadbaby.com\/en\/wp-json\/wp\/v2\/product_tag?post=55567"}],"curies":[{"name":"wp","href":"https:\/\/api.w.org\/{rel}","templated":true}]}}