{"id":55065,"date":"2025-08-29T16:51:58","date_gmt":"2025-08-29T16:51:58","guid":{"rendered":"https:\/\/chahrazadbaby.com\/fr\/?post_type=product&#038;p=55065"},"modified":"2026-03-09T10:44:11","modified_gmt":"2026-03-09T10:44:11","slug":"grenouillere-bebe-avec-capuche-oreilles-100-coton-chaud-pour-fille-et-garcon-0-9-mois-maroc","status":"publish","type":"product","link":"https:\/\/chahrazadbaby.com\/en\/produit\/grenouillere-bebe-avec-capuche-oreilles-100-coton-chaud-pour-fille-et-garcon-0-9-mois-maroc\/","title":{"rendered":"Grenouill\u00e8re b\u00e9b\u00e9 montonier pour hiver avec capuche 100% coton chaud pour fille et  gar\u00e7on \u2013 0-18mois \u2013 Maroc"},"content":{"rendered":"<p>Offrez \u00e0 votre b\u00e9b\u00e9 confort et douceur avec cette grenouill\u00e8re pratique et styl\u00e9e. Confectionn\u00e9e en coton 100% naturel, elle est douce pour la peau d\u00e9licate de votre enfant et \u00e9quip\u00e9e d\u2019une fermeture \u00e9clair avant pour un habillage facile.<\/p>\n<p>\u2728 Tailles disponibles :<\/p>\n<p>0-3 mois (52cm &#8211; 4 \u00e0 6 kg )<\/p>\n<p>3-6mois (57cm &#8211; 6 \u00e0 8 kg )<\/p>\n<p>6-9 mois (62cm &#8211; 8 \u00e0 10 kg )<\/p>\n<p>9-12mois (67cm- 10 \u00e0 12kg)<\/p>\n<p>12-18mois ( 74cm &#8211; 12 a 14kg)<\/p>\n<p>\u2728 Couleurs :(bleu, rouge, rose, vert pastel)<\/p>\n<p>\u2728 Mati\u00e8re : 100% coton OEKO-TEX<\/p>\n<p>Capuche avec petites oreilles pour un look craquant<\/p>\n<p>Prix : 159 DH seulement<\/p>\n","protected":false},"excerpt":{"rendered":"<p>Offrez \u00e0 votre b\u00e9b\u00e9 confort et douceur avec cette grenouill\u00e8re pratique et styl\u00e9e. Confectionn\u00e9e en coton 100% naturel, elle est douce pour la peau d\u00e9licate de votre enfant et \u00e9quip\u00e9e d\u2019une fermeture \u00e9clair avant pour un habillage facile. \u2728 Tailles disponibles : 0-3 mois (52cm &#8211; 4 \u00e0 6 kg ) 3-6mois (57cm &#8211; 6&#8230;<a class=\"r_more_blog\" href=\"https:\/\/chahrazadbaby.com\/en\/produit\/grenouillere-bebe-avec-capuche-oreilles-100-coton-chaud-pour-fille-et-garcon-0-9-mois-maroc\/#more-55065\"> continue reading<\/a><\/p>\n","protected":false},"featured_media":55506,"template":"","meta":{"pgc_sgb_lightbox_settings":""},"product_brand":[],"product_cat":[15,48,76,68],"product_tag":[],"class_list":{"0":"post-55065","1":"product","2":"type-product","3":"status-publish","4":"has-post-thumbnail","6":"product_cat-bebe-fille","7":"product_cat-bebe-garcon","8":"product_cat-grenouilleres-bebe-garcon-barboteuses-pyjamas","9":"product_cat-grenouillere-barboteuse-et-pyjama","10":"pa_color-biege","11":"pa_color-bleu","12":"pa_color-bleu-ciel","13":"pa_color-marron","14":"pa_color-nude","15":"pa_color-rose","16":"pa_color-rouge","17":"pa_color-vert","19":"first","20":"instock","21":"shipping-taxable","22":"purchasable","23":"product-type-variable"},"bundled_by":[],"bundle_stock_status":"instock","bundle_stock_quantity":null,"bundle_virtual":false,"bundle_layout":"","bundle_add_to_cart_form_location":"","bundle_editable_in_cart":false,"bundle_sold_individually_context":"","bundle_item_grouping":"","bundle_min_size":"","bundle_max_size":"","bundle_price":[],"bundled_items":[],"bundle_sell_ids":[],"jetpack_sharing_enabled":true,"_links":{"self":[{"href":"https:\/\/chahrazadbaby.com\/en\/wp-json\/wp\/v2\/product\/55065","targetHints":{"allow":["GET"]}}],"collection":[{"href":"https:\/\/chahrazadbaby.com\/en\/wp-json\/wp\/v2\/product"}],"about":[{"href":"https:\/\/chahrazadbaby.com\/en\/wp-json\/wp\/v2\/types\/product"}],"wp:featuredmedia":[{"embeddable":true,"href":"https:\/\/chahrazadbaby.com\/en\/wp-json\/wp\/v2\/media\/55506"}],"wp:attachment":[{"href":"https:\/\/chahrazadbaby.com\/en\/wp-json\/wp\/v2\/media?parent=55065"}],"wp:term":[{"taxonomy":"product_brand","embeddable":true,"href":"https:\/\/chahrazadbaby.com\/en\/wp-json\/wp\/v2\/product_brand?post=55065"},{"taxonomy":"product_cat","embeddable":true,"href":"https:\/\/chahrazadbaby.com\/en\/wp-json\/wp\/v2\/product_cat?post=55065"},{"taxonomy":"product_tag","embeddable":true,"href":"https:\/\/chahrazadbaby.com\/en\/wp-json\/wp\/v2\/product_tag?post=55065"}],"curies":[{"name":"wp","href":"https:\/\/api.w.org\/{rel}","templated":true}]}}