{"id":54018,"date":"2025-07-17T15:01:07","date_gmt":"2025-07-17T15:01:07","guid":{"rendered":"https:\/\/chahrazadbaby.com\/fr\/?post_type=product&#038;p=54018"},"modified":"2026-02-14T09:31:48","modified_gmt":"2026-02-14T09:31:48","slug":"bonnet-mashallah-en-coton-2","status":"publish","type":"product","link":"https:\/\/chahrazadbaby.com\/en\/produit\/bonnet-mashallah-en-coton-2\/","title":{"rendered":"Bonnet mashallah 100% en coton organique 0-2mois"},"content":{"rendered":"<p>bonnet pour b\u00e9b\u00e9 de la naissance jusqu&#8217;\u00e0 2mois, 100% cotton organique anti-allergique OEKO-TEX<\/p>\n","protected":false},"excerpt":{"rendered":"<p>Offrez \u00e0 votre b\u00e9b\u00e9 un m\u00e9lange parfait de confort et de douceur avec ce joli bonnet en coton avec le  mot Mashallah. Con\u00e7u sp\u00e9cialement pour les tout-petits, ce bonnet allie style et bien-\u00eatre.<\/p>\n<p>Mat\u00e9riau 100% coton : Doux, respirant et id\u00e9al pour la peau sensible des b\u00e9b\u00e9s.<\/p>\n","protected":false},"featured_media":54030,"template":"","meta":{"pgc_sgb_lightbox_settings":""},"product_brand":[],"product_cat":[71,79,15,48,43],"product_tag":[],"class_list":{"0":"post-54018","1":"product","2":"type-product","3":"status-publish","4":"has-post-thumbnail","6":"product_cat-accessoires-bebe","7":"product_cat-accessoires-bebe-bebe-garcon","8":"product_cat-bebe-fille","9":"product_cat-bebe-garcon","10":"product_cat-idee-cadeaux","11":"pa_color-blanc","12":"pa_color-bleu","13":"pa_color-vert","15":"first","16":"outofstock","17":"shipping-taxable","18":"product-type-variable"},"bundled_by":[],"bundle_stock_status":"outofstock","bundle_stock_quantity":null,"bundle_virtual":false,"bundle_layout":"","bundle_add_to_cart_form_location":"","bundle_editable_in_cart":false,"bundle_sold_individually_context":"","bundle_item_grouping":"","bundle_min_size":"","bundle_max_size":"","bundle_price":[],"bundled_items":[],"bundle_sell_ids":[],"jetpack_sharing_enabled":true,"_links":{"self":[{"href":"https:\/\/chahrazadbaby.com\/en\/wp-json\/wp\/v2\/product\/54018","targetHints":{"allow":["GET"]}}],"collection":[{"href":"https:\/\/chahrazadbaby.com\/en\/wp-json\/wp\/v2\/product"}],"about":[{"href":"https:\/\/chahrazadbaby.com\/en\/wp-json\/wp\/v2\/types\/product"}],"wp:featuredmedia":[{"embeddable":true,"href":"https:\/\/chahrazadbaby.com\/en\/wp-json\/wp\/v2\/media\/54030"}],"wp:attachment":[{"href":"https:\/\/chahrazadbaby.com\/en\/wp-json\/wp\/v2\/media?parent=54018"}],"wp:term":[{"taxonomy":"product_brand","embeddable":true,"href":"https:\/\/chahrazadbaby.com\/en\/wp-json\/wp\/v2\/product_brand?post=54018"},{"taxonomy":"product_cat","embeddable":true,"href":"https:\/\/chahrazadbaby.com\/en\/wp-json\/wp\/v2\/product_cat?post=54018"},{"taxonomy":"product_tag","embeddable":true,"href":"https:\/\/chahrazadbaby.com\/en\/wp-json\/wp\/v2\/product_tag?post=54018"}],"curies":[{"name":"wp","href":"https:\/\/api.w.org\/{rel}","templated":true}]}}