{"id":53055,"date":"2025-06-27T16:42:52","date_gmt":"2025-06-27T16:42:52","guid":{"rendered":"https:\/\/chahrazadbaby.com\/fr\/?post_type=product&#038;p=53055"},"modified":"2026-04-15T10:25:14","modified_gmt":"2026-04-15T10:25:14","slug":"lot-de-2-combinaisons-bebe-ete-0-9-mois-100-coton-doux","status":"publish","type":"product","link":"https:\/\/chahrazadbaby.com\/en\/produit\/lot-de-2-combinaisons-bebe-ete-0-9-mois-100-coton-doux\/","title":{"rendered":"Lot de 2 Combinaisons b\u00e9b\u00e9 \u00e9t\u00e9 0 \u00e0 9 mois 100% coton doux"},"content":{"rendered":"<p>.<\/p>\n<p>Craquez pour nos adorables combinaisons d&#8217;\u00e9t\u00e9 pour b\u00e9b\u00e9, vendues par lot de 2 mod\u00e8les assortis. Disponibles de 0 \u00e0 9 mois, elles sont confectionn\u00e9es en 100% coton l\u00e9ger, id\u00e9al pour les journ\u00e9es chaudes. Pratiques, confortables et douces sur la peau d\u00e9licate de b\u00e9b\u00e9. Parfaites pour fille ou gar\u00e7on avec des imprim\u00e9s mignons : bateaux, princesses, messages rigolos et plus encore.<\/p>\n<p>\ud83d\udc76 Taille : 0-3 mois, 3-6 mois, 6-9 mois<\/p>\n<p>\ud83c\udf3f Mati\u00e8re : 100% coton respirant<\/p>\n<p>\ud83c\udf1e Parfait pour l\u2019\u00e9t\u00e9<\/p>\n<p>\ud83e\uddfc Lavable en machine maximum 30\u00b0<\/p>\n<p>\ud83d\udc9d Id\u00e9e cadeau naissance<\/p>\n","protected":false},"excerpt":{"rendered":"<p>. Craquez pour nos adorables combinaisons d&#8217;\u00e9t\u00e9 pour b\u00e9b\u00e9, vendues par lot de 2 mod\u00e8les assortis. Disponibles de 0 \u00e0 9 mois, elles sont confectionn\u00e9es en 100% coton l\u00e9ger, id\u00e9al pour les journ\u00e9es chaudes. Pratiques, confortables et douces sur la peau d\u00e9licate de b\u00e9b\u00e9. Parfaites pour fille ou gar\u00e7on avec des imprim\u00e9s mignons : bateaux,&#8230;<a class=\"r_more_blog\" href=\"https:\/\/chahrazadbaby.com\/en\/produit\/lot-de-2-combinaisons-bebe-ete-0-9-mois-100-coton-doux\/#more-53055\"> continue reading<\/a><\/p>\n","protected":false},"featured_media":53086,"template":"","meta":{"pgc_sgb_lightbox_settings":""},"product_brand":[],"product_cat":[15,48,76,68,43],"product_tag":[],"class_list":{"0":"post-53055","1":"product","2":"type-product","3":"status-publish","4":"has-post-thumbnail","6":"product_cat-bebe-fille","7":"product_cat-bebe-garcon","8":"product_cat-grenouilleres-bebe-garcon-barboteuses-pyjamas","9":"product_cat-grenouillere-barboteuse-et-pyjama","10":"product_cat-idee-cadeaux","11":"pa_color-206","12":"pa_color-215","13":"pa_color-233","14":"pa_color-234","15":"pa_color-235","16":"pa_color-236","17":"pa_color-237","18":"pa_color-207","19":"pa_color-208","20":"pa_color-209","21":"pa_color-210","22":"pa_color-211","23":"pa_color-212","24":"pa_color-213","25":"pa_color-214","27":"first","28":"instock","29":"sale","30":"shipping-taxable","31":"purchasable","32":"product-type-variable","33":"has-default-attributes"},"bundled_by":[],"bundle_stock_status":"instock","bundle_stock_quantity":null,"bundle_virtual":false,"bundle_layout":"","bundle_add_to_cart_form_location":"","bundle_editable_in_cart":false,"bundle_sold_individually_context":"","bundle_item_grouping":"","bundle_min_size":"","bundle_max_size":"","bundle_price":[],"bundled_items":[],"bundle_sell_ids":[],"jetpack_sharing_enabled":true,"_links":{"self":[{"href":"https:\/\/chahrazadbaby.com\/en\/wp-json\/wp\/v2\/product\/53055","targetHints":{"allow":["GET"]}}],"collection":[{"href":"https:\/\/chahrazadbaby.com\/en\/wp-json\/wp\/v2\/product"}],"about":[{"href":"https:\/\/chahrazadbaby.com\/en\/wp-json\/wp\/v2\/types\/product"}],"wp:featuredmedia":[{"embeddable":true,"href":"https:\/\/chahrazadbaby.com\/en\/wp-json\/wp\/v2\/media\/53086"}],"wp:attachment":[{"href":"https:\/\/chahrazadbaby.com\/en\/wp-json\/wp\/v2\/media?parent=53055"}],"wp:term":[{"taxonomy":"product_brand","embeddable":true,"href":"https:\/\/chahrazadbaby.com\/en\/wp-json\/wp\/v2\/product_brand?post=53055"},{"taxonomy":"product_cat","embeddable":true,"href":"https:\/\/chahrazadbaby.com\/en\/wp-json\/wp\/v2\/product_cat?post=53055"},{"taxonomy":"product_tag","embeddable":true,"href":"https:\/\/chahrazadbaby.com\/en\/wp-json\/wp\/v2\/product_tag?post=53055"}],"curies":[{"name":"wp","href":"https:\/\/api.w.org\/{rel}","templated":true}]}}