{"id":52700,"date":"2025-05-29T12:36:29","date_gmt":"2025-05-29T12:36:29","guid":{"rendered":"https:\/\/chahrazadbaby.com\/fr\/?post_type=product&#038;p=52700"},"modified":"2025-09-03T11:56:04","modified_gmt":"2025-09-03T11:56:04","slug":"pack-2-in-1-grenouillere-pyjama-be-cool","status":"publish","type":"product","link":"https:\/\/chahrazadbaby.com\/en\/produit\/pack-2-in-1-grenouillere-pyjama-be-cool\/","title":{"rendered":"Pack 2 in 1 grenouill\u00e8re + pyjama &#8220;Be COOL &#8220;"},"content":{"rendered":"<p>Joli ensemble b\u00e9b\u00e9 en coton 100% doux, compos\u00e9 d\u2019un pyjama zipp\u00e9, pyjama 2 pi\u00e8ces et bonnet . Motifs arc-en-ciel et escargot. Id\u00e9al pour nouveau-n\u00e9, fille ou gar\u00e7on. Disponible en 0-3 \/3-6 et 6-9 mois.<\/p>\n","protected":false},"excerpt":{"rendered":"<p>Joli ensemble b\u00e9b\u00e9 en coton 100% doux, compos\u00e9 d\u2019un pyjama zipp\u00e9, pyjama 2 pi\u00e8ces et bonnet . Motifs arc-en-ciel et escargot. Id\u00e9al pour nouveau-n\u00e9, fille ou gar\u00e7on. Disponible en 0-3 \/3-6 et 6-9 mois.<\/p>\n","protected":false},"featured_media":52742,"template":"","meta":{"pgc_sgb_lightbox_settings":""},"product_brand":[],"product_cat":[15,48,149,150,76,68,43,75,67],"product_tag":[],"class_list":{"0":"post-52700","1":"product","2":"type-product","3":"status-publish","4":"has-post-thumbnail","6":"product_cat-bebe-fille","7":"product_cat-bebe-garcon","8":"product_cat-ensembles","9":"product_cat-ensembles-bebe-garcon","10":"product_cat-grenouilleres-bebe-garcon-barboteuses-pyjamas","11":"product_cat-grenouillere-barboteuse-et-pyjama","12":"product_cat-idee-cadeaux","13":"product_cat-pack-sortie-clinique-bebe-garcon","14":"product_cat-pack-sortie-clinique","16":"first","17":"outofstock","18":"shipping-taxable","19":"product-type-variable"},"bundled_by":[],"bundle_stock_status":"outofstock","bundle_stock_quantity":0,"bundle_virtual":false,"bundle_layout":"","bundle_add_to_cart_form_location":"","bundle_editable_in_cart":false,"bundle_sold_individually_context":"","bundle_item_grouping":"","bundle_min_size":"","bundle_max_size":"","bundle_price":[],"bundled_items":[],"bundle_sell_ids":[],"jetpack_sharing_enabled":true,"_links":{"self":[{"href":"https:\/\/chahrazadbaby.com\/en\/wp-json\/wp\/v2\/product\/52700","targetHints":{"allow":["GET"]}}],"collection":[{"href":"https:\/\/chahrazadbaby.com\/en\/wp-json\/wp\/v2\/product"}],"about":[{"href":"https:\/\/chahrazadbaby.com\/en\/wp-json\/wp\/v2\/types\/product"}],"wp:featuredmedia":[{"embeddable":true,"href":"https:\/\/chahrazadbaby.com\/en\/wp-json\/wp\/v2\/media\/52742"}],"wp:attachment":[{"href":"https:\/\/chahrazadbaby.com\/en\/wp-json\/wp\/v2\/media?parent=52700"}],"wp:term":[{"taxonomy":"product_brand","embeddable":true,"href":"https:\/\/chahrazadbaby.com\/en\/wp-json\/wp\/v2\/product_brand?post=52700"},{"taxonomy":"product_cat","embeddable":true,"href":"https:\/\/chahrazadbaby.com\/en\/wp-json\/wp\/v2\/product_cat?post=52700"},{"taxonomy":"product_tag","embeddable":true,"href":"https:\/\/chahrazadbaby.com\/en\/wp-json\/wp\/v2\/product_tag?post=52700"}],"curies":[{"name":"wp","href":"https:\/\/api.w.org\/{rel}","templated":true}]}}