{"id":52665,"date":"2025-05-28T17:45:12","date_gmt":"2025-05-28T17:45:12","guid":{"rendered":"https:\/\/chahrazadbaby.com\/fr\/?post_type=product&#038;p=52665"},"modified":"2025-11-25T10:57:14","modified_gmt":"2025-11-25T10:57:14","slug":"pack-2-in-1-grenouillere-pyjama-trip-time","status":"publish","type":"product","link":"https:\/\/chahrazadbaby.com\/en\/produit\/pack-2-in-1-grenouillere-pyjama-trip-time\/","title":{"rendered":"Pack 2 in 1 grenouill\u00e8re + pyjama &#8220;trip time&#8221;"},"content":{"rendered":"<p>Joli ensemble b\u00e9b\u00e9 en coton 100% doux, compos\u00e9 d\u2019un pyjama zipp\u00e9, pyjama 2 pi\u00e8ces et bonnet . Motifs arc-en-ciel et escargot. Id\u00e9al pour nouveau-n\u00e9, fille ou gar\u00e7on. Disponible en 0-3 \/3-6 et 6-9 mois.<\/p>\n","protected":false},"excerpt":{"rendered":"<p>Joli ensemble b\u00e9b\u00e9 en coton 100% doux, compos\u00e9 d\u2019un pyjama zipp\u00e9, pyjama 2 pi\u00e8ces et bonnet . Motifs arc-en-ciel et escargot. Id\u00e9al pour nouveau-n\u00e9, fille ou gar\u00e7on. Disponible en 0-3 \/3-6 et 6-9 mois.<\/p>\n","protected":false},"featured_media":52661,"template":"","meta":{"pgc_sgb_lightbox_settings":""},"product_brand":[],"product_cat":[15,149,68,43,67],"product_tag":[],"class_list":{"0":"post-52665","1":"product","2":"type-product","3":"status-publish","4":"has-post-thumbnail","6":"product_cat-bebe-fille","7":"product_cat-ensembles","8":"product_cat-grenouillere-barboteuse-et-pyjama","9":"product_cat-idee-cadeaux","10":"product_cat-pack-sortie-clinique","12":"first","13":"instock","14":"sale","15":"shipping-taxable","16":"purchasable","17":"product-type-variable"},"bundled_by":[],"bundle_stock_status":"instock","bundle_stock_quantity":90,"bundle_virtual":false,"bundle_layout":"","bundle_add_to_cart_form_location":"","bundle_editable_in_cart":false,"bundle_sold_individually_context":"","bundle_item_grouping":"","bundle_min_size":"","bundle_max_size":"","bundle_price":[],"bundled_items":[],"bundle_sell_ids":[],"jetpack_sharing_enabled":true,"_links":{"self":[{"href":"https:\/\/chahrazadbaby.com\/en\/wp-json\/wp\/v2\/product\/52665","targetHints":{"allow":["GET"]}}],"collection":[{"href":"https:\/\/chahrazadbaby.com\/en\/wp-json\/wp\/v2\/product"}],"about":[{"href":"https:\/\/chahrazadbaby.com\/en\/wp-json\/wp\/v2\/types\/product"}],"wp:featuredmedia":[{"embeddable":true,"href":"https:\/\/chahrazadbaby.com\/en\/wp-json\/wp\/v2\/media\/52661"}],"wp:attachment":[{"href":"https:\/\/chahrazadbaby.com\/en\/wp-json\/wp\/v2\/media?parent=52665"}],"wp:term":[{"taxonomy":"product_brand","embeddable":true,"href":"https:\/\/chahrazadbaby.com\/en\/wp-json\/wp\/v2\/product_brand?post=52665"},{"taxonomy":"product_cat","embeddable":true,"href":"https:\/\/chahrazadbaby.com\/en\/wp-json\/wp\/v2\/product_cat?post=52665"},{"taxonomy":"product_tag","embeddable":true,"href":"https:\/\/chahrazadbaby.com\/en\/wp-json\/wp\/v2\/product_tag?post=52665"}],"curies":[{"name":"wp","href":"https:\/\/api.w.org\/{rel}","templated":true}]}}