{"id":52455,"date":"2025-05-23T21:54:32","date_gmt":"2025-05-23T21:54:32","guid":{"rendered":"https:\/\/chahrazadbaby.com\/fr\/?post_type=product&#038;p=52455"},"modified":"2026-04-11T08:42:49","modified_gmt":"2026-04-11T08:42:49","slug":"pack-2-body-2-pantalon-pour-bebe-gazelle","status":"publish","type":"product","link":"https:\/\/chahrazadbaby.com\/en\/produit\/pack-2-body-2-pantalon-pour-bebe-gazelle\/","title":{"rendered":"Pack 2 Body 2 Pantalon pour b\u00e9b\u00e9  &#8220;GAZELLE &#8220;"},"content":{"rendered":"<p>Fabriqu\u00e9 en coton doux et hypoallerg\u00e9nique, id\u00e9al pour la peau d\u00e9licate des tout-petits.<\/p>\n<p>Un ensemble plein de douceur pour des moments cocooning, \u00e0 la maison ou en sortie.<\/p>\n<p>Taille : disponible de 0 \u00e0 9mois<\/p>\n<p>Couleur : blanc et vert<\/p>\n<p>Entretien : lavage en machine \u00e0 30\u00b0C<\/p>\n","protected":false},"excerpt":{"rendered":"<p>Fabriqu\u00e9 en coton doux et hypoallerg\u00e9nique, id\u00e9al pour la peau d\u00e9licate des tout-petits. Un ensemble plein de douceur pour des moments cocooning, \u00e0 la maison ou en sortie. Taille : disponible de 0 \u00e0 9mois Couleur : blanc et vert Entretien : lavage en machine \u00e0 30\u00b0C<\/p>\n","protected":false},"featured_media":52454,"template":"","meta":{"pgc_sgb_lightbox_settings":""},"product_brand":[],"product_cat":[15,149,68,67],"product_tag":[],"class_list":{"0":"post-52455","1":"product","2":"type-product","3":"status-publish","4":"has-post-thumbnail","6":"product_cat-bebe-fille","7":"product_cat-ensembles","8":"product_cat-grenouillere-barboteuse-et-pyjama","9":"product_cat-pack-sortie-clinique","11":"first","12":"outofstock","13":"shipping-taxable","14":"product-type-variable"},"bundled_by":[],"bundle_stock_status":"outofstock","bundle_stock_quantity":0,"bundle_virtual":false,"bundle_layout":"","bundle_add_to_cart_form_location":"","bundle_editable_in_cart":false,"bundle_sold_individually_context":"","bundle_item_grouping":"","bundle_min_size":"","bundle_max_size":"","bundle_price":[],"bundled_items":[],"bundle_sell_ids":[],"jetpack_sharing_enabled":true,"_links":{"self":[{"href":"https:\/\/chahrazadbaby.com\/en\/wp-json\/wp\/v2\/product\/52455","targetHints":{"allow":["GET"]}}],"collection":[{"href":"https:\/\/chahrazadbaby.com\/en\/wp-json\/wp\/v2\/product"}],"about":[{"href":"https:\/\/chahrazadbaby.com\/en\/wp-json\/wp\/v2\/types\/product"}],"wp:featuredmedia":[{"embeddable":true,"href":"https:\/\/chahrazadbaby.com\/en\/wp-json\/wp\/v2\/media\/52454"}],"wp:attachment":[{"href":"https:\/\/chahrazadbaby.com\/en\/wp-json\/wp\/v2\/media?parent=52455"}],"wp:term":[{"taxonomy":"product_brand","embeddable":true,"href":"https:\/\/chahrazadbaby.com\/en\/wp-json\/wp\/v2\/product_brand?post=52455"},{"taxonomy":"product_cat","embeddable":true,"href":"https:\/\/chahrazadbaby.com\/en\/wp-json\/wp\/v2\/product_cat?post=52455"},{"taxonomy":"product_tag","embeddable":true,"href":"https:\/\/chahrazadbaby.com\/en\/wp-json\/wp\/v2\/product_tag?post=52455"}],"curies":[{"name":"wp","href":"https:\/\/api.w.org\/{rel}","templated":true}]}}