{"id":52046,"date":"2025-05-05T20:07:11","date_gmt":"2025-05-05T20:07:11","guid":{"rendered":"https:\/\/chahrazadbaby.com\/fr\/?post_type=product&#038;p=52046"},"modified":"2025-12-05T08:21:59","modified_gmt":"2025-12-05T08:21:59","slug":"pack-2-body-2-pantalon-pour-bebe-spring-flowers","status":"publish","type":"product","link":"https:\/\/chahrazadbaby.com\/en\/produit\/pack-2-body-2-pantalon-pour-bebe-spring-flowers\/","title":{"rendered":"Pack 2 Body 2 Pantalon pour b\u00e9b\u00e9  &#8221; Spring Flowers &#8220;"},"content":{"rendered":"<p>Pack 4 pi\u00e8ces &#8220;Spring Flowers&#8221; &#8211; B\u00e9b\u00e9 fille<\/p>\n<p>Ajoutez une touche de fra\u00eecheur et de tendresse \u00e0 la garde-robe de votre princesse avec ce pack 4 pi\u00e8ces au th\u00e8me fleuri tout doux :<\/p>\n<p>1 body manches courtes avec joli imprim\u00e9 de fleurs dans une poche bleue<\/p>\n<p>1 body d\u00e9bardeur orn\u00e9 d\u2019une tulipe rose et d\u2019un petit papillon<\/p>\n<p>1 pantalon avec pieds d\u00e9cor\u00e9 d\u2019une tulipe printani\u00e8re<\/p>\n<p>1 pantalon sans pieds assorti avec motif floral en poche<\/p>\n<p>Fabriqu\u00e9 en coton 100% doux et hypoallerg\u00e9nique, id\u00e9al pour la peau d\u00e9licate des tout-petits.<\/p>\n<p>Un ensemble plein de douceur pour des moments cocooning, \u00e0 la maison ou en sortie.<\/p>\n<p>Taille : disponible de 0 \u00e0 9mois<br \/>\nCouleur : blanc avec imprim\u00e9s rose, bleu et vert<br \/>\nEntretien : lavage en machine \u00e0 30\u00b0C<\/p>\n","protected":false},"excerpt":{"rendered":"<p>Pack 4 pi\u00e8ces &#8220;Spring Flowers&#8221; &#8211; B\u00e9b\u00e9 fille Ajoutez une touche de fra\u00eecheur et de tendresse \u00e0 la garde-robe de votre princesse avec ce pack 4 pi\u00e8ces au th\u00e8me fleuri tout doux : 1 body manches courtes avec joli imprim\u00e9 de fleurs dans une poche bleue 1 body d\u00e9bardeur orn\u00e9 d\u2019une tulipe rose et d\u2019un&#8230;<a class=\"r_more_blog\" href=\"https:\/\/chahrazadbaby.com\/en\/produit\/pack-2-body-2-pantalon-pour-bebe-spring-flowers\/#more-52046\"> continue reading<\/a><\/p>\n","protected":false},"featured_media":52044,"template":"","meta":{"pgc_sgb_lightbox_settings":""},"product_brand":[],"product_cat":[15,68],"product_tag":[],"class_list":{"0":"post-52046","1":"product","2":"type-product","3":"status-publish","4":"has-post-thumbnail","6":"product_cat-bebe-fille","7":"product_cat-grenouillere-barboteuse-et-pyjama","9":"first","10":"outofstock","11":"shipping-taxable","12":"product-type-variable"},"bundled_by":[],"bundle_stock_status":"outofstock","bundle_stock_quantity":null,"bundle_virtual":false,"bundle_layout":"","bundle_add_to_cart_form_location":"","bundle_editable_in_cart":false,"bundle_sold_individually_context":"","bundle_item_grouping":"","bundle_min_size":"","bundle_max_size":"","bundle_price":[],"bundled_items":[],"bundle_sell_ids":[],"jetpack_sharing_enabled":true,"_links":{"self":[{"href":"https:\/\/chahrazadbaby.com\/en\/wp-json\/wp\/v2\/product\/52046","targetHints":{"allow":["GET"]}}],"collection":[{"href":"https:\/\/chahrazadbaby.com\/en\/wp-json\/wp\/v2\/product"}],"about":[{"href":"https:\/\/chahrazadbaby.com\/en\/wp-json\/wp\/v2\/types\/product"}],"wp:featuredmedia":[{"embeddable":true,"href":"https:\/\/chahrazadbaby.com\/en\/wp-json\/wp\/v2\/media\/52044"}],"wp:attachment":[{"href":"https:\/\/chahrazadbaby.com\/en\/wp-json\/wp\/v2\/media?parent=52046"}],"wp:term":[{"taxonomy":"product_brand","embeddable":true,"href":"https:\/\/chahrazadbaby.com\/en\/wp-json\/wp\/v2\/product_brand?post=52046"},{"taxonomy":"product_cat","embeddable":true,"href":"https:\/\/chahrazadbaby.com\/en\/wp-json\/wp\/v2\/product_cat?post=52046"},{"taxonomy":"product_tag","embeddable":true,"href":"https:\/\/chahrazadbaby.com\/en\/wp-json\/wp\/v2\/product_tag?post=52046"}],"curies":[{"name":"wp","href":"https:\/\/api.w.org\/{rel}","templated":true}]}}