{"id":52040,"date":"2025-05-05T20:00:52","date_gmt":"2025-05-05T20:00:52","guid":{"rendered":"https:\/\/chahrazadbaby.com\/fr\/?post_type=product&#038;p=52040"},"modified":"2025-12-05T08:20:13","modified_gmt":"2025-12-05T08:20:13","slug":"pack-2-body-2-pantalon-pour-bebe-sunny-day","status":"publish","type":"product","link":"https:\/\/chahrazadbaby.com\/en\/produit\/pack-2-body-2-pantalon-pour-bebe-sunny-day\/","title":{"rendered":"Pack 2 Body 2 Pantalon pour b\u00e9b\u00e9  &#8220;sunny day &#8220;"},"content":{"rendered":"<p>Pack 4 pi\u00e8ces &#8220;Sunny Day&#8221; &#8211; B\u00e9b\u00e9<\/p>\n<p>Offrez \u00e0 votre b\u00e9b\u00e9 une touche de gaiet\u00e9 avec ce joli pack 4 pi\u00e8ces sur le th\u00e8me &#8220;Sunny Day&#8221;, parfait pour illuminer ses journ\u00e9es :<\/p>\n<p>1 body manches courtes avec motif &#8220;Happy Day&#8221; et petit nuage souriant<\/p>\n<p>1 body d\u00e9bardeur orn\u00e9 d\u2019un joli soleil jaune<\/p>\n<p>1 pantalon avec pieds imprim\u00e9 soleil rayonnant<\/p>\n<p>1 pantalon sans pieds assorti avec motif &#8220;Happy Day&#8221;<\/p>\n<p>Confectionn\u00e9 en coton doux, l\u00e9ger et respirant, id\u00e9al pour la peau sensible de b\u00e9b\u00e9.<\/p>\n<p>Un ensemble confortable, pratique et plein de bonne humeur, parfait pour les journ\u00e9es \u00e0 la maison ou les sorties.<\/p>\n<p>Taille : disponible de 0 \u00e0 9 mois<br \/>\nCouleur : blanc avec imprim\u00e9s jaunes et verts<br \/>\nEntretien : lavage en machine \u00e0 30\u00b0C<\/p>\n","protected":false},"excerpt":{"rendered":"<p>Pack 4 pi\u00e8ces &#8220;Sunny Day&#8221; &#8211; B\u00e9b\u00e9 Offrez \u00e0 votre b\u00e9b\u00e9 une touche de gaiet\u00e9 avec ce joli pack 4 pi\u00e8ces sur le th\u00e8me &#8220;Sunny Day&#8221;, parfait pour illuminer ses journ\u00e9es : 1 body manches courtes avec motif &#8220;Happy Day&#8221; et petit nuage souriant 1 body d\u00e9bardeur orn\u00e9 d\u2019un joli soleil jaune 1 pantalon avec&#8230;<a class=\"r_more_blog\" href=\"https:\/\/chahrazadbaby.com\/en\/produit\/pack-2-body-2-pantalon-pour-bebe-sunny-day\/#more-52040\"> continue reading<\/a><\/p>\n","protected":false},"featured_media":52038,"template":"","meta":{"pgc_sgb_lightbox_settings":""},"product_brand":[],"product_cat":[15,48,76,68],"product_tag":[],"class_list":{"0":"post-52040","1":"product","2":"type-product","3":"status-publish","4":"has-post-thumbnail","6":"product_cat-bebe-fille","7":"product_cat-bebe-garcon","8":"product_cat-grenouilleres-bebe-garcon-barboteuses-pyjamas","9":"product_cat-grenouillere-barboteuse-et-pyjama","11":"first","12":"outofstock","13":"shipping-taxable","14":"product-type-variable"},"bundled_by":[],"bundle_stock_status":"outofstock","bundle_stock_quantity":null,"bundle_virtual":false,"bundle_layout":"","bundle_add_to_cart_form_location":"","bundle_editable_in_cart":false,"bundle_sold_individually_context":"","bundle_item_grouping":"","bundle_min_size":"","bundle_max_size":"","bundle_price":[],"bundled_items":[],"bundle_sell_ids":[],"jetpack_sharing_enabled":true,"_links":{"self":[{"href":"https:\/\/chahrazadbaby.com\/en\/wp-json\/wp\/v2\/product\/52040","targetHints":{"allow":["GET"]}}],"collection":[{"href":"https:\/\/chahrazadbaby.com\/en\/wp-json\/wp\/v2\/product"}],"about":[{"href":"https:\/\/chahrazadbaby.com\/en\/wp-json\/wp\/v2\/types\/product"}],"wp:featuredmedia":[{"embeddable":true,"href":"https:\/\/chahrazadbaby.com\/en\/wp-json\/wp\/v2\/media\/52038"}],"wp:attachment":[{"href":"https:\/\/chahrazadbaby.com\/en\/wp-json\/wp\/v2\/media?parent=52040"}],"wp:term":[{"taxonomy":"product_brand","embeddable":true,"href":"https:\/\/chahrazadbaby.com\/en\/wp-json\/wp\/v2\/product_brand?post=52040"},{"taxonomy":"product_cat","embeddable":true,"href":"https:\/\/chahrazadbaby.com\/en\/wp-json\/wp\/v2\/product_cat?post=52040"},{"taxonomy":"product_tag","embeddable":true,"href":"https:\/\/chahrazadbaby.com\/en\/wp-json\/wp\/v2\/product_tag?post=52040"}],"curies":[{"name":"wp","href":"https:\/\/api.w.org\/{rel}","templated":true}]}}