{"id":51979,"date":"2025-05-03T16:25:58","date_gmt":"2025-05-03T16:25:58","guid":{"rendered":"https:\/\/chahrazadbaby.com\/fr\/?post_type=product&#038;p=51979"},"modified":"2025-05-03T16:26:53","modified_gmt":"2025-05-03T16:26:53","slug":"lot-de-2-grenouilleres-bebe-100-coton-cats","status":"publish","type":"product","link":"https:\/\/chahrazadbaby.com\/en\/produit\/lot-de-2-grenouilleres-bebe-100-coton-cats\/","title":{"rendered":"Lot de 2 grenouill\u00e8res b\u00e9b\u00e9 100% coton \u2013 CATS"},"content":{"rendered":"<p>Offrez \u00e0 votre b\u00e9b\u00e9 douceur et confort avec ce joli duo de grenouill\u00e8res en coton 100%.<br \/>\nParfaites pour les moments de sommeil comme pour les instants c\u00e2lins, ces grenouill\u00e8res sont faciles \u00e0 enfiler gr\u00e2ce aux boutons-pression pratiques et pens\u00e9es pour respecter la peau d\u00e9licate de b\u00e9b\u00e9.<\/p>\n<p>Tailles disponibles : 0-3 mois, 3-6 mois, 6-9 mois<\/p>\n<p>Mati\u00e8re douce, respirante et hypoallerg\u00e9nique (100% coton)<\/p>\n","protected":false},"excerpt":{"rendered":"<p>Offrez \u00e0 votre b\u00e9b\u00e9 douceur et confort avec ce joli duo de grenouill\u00e8res en coton 100%. Parfaites pour les moments de sommeil comme pour les instants c\u00e2lins, ces grenouill\u00e8res sont faciles \u00e0 enfiler gr\u00e2ce aux boutons-pression pratiques et pens\u00e9es pour respecter la peau d\u00e9licate de b\u00e9b\u00e9. Tailles disponibles : 0-3 mois, 3-6 mois, 6-9 mois&#8230;<a class=\"r_more_blog\" href=\"https:\/\/chahrazadbaby.com\/en\/produit\/lot-de-2-grenouilleres-bebe-100-coton-cats\/#more-51979\"> continue reading<\/a><\/p>\n","protected":false},"featured_media":51976,"template":"","meta":{"pgc_sgb_lightbox_settings":""},"product_brand":[],"product_cat":[15,68],"product_tag":[],"class_list":{"0":"post-51979","1":"product","2":"type-product","3":"status-publish","4":"has-post-thumbnail","6":"product_cat-bebe-fille","7":"product_cat-grenouillere-barboteuse-et-pyjama","9":"first","10":"instock","11":"sale","12":"shipping-taxable","13":"purchasable","14":"product-type-variable"},"bundled_by":[],"bundle_stock_status":"instock","bundle_stock_quantity":null,"bundle_virtual":false,"bundle_layout":"","bundle_add_to_cart_form_location":"","bundle_editable_in_cart":false,"bundle_sold_individually_context":"","bundle_item_grouping":"","bundle_min_size":"","bundle_max_size":"","bundle_price":[],"bundled_items":[],"bundle_sell_ids":[],"jetpack_sharing_enabled":true,"_links":{"self":[{"href":"https:\/\/chahrazadbaby.com\/en\/wp-json\/wp\/v2\/product\/51979","targetHints":{"allow":["GET"]}}],"collection":[{"href":"https:\/\/chahrazadbaby.com\/en\/wp-json\/wp\/v2\/product"}],"about":[{"href":"https:\/\/chahrazadbaby.com\/en\/wp-json\/wp\/v2\/types\/product"}],"wp:featuredmedia":[{"embeddable":true,"href":"https:\/\/chahrazadbaby.com\/en\/wp-json\/wp\/v2\/media\/51976"}],"wp:attachment":[{"href":"https:\/\/chahrazadbaby.com\/en\/wp-json\/wp\/v2\/media?parent=51979"}],"wp:term":[{"taxonomy":"product_brand","embeddable":true,"href":"https:\/\/chahrazadbaby.com\/en\/wp-json\/wp\/v2\/product_brand?post=51979"},{"taxonomy":"product_cat","embeddable":true,"href":"https:\/\/chahrazadbaby.com\/en\/wp-json\/wp\/v2\/product_cat?post=51979"},{"taxonomy":"product_tag","embeddable":true,"href":"https:\/\/chahrazadbaby.com\/en\/wp-json\/wp\/v2\/product_tag?post=51979"}],"curies":[{"name":"wp","href":"https:\/\/api.w.org\/{rel}","templated":true}]}}