{"id":51854,"date":"2025-05-01T18:59:25","date_gmt":"2025-05-01T18:59:25","guid":{"rendered":"https:\/\/chahrazadbaby.com\/fr\/?post_type=product&#038;p=51854"},"modified":"2026-03-22T18:33:41","modified_gmt":"2026-03-22T18:33:41","slug":"susette-philips-avent-ultra-air-night-0-6mois-3-2-2-2-2","status":"publish","type":"product","link":"https:\/\/chahrazadbaby.com\/en\/produit\/susette-philips-avent-ultra-air-night-0-6mois-3-2-2-2-2\/","title":{"rendered":"susette Philips Avent Ultra air  6-18 mois &#8211; sea- gar\u00e7on &#8211;"},"content":{"rendered":"<p>R\u00e9confortez votre b\u00e9b\u00e9 avec le confort de la circulation d&#8217;air. La sucette ultra air Philips Avent est dot\u00e9e de trous extra-larges qui maintiennent la peau au sec. Elle est \u00e9galement dot\u00e9e d&#8217;une pastille phosphorescente permettant de la rep\u00e9rer une fois la lumi\u00e8re \u00e9teinte. Diff\u00e9rents coloris et d\u00e9corations sont disponibles.<\/p>\n","protected":false},"excerpt":{"rendered":"<p>R\u00e9confortez votre b\u00e9b\u00e9 avec le confort de la circulation d&#8217;air. La sucette ultra air Philips Avent est dot\u00e9e de trous extra-larges qui maintiennent la peau au sec. Elle est \u00e9galement dot\u00e9e d&#8217;une pastille phosphorescente permettant de la rep\u00e9rer une fois la lumi\u00e8re \u00e9teinte. Diff\u00e9rents coloris et d\u00e9corations sont disponibles.<\/p>\n","protected":false},"featured_media":51855,"template":"","meta":{"pgc_sgb_lightbox_settings":""},"product_brand":[],"product_cat":[15,48,82,74],"product_tag":[],"class_list":{"0":"post-51854","1":"product","2":"type-product","3":"status-publish","4":"has-post-thumbnail","6":"product_cat-bebe-fille","7":"product_cat-bebe-garcon","8":"product_cat-produits-de-soin-bebe-garcon","9":"product_cat-produits-de-soin","11":"first","12":"outofstock","13":"sale","14":"shipping-taxable","15":"purchasable","16":"product-type-simple"},"bundled_by":[],"bundle_stock_status":"outofstock","bundle_stock_quantity":0,"bundle_virtual":false,"bundle_layout":"","bundle_add_to_cart_form_location":"","bundle_editable_in_cart":false,"bundle_sold_individually_context":"","bundle_item_grouping":"","bundle_min_size":"","bundle_max_size":"","bundle_price":[],"bundled_items":[],"bundle_sell_ids":[],"jetpack_sharing_enabled":true,"_links":{"self":[{"href":"https:\/\/chahrazadbaby.com\/en\/wp-json\/wp\/v2\/product\/51854","targetHints":{"allow":["GET"]}}],"collection":[{"href":"https:\/\/chahrazadbaby.com\/en\/wp-json\/wp\/v2\/product"}],"about":[{"href":"https:\/\/chahrazadbaby.com\/en\/wp-json\/wp\/v2\/types\/product"}],"wp:featuredmedia":[{"embeddable":true,"href":"https:\/\/chahrazadbaby.com\/en\/wp-json\/wp\/v2\/media\/51855"}],"wp:attachment":[{"href":"https:\/\/chahrazadbaby.com\/en\/wp-json\/wp\/v2\/media?parent=51854"}],"wp:term":[{"taxonomy":"product_brand","embeddable":true,"href":"https:\/\/chahrazadbaby.com\/en\/wp-json\/wp\/v2\/product_brand?post=51854"},{"taxonomy":"product_cat","embeddable":true,"href":"https:\/\/chahrazadbaby.com\/en\/wp-json\/wp\/v2\/product_cat?post=51854"},{"taxonomy":"product_tag","embeddable":true,"href":"https:\/\/chahrazadbaby.com\/en\/wp-json\/wp\/v2\/product_tag?post=51854"}],"curies":[{"name":"wp","href":"https:\/\/api.w.org\/{rel}","templated":true}]}}