{"id":51816,"date":"2025-05-01T15:50:27","date_gmt":"2025-05-01T15:50:27","guid":{"rendered":"https:\/\/chahrazadbaby.com\/fr\/produit\/philips-avent-sootherultra-start-nuit-0-2mois\/"},"modified":"2025-05-16T11:48:31","modified_gmt":"2025-05-16T11:48:31","slug":"philips-avent-sootherultra-start-nuit-0-2mois","status":"publish","type":"product","link":"https:\/\/chahrazadbaby.com\/en\/produit\/philips-avent-sootherultra-start-nuit-0-2mois\/","title":{"rendered":"Philips Avent Soother\nultra start nuit 0-2mois"},"content":{"rendered":"<p>Apaisez votre nouveau-n\u00e9 d\u00e8s le 1er jour pour votre tranquillit\u00e9 d&#8217;esprit. Notre sucette de nuit ultra start Philips Avent s&#8217;adapte parfaitement \u00e0 la bouche de votre nouveau-n\u00e9 et peut \u00eatre utilis\u00e9e sans risque jusqu&#8217;\u00e0 six mois. Vous la retrouverez facilement la nuit gr\u00e2ce \u00e0 sa pastille phosphorescente.<\/p>\n","protected":false},"excerpt":{"rendered":"<p>Apaisez votre nouveau-n\u00e9 d\u00e8s le 1er jour pour votre tranquillit\u00e9 d&#8217;esprit. Notre sucette de nuit ultra start Philips Avent s&#8217;adapte parfaitement \u00e0 la bouche de votre nouveau-n\u00e9 et peut \u00eatre utilis\u00e9e sans risque jusqu&#8217;\u00e0 six mois. Vous la retrouverez facilement la nuit gr\u00e2ce \u00e0 sa pastille phosphorescente.<\/p>\n","protected":false},"featured_media":51808,"template":"","meta":{"pgc_sgb_lightbox_settings":""},"product_brand":[],"product_cat":[15],"product_tag":[],"class_list":{"0":"post-51816","1":"product","2":"type-product","3":"status-publish","4":"has-post-thumbnail","6":"product_cat-bebe-fille","8":"first","9":"outofstock","10":"shipping-taxable","11":"purchasable","12":"product-type-simple"},"bundled_by":[],"bundle_stock_status":"outofstock","bundle_stock_quantity":0,"bundle_virtual":false,"bundle_layout":"","bundle_add_to_cart_form_location":"","bundle_editable_in_cart":false,"bundle_sold_individually_context":"","bundle_item_grouping":"","bundle_min_size":"","bundle_max_size":"","bundle_price":[],"bundled_items":[],"bundle_sell_ids":[],"jetpack_sharing_enabled":true,"_links":{"self":[{"href":"https:\/\/chahrazadbaby.com\/en\/wp-json\/wp\/v2\/product\/51816","targetHints":{"allow":["GET"]}}],"collection":[{"href":"https:\/\/chahrazadbaby.com\/en\/wp-json\/wp\/v2\/product"}],"about":[{"href":"https:\/\/chahrazadbaby.com\/en\/wp-json\/wp\/v2\/types\/product"}],"wp:featuredmedia":[{"embeddable":true,"href":"https:\/\/chahrazadbaby.com\/en\/wp-json\/wp\/v2\/media\/51808"}],"wp:attachment":[{"href":"https:\/\/chahrazadbaby.com\/en\/wp-json\/wp\/v2\/media?parent=51816"}],"wp:term":[{"taxonomy":"product_brand","embeddable":true,"href":"https:\/\/chahrazadbaby.com\/en\/wp-json\/wp\/v2\/product_brand?post=51816"},{"taxonomy":"product_cat","embeddable":true,"href":"https:\/\/chahrazadbaby.com\/en\/wp-json\/wp\/v2\/product_cat?post=51816"},{"taxonomy":"product_tag","embeddable":true,"href":"https:\/\/chahrazadbaby.com\/en\/wp-json\/wp\/v2\/product_tag?post=51816"}],"curies":[{"name":"wp","href":"https:\/\/api.w.org\/{rel}","templated":true}]}}