{"id":51793,"date":"2025-05-01T11:24:24","date_gmt":"2025-05-01T11:24:24","guid":{"rendered":"https:\/\/chahrazadbaby.com\/fr\/?post_type=product&#038;p=51793"},"modified":"2026-04-09T14:50:27","modified_gmt":"2026-04-09T14:50:27","slug":"pack-2-body-2-pantalon-pour-bebe-je-taime-maman","status":"publish","type":"product","link":"https:\/\/chahrazadbaby.com\/en\/produit\/pack-2-body-2-pantalon-pour-bebe-je-taime-maman\/","title":{"rendered":"Pack 2 Body 2 Pantalon pour b\u00e9b\u00e9  &#8221; je t&#8217;aime maman&#8221;"},"content":{"rendered":"<p>C\u00e9l\u00e9brez l\u2019amour et la tendresse avec ce joli pack de 4 pi\u00e8ces pens\u00e9 pour les b\u00e9b\u00e9s et leurs mamans ador\u00e9es :<\/p>\n<p>1 body manches courtes orn\u00e9 d\u2019un petit lapin avec l\u2019inscription &#8220;Je t\u2019aime Maman&#8221;<\/p>\n<p>1 body manches courtes avec le message doux &#8220;The Best Mom&#8221;, en vert clair apaisant<\/p>\n<p>1 pantalon avec pieds d\u00e9cor\u00e9 d\u2019un petit lapin tout mignon<\/p>\n<p>1 pantalon sans pieds assorti, avec des d\u00e9tails imprim\u00e9s sur le th\u00e8me &#8220;maman &amp; b\u00e9b\u00e9&#8221;<\/p>\n<p>Confectionn\u00e9 en coton doux et respirant, id\u00e9al pour chouchouter la peau d\u00e9licate de b\u00e9b\u00e9.<\/p>\n<p>Un ensemble adorable, confortable et plein d\u2019amour, parfait pour accompagner les moments c\u00e2lins du quotidien.<\/p>\n<p>Taille : disponible de 0 \u00e0 24 mois<br \/>\nCouleur : blanc, vert clair et touches de gris<br \/>\nEntretien : lavage en machine \u00e0 30\u00b0C<\/p>\n","protected":false},"excerpt":{"rendered":"<p>C\u00e9l\u00e9brez l\u2019amour et la tendresse avec ce joli pack de 4 pi\u00e8ces pens\u00e9 pour les b\u00e9b\u00e9s et leurs mamans ador\u00e9es : 1 body manches courtes orn\u00e9 d\u2019un petit lapin avec l\u2019inscription &#8220;Je t\u2019aime Maman&#8221; 1 body manches courtes avec le message doux &#8220;The Best Mom&#8221;, en vert clair apaisant 1 pantalon avec pieds d\u00e9cor\u00e9 d\u2019un&#8230;<a class=\"r_more_blog\" href=\"https:\/\/chahrazadbaby.com\/en\/produit\/pack-2-body-2-pantalon-pour-bebe-je-taime-maman\/#more-51793\"> continue reading<\/a><\/p>\n","protected":false},"featured_media":51792,"template":"","meta":{"pgc_sgb_lightbox_settings":""},"product_brand":[],"product_cat":[15,48],"product_tag":[],"class_list":{"0":"post-51793","1":"product","2":"type-product","3":"status-publish","4":"has-post-thumbnail","6":"product_cat-bebe-fille","7":"product_cat-bebe-garcon","9":"first","10":"outofstock","11":"shipping-taxable","12":"purchasable","13":"product-type-variable"},"bundled_by":[],"bundle_stock_status":"outofstock","bundle_stock_quantity":0,"bundle_virtual":false,"bundle_layout":"","bundle_add_to_cart_form_location":"","bundle_editable_in_cart":false,"bundle_sold_individually_context":"","bundle_item_grouping":"","bundle_min_size":"","bundle_max_size":"","bundle_price":[],"bundled_items":[],"bundle_sell_ids":[],"jetpack_sharing_enabled":true,"_links":{"self":[{"href":"https:\/\/chahrazadbaby.com\/en\/wp-json\/wp\/v2\/product\/51793","targetHints":{"allow":["GET"]}}],"collection":[{"href":"https:\/\/chahrazadbaby.com\/en\/wp-json\/wp\/v2\/product"}],"about":[{"href":"https:\/\/chahrazadbaby.com\/en\/wp-json\/wp\/v2\/types\/product"}],"wp:featuredmedia":[{"embeddable":true,"href":"https:\/\/chahrazadbaby.com\/en\/wp-json\/wp\/v2\/media\/51792"}],"wp:attachment":[{"href":"https:\/\/chahrazadbaby.com\/en\/wp-json\/wp\/v2\/media?parent=51793"}],"wp:term":[{"taxonomy":"product_brand","embeddable":true,"href":"https:\/\/chahrazadbaby.com\/en\/wp-json\/wp\/v2\/product_brand?post=51793"},{"taxonomy":"product_cat","embeddable":true,"href":"https:\/\/chahrazadbaby.com\/en\/wp-json\/wp\/v2\/product_cat?post=51793"},{"taxonomy":"product_tag","embeddable":true,"href":"https:\/\/chahrazadbaby.com\/en\/wp-json\/wp\/v2\/product_tag?post=51793"}],"curies":[{"name":"wp","href":"https:\/\/api.w.org\/{rel}","templated":true}]}}