{"id":51648,"date":"2025-04-26T13:56:38","date_gmt":"2025-04-26T13:56:38","guid":{"rendered":"https:\/\/chahrazadbaby.com\/fr\/?post_type=product&#038;p=51648"},"modified":"2026-04-09T14:50:36","modified_gmt":"2026-04-09T14:50:36","slug":"pack-2-body-2-pantalon-pour-bebe-hi-friends","status":"publish","type":"product","link":"https:\/\/chahrazadbaby.com\/en\/produit\/pack-2-body-2-pantalon-pour-bebe-hi-friends\/","title":{"rendered":"Pack 2 Body 2 Pantalon pour b\u00e9b\u00e9  &#8221; hi Friends&#8221;"},"content":{"rendered":"<p>Pack 4 pi\u00e8ces &#8220;Hi Friends&#8221; &#8211; B\u00e9b\u00e9<\/p>\n<p>Offrez \u00e0 votre b\u00e9b\u00e9 douceur et confort avec ce joli pack de 4 pi\u00e8ces aux motifs d&#8217;\u00e9l\u00e9phant tendre :<\/p>\n<p>1 body manches courtes imprim\u00e9 avec un \u00e9l\u00e9phant mignon<\/p>\n<p>1 body d\u00e9bardeur avec inscription &#8220;Hi Friends&#8221;<\/p>\n<p>1 pantalon avec pieds d\u00e9cor\u00e9 d&#8217;un \u00e9l\u00e9phant adorable<\/p>\n<p>1 pantalon sans pieds assorti au th\u00e8me &#8220;Hi Friends&#8221;<\/p>\n<p>Confectionn\u00e9 en coton doux et respirant, parfait pour la peau sensible de b\u00e9b\u00e9.<\/p>\n<p>Ce pack est id\u00e9al pour allier style, confort et praticit\u00e9 au quotidien.<\/p>\n<p>Taille : disponible de 0 \u00e0 24 mois<br \/>\nCouleur : blanc avec motifs bleus<br \/>\nEntretien : lavage en machine \u00e0 30\u00b0C<\/p>\n","protected":false},"excerpt":{"rendered":"<p>Pack 4 pi\u00e8ces &#8220;Hi Friends&#8221; &#8211; B\u00e9b\u00e9 Offrez \u00e0 votre b\u00e9b\u00e9 douceur et confort avec ce joli pack de 4 pi\u00e8ces aux motifs d&#8217;\u00e9l\u00e9phant tendre : 1 body manches courtes imprim\u00e9 avec un \u00e9l\u00e9phant mignon 1 body d\u00e9bardeur avec inscription &#8220;Hi Friends&#8221; 1 pantalon avec pieds d\u00e9cor\u00e9 d&#8217;un \u00e9l\u00e9phant adorable 1 pantalon sans pieds assorti&#8230;<a class=\"r_more_blog\" href=\"https:\/\/chahrazadbaby.com\/en\/produit\/pack-2-body-2-pantalon-pour-bebe-hi-friends\/#more-51648\"> continue reading<\/a><\/p>\n","protected":false},"featured_media":51649,"template":"","meta":{"pgc_sgb_lightbox_settings":""},"product_brand":[],"product_cat":[48,150,76],"product_tag":[],"class_list":{"0":"post-51648","1":"product","2":"type-product","3":"status-publish","4":"has-post-thumbnail","6":"product_cat-bebe-garcon","7":"product_cat-ensembles-bebe-garcon","8":"product_cat-grenouilleres-bebe-garcon-barboteuses-pyjamas","10":"first","11":"outofstock","12":"shipping-taxable","13":"purchasable","14":"product-type-variable"},"bundled_by":[],"bundle_stock_status":"outofstock","bundle_stock_quantity":0,"bundle_virtual":false,"bundle_layout":"","bundle_add_to_cart_form_location":"","bundle_editable_in_cart":false,"bundle_sold_individually_context":"","bundle_item_grouping":"","bundle_min_size":"","bundle_max_size":"","bundle_price":[],"bundled_items":[],"bundle_sell_ids":[],"jetpack_sharing_enabled":true,"_links":{"self":[{"href":"https:\/\/chahrazadbaby.com\/en\/wp-json\/wp\/v2\/product\/51648","targetHints":{"allow":["GET"]}}],"collection":[{"href":"https:\/\/chahrazadbaby.com\/en\/wp-json\/wp\/v2\/product"}],"about":[{"href":"https:\/\/chahrazadbaby.com\/en\/wp-json\/wp\/v2\/types\/product"}],"wp:featuredmedia":[{"embeddable":true,"href":"https:\/\/chahrazadbaby.com\/en\/wp-json\/wp\/v2\/media\/51649"}],"wp:attachment":[{"href":"https:\/\/chahrazadbaby.com\/en\/wp-json\/wp\/v2\/media?parent=51648"}],"wp:term":[{"taxonomy":"product_brand","embeddable":true,"href":"https:\/\/chahrazadbaby.com\/en\/wp-json\/wp\/v2\/product_brand?post=51648"},{"taxonomy":"product_cat","embeddable":true,"href":"https:\/\/chahrazadbaby.com\/en\/wp-json\/wp\/v2\/product_cat?post=51648"},{"taxonomy":"product_tag","embeddable":true,"href":"https:\/\/chahrazadbaby.com\/en\/wp-json\/wp\/v2\/product_tag?post=51648"}],"curies":[{"name":"wp","href":"https:\/\/api.w.org\/{rel}","templated":true}]}}