{"id":51598,"date":"2025-04-24T11:44:53","date_gmt":"2025-04-24T11:44:53","guid":{"rendered":"https:\/\/chahrazadbaby.com\/fr\/produit\/pack-2-body-2-pantalon-pour-bebe-bonjour\/"},"modified":"2026-04-09T14:50:05","modified_gmt":"2026-04-09T14:50:05","slug":"pack-2-body-2-pantalon-pour-bebe-bonjour","status":"publish","type":"product","link":"https:\/\/chahrazadbaby.com\/en\/produit\/pack-2-body-2-pantalon-pour-bebe-bonjour\/","title":{"rendered":"Pack 2 Body 2 Pantalon pour b\u00e9b\u00e9  &#8221; Bonjour &#8220;"},"content":{"rendered":"<p>Pack 4 pi\u00e8ces &#8220;Bonjour Fraise&#8221; &#8211; B\u00e9b\u00e9<\/p>\n<p>Offrez \u00e0 votre b\u00e9b\u00e9 douceur et confort avec ce joli pack de 4 pi\u00e8ces aux motifs de fraises tendres :<\/p>\n<p>1 body demi manches imprim\u00e9 &#8220;bonjour&#8221; avec fraise<\/p>\n<p>1 body d\u00e9bardeur orn\u00e9 de fraises roses<\/p>\n<p>1 pantalon avec pieds assorti aux motifs fraises<\/p>\n<p>1 pantalon sans pieds avec inscription &#8220;bonjour&#8221;<\/p>\n<p>Confectionn\u00e9 en coton doux et respirant, id\u00e9al pour la peau sensible de b\u00e9b\u00e9.<br \/>\nCe pack allie style, confort et praticit\u00e9 au quotidien.<\/p>\n<p>Taille : disponible de 0 \u00e0 24 mois<br \/>\nCouleur : blanc  avec motifs roses<br \/>\nEntretien : lavage en machine \u00e0 30\u00b0C<\/p>\n","protected":false},"excerpt":{"rendered":"<p>Pack 4 pi\u00e8ces &#8220;Bonjour Fraise&#8221; &#8211; B\u00e9b\u00e9 Offrez \u00e0 votre b\u00e9b\u00e9 douceur et confort avec ce joli pack de 4 pi\u00e8ces aux motifs de fraises tendres : 1 body demi manches imprim\u00e9 &#8220;bonjour&#8221; avec fraise 1 body d\u00e9bardeur orn\u00e9 de fraises roses 1 pantalon avec pieds assorti aux motifs fraises 1 pantalon sans pieds avec&#8230;<a class=\"r_more_blog\" href=\"https:\/\/chahrazadbaby.com\/en\/produit\/pack-2-body-2-pantalon-pour-bebe-bonjour\/#more-51598\"> continue reading<\/a><\/p>\n","protected":false},"featured_media":51597,"template":"","meta":{"pgc_sgb_lightbox_settings":""},"product_brand":[],"product_cat":[15],"product_tag":[],"class_list":{"0":"post-51598","1":"product","2":"type-product","3":"status-publish","4":"has-post-thumbnail","6":"product_cat-bebe-fille","8":"first","9":"outofstock","10":"shipping-taxable","11":"product-type-variable"},"bundled_by":[],"bundle_stock_status":"outofstock","bundle_stock_quantity":0,"bundle_virtual":false,"bundle_layout":"","bundle_add_to_cart_form_location":"","bundle_editable_in_cart":false,"bundle_sold_individually_context":"","bundle_item_grouping":"","bundle_min_size":"","bundle_max_size":"","bundle_price":[],"bundled_items":[],"bundle_sell_ids":[],"jetpack_sharing_enabled":true,"_links":{"self":[{"href":"https:\/\/chahrazadbaby.com\/en\/wp-json\/wp\/v2\/product\/51598","targetHints":{"allow":["GET"]}}],"collection":[{"href":"https:\/\/chahrazadbaby.com\/en\/wp-json\/wp\/v2\/product"}],"about":[{"href":"https:\/\/chahrazadbaby.com\/en\/wp-json\/wp\/v2\/types\/product"}],"wp:featuredmedia":[{"embeddable":true,"href":"https:\/\/chahrazadbaby.com\/en\/wp-json\/wp\/v2\/media\/51597"}],"wp:attachment":[{"href":"https:\/\/chahrazadbaby.com\/en\/wp-json\/wp\/v2\/media?parent=51598"}],"wp:term":[{"taxonomy":"product_brand","embeddable":true,"href":"https:\/\/chahrazadbaby.com\/en\/wp-json\/wp\/v2\/product_brand?post=51598"},{"taxonomy":"product_cat","embeddable":true,"href":"https:\/\/chahrazadbaby.com\/en\/wp-json\/wp\/v2\/product_cat?post=51598"},{"taxonomy":"product_tag","embeddable":true,"href":"https:\/\/chahrazadbaby.com\/en\/wp-json\/wp\/v2\/product_tag?post=51598"}],"curies":[{"name":"wp","href":"https:\/\/api.w.org\/{rel}","templated":true}]}}