{"id":51414,"date":"2025-04-15T15:27:33","date_gmt":"2025-04-15T15:27:33","guid":{"rendered":"https:\/\/chahrazadbaby.com\/fr\/?post_type=product&#038;p=51414"},"modified":"2025-10-18T08:19:40","modified_gmt":"2025-10-18T08:19:40","slug":"emmaillotage-bebe-good-night-3-2","status":"publish","type":"product","link":"https:\/\/chahrazadbaby.com\/en\/produit\/emmaillotage-bebe-good-night-3-2\/","title":{"rendered":"Emmaillotage b\u00e9b\u00e9 Good night"},"content":{"rendered":"<p>Emmaillotage doux &#8220;good night&#8221;<\/p>\n<p>Offrez \u00e0 votre b\u00e9b\u00e9 un sommeil paisible ave notre emmaillotage 100% coton, doux et respirant. Facile \u00e0 enfiler gr\u00e2ce \u00e0 ses bandes velcro ajustables, il maintient b\u00e9b\u00e9 bien au chaud et en s\u00e9curit\u00e9. Disponible en blanc, rose et bleu avec un motif tendre &#8220;good night&#8221;<\/p>\n","protected":false},"excerpt":{"rendered":"<p>Emmaillotage doux &#8220;good night&#8221; Offrez \u00e0 votre b\u00e9b\u00e9 un sommeil paisible ave notre emmaillotage 100% coton, doux et respirant. Facile \u00e0 enfiler gr\u00e2ce \u00e0 ses bandes velcro ajustables, il maintient b\u00e9b\u00e9 bien au chaud et en s\u00e9curit\u00e9. Disponible en blanc, rose et bleu avec un motif tendre &#8220;good night&#8221;<\/p>\n","protected":false},"featured_media":51418,"template":"","meta":{"pgc_sgb_lightbox_settings":""},"product_brand":[],"product_cat":[15,48],"product_tag":[],"class_list":{"0":"post-51414","1":"product","2":"type-product","3":"status-publish","4":"has-post-thumbnail","6":"product_cat-bebe-fille","7":"product_cat-bebe-garcon","8":"pa_color-blanc","9":"pa_color-bleu","10":"pa_color-rose","12":"first","13":"instock","14":"sale","15":"shipping-taxable","16":"purchasable","17":"product-type-variable"},"bundled_by":[],"bundle_stock_status":"instock","bundle_stock_quantity":null,"bundle_virtual":false,"bundle_layout":"","bundle_add_to_cart_form_location":"","bundle_editable_in_cart":false,"bundle_sold_individually_context":"","bundle_item_grouping":"","bundle_min_size":"","bundle_max_size":"","bundle_price":[],"bundled_items":[],"bundle_sell_ids":[],"jetpack_sharing_enabled":true,"_links":{"self":[{"href":"https:\/\/chahrazadbaby.com\/en\/wp-json\/wp\/v2\/product\/51414","targetHints":{"allow":["GET"]}}],"collection":[{"href":"https:\/\/chahrazadbaby.com\/en\/wp-json\/wp\/v2\/product"}],"about":[{"href":"https:\/\/chahrazadbaby.com\/en\/wp-json\/wp\/v2\/types\/product"}],"wp:featuredmedia":[{"embeddable":true,"href":"https:\/\/chahrazadbaby.com\/en\/wp-json\/wp\/v2\/media\/51418"}],"wp:attachment":[{"href":"https:\/\/chahrazadbaby.com\/en\/wp-json\/wp\/v2\/media?parent=51414"}],"wp:term":[{"taxonomy":"product_brand","embeddable":true,"href":"https:\/\/chahrazadbaby.com\/en\/wp-json\/wp\/v2\/product_brand?post=51414"},{"taxonomy":"product_cat","embeddable":true,"href":"https:\/\/chahrazadbaby.com\/en\/wp-json\/wp\/v2\/product_cat?post=51414"},{"taxonomy":"product_tag","embeddable":true,"href":"https:\/\/chahrazadbaby.com\/en\/wp-json\/wp\/v2\/product_tag?post=51414"}],"curies":[{"name":"wp","href":"https:\/\/api.w.org\/{rel}","templated":true}]}}