{"id":39865,"date":"2023-07-13T10:28:25","date_gmt":"2023-07-13T10:28:25","guid":{"rendered":"https:\/\/chahrazadbaby.com\/?post_type=product&#038;p=39865"},"modified":"2026-03-17T11:30:53","modified_gmt":"2026-03-17T11:30:53","slug":"grenouillere-bebe-mama-my-lady-avec-bonnet-et-moufles","status":"publish","type":"product","link":"https:\/\/chahrazadbaby.com\/en\/produit\/grenouillere-bebe-mama-my-lady-avec-bonnet-et-moufles\/","title":{"rendered":"Grenouill\u00e8re b\u00e9b\u00e9 mama my lady avec bonnet et moufles"},"content":{"rendered":"<p>La Grenouill\u00e8re b\u00e9b\u00e9 mama my lady avec bonnet et moufles couleur CACHER est un ensemble adorable pour votre petit bout de chou. Le v\u00eatement est con\u00e7u pour offrir confort et chaleur \u00e0 votre b\u00e9b\u00e9 tout en ayant un style mignon et charmant.<\/p>\n<p>La grenouill\u00e8re est douce et l\u00e9g\u00e8re, fabriqu\u00e9e \u00e0 partir de mat\u00e9riaux de haute qualit\u00e9 pour que votre b\u00e9b\u00e9 se sente \u00e0 l&#8217;aise. Elle est dot\u00e9e d&#8217;un motif &#8220;mama my lady &#8221; imprim\u00e9 sur la poitrine, pour ajouter une touche de tendresse. Le bonnet et les moufles assortis compl\u00e8tent l&#8217;ensemble, assurant que votre b\u00e9b\u00e9 reste au chaud et \u00e0 l&#8217;aise m\u00eame par temps frais.<\/p>\n<p>La Grenouill\u00e8re b\u00e9b\u00e9 mama my lady est \u00e9galement facile \u00e0 entretenir. Elle est r\u00e9sistante aux taches et facile \u00e0 nettoyer. Les mat\u00e9riaux utilis\u00e9s sont respectueux de la peau sensible de votre b\u00e9b\u00e9, et ne contiennent pas de produits chimiques nocifs.<\/p>\n<p>Certifi\u00e9 <a href=\"https:\/\/www.oeko-tex.com\/en\/our-standards\/oeko-tex-standard-100\" rel=\"nofollow noopener\" target=\"_blank\">OEKO TEX standard 100<\/a> et <a href=\"https:\/\/www.iso.org\/fr\/standard\/62085.html\" rel=\"nofollow noopener\" target=\"_blank\">ISO 9001<\/a>.<\/p>\n<p>En somme, la Grenouill\u00e8re b\u00e9b\u00e9 mama my lady avec bonnet et moufles est un ensemble charmant pour votre b\u00e9b\u00e9, qui lui offrira confort et chaleur tout en ayant un style adorable. C&#8217;est \u00e9galement un choix pratique pour les parents, qui peuvent facilement entretenir le v\u00eatement et \u00eatre assur\u00e9s que leur b\u00e9b\u00e9 porte des mat\u00e9riaux respectueux de leur peau sensible.<\/p>\n","protected":false},"excerpt":{"rendered":"<ul>\n<li>Couleur CACHER .<\/li>\n<li>Grenouill\u00e8re b\u00e9b\u00e9 mama my lady avec bonnet et moufles .<\/li>\n<li>Certifi\u00e9 OEKO TEX standard 100 et ISO 9001<\/li>\n<li>coton 100 %\u00a0organique anti-allergique<\/li>\n<li>Livraison rapide partout au Maroc<\/li>\n<\/ul>\n","protected":false},"featured_media":39870,"template":"","meta":{"pgc_sgb_lightbox_settings":""},"product_brand":[],"product_cat":[15,48,76,68],"product_tag":[],"class_list":{"0":"post-39865","1":"product","2":"type-product","3":"status-publish","4":"has-post-thumbnail","6":"product_cat-bebe-fille","7":"product_cat-bebe-garcon","8":"product_cat-grenouilleres-bebe-garcon-barboteuses-pyjamas","9":"product_cat-grenouillere-barboteuse-et-pyjama","11":"first","12":"outofstock","13":"shipping-taxable","14":"product-type-variable"},"bundled_by":[],"bundle_stock_status":"outofstock","bundle_stock_quantity":null,"bundle_virtual":false,"bundle_layout":"","bundle_add_to_cart_form_location":"","bundle_editable_in_cart":false,"bundle_sold_individually_context":"","bundle_item_grouping":"","bundle_min_size":"","bundle_max_size":"","bundle_price":[],"bundled_items":[],"bundle_sell_ids":[],"jetpack_sharing_enabled":true,"_links":{"self":[{"href":"https:\/\/chahrazadbaby.com\/en\/wp-json\/wp\/v2\/product\/39865","targetHints":{"allow":["GET"]}}],"collection":[{"href":"https:\/\/chahrazadbaby.com\/en\/wp-json\/wp\/v2\/product"}],"about":[{"href":"https:\/\/chahrazadbaby.com\/en\/wp-json\/wp\/v2\/types\/product"}],"wp:featuredmedia":[{"embeddable":true,"href":"https:\/\/chahrazadbaby.com\/en\/wp-json\/wp\/v2\/media\/39870"}],"wp:attachment":[{"href":"https:\/\/chahrazadbaby.com\/en\/wp-json\/wp\/v2\/media?parent=39865"}],"wp:term":[{"taxonomy":"product_brand","embeddable":true,"href":"https:\/\/chahrazadbaby.com\/en\/wp-json\/wp\/v2\/product_brand?post=39865"},{"taxonomy":"product_cat","embeddable":true,"href":"https:\/\/chahrazadbaby.com\/en\/wp-json\/wp\/v2\/product_cat?post=39865"},{"taxonomy":"product_tag","embeddable":true,"href":"https:\/\/chahrazadbaby.com\/en\/wp-json\/wp\/v2\/product_tag?post=39865"}],"curies":[{"name":"wp","href":"https:\/\/api.w.org\/{rel}","templated":true}]}}