{"id":38621,"date":"2023-04-07T21:48:24","date_gmt":"2023-04-07T21:48:24","guid":{"rendered":"https:\/\/chahrazadbaby.com\/?post_type=product&#038;p=38621"},"modified":"2025-12-03T10:55:10","modified_gmt":"2025-12-03T10:55:10","slug":"bracelet-inoxydable-bebe-dore-2","status":"publish","type":"product","link":"https:\/\/chahrazadbaby.com\/en\/produit\/bracelet-inoxydable-bebe-dore-2\/","title":{"rendered":"bracelet b\u00e9b\u00e9 dor\u00e9 Bleu"},"content":{"rendered":"","protected":false},"excerpt":{"rendered":"<ul>\n<li>Made in Turkiye<\/li>\n<li>Livraison rapide partout au Maroc<\/li>\n<\/ul>\n","protected":false},"featured_media":38623,"template":"","meta":{"pgc_sgb_lightbox_settings":""},"product_brand":[],"product_cat":[79,48],"product_tag":[],"class_list":{"0":"post-38621","1":"product","2":"type-product","3":"status-publish","4":"has-post-thumbnail","6":"product_cat-accessoires-bebe-bebe-garcon","7":"product_cat-bebe-garcon","9":"first","10":"instock","11":"sale","12":"shipping-taxable","13":"purchasable","14":"product-type-simple"},"bundled_by":[],"bundle_stock_status":"instock","bundle_stock_quantity":86,"bundle_virtual":false,"bundle_layout":"","bundle_add_to_cart_form_location":"","bundle_editable_in_cart":false,"bundle_sold_individually_context":"","bundle_item_grouping":"","bundle_min_size":"","bundle_max_size":"","bundle_price":[],"bundled_items":[],"bundle_sell_ids":[],"jetpack_sharing_enabled":true,"_links":{"self":[{"href":"https:\/\/chahrazadbaby.com\/en\/wp-json\/wp\/v2\/product\/38621","targetHints":{"allow":["GET"]}}],"collection":[{"href":"https:\/\/chahrazadbaby.com\/en\/wp-json\/wp\/v2\/product"}],"about":[{"href":"https:\/\/chahrazadbaby.com\/en\/wp-json\/wp\/v2\/types\/product"}],"wp:featuredmedia":[{"embeddable":true,"href":"https:\/\/chahrazadbaby.com\/en\/wp-json\/wp\/v2\/media\/38623"}],"wp:attachment":[{"href":"https:\/\/chahrazadbaby.com\/en\/wp-json\/wp\/v2\/media?parent=38621"}],"wp:term":[{"taxonomy":"product_brand","embeddable":true,"href":"https:\/\/chahrazadbaby.com\/en\/wp-json\/wp\/v2\/product_brand?post=38621"},{"taxonomy":"product_cat","embeddable":true,"href":"https:\/\/chahrazadbaby.com\/en\/wp-json\/wp\/v2\/product_cat?post=38621"},{"taxonomy":"product_tag","embeddable":true,"href":"https:\/\/chahrazadbaby.com\/en\/wp-json\/wp\/v2\/product_tag?post=38621"}],"curies":[{"name":"wp","href":"https:\/\/api.w.org\/{rel}","templated":true}]}}