{"id":34756,"date":"2022-10-08T11:05:16","date_gmt":"2022-10-08T11:05:16","guid":{"rendered":"https:\/\/chahrazadbaby.com\/?post_type=product&#038;p=34756"},"modified":"2026-04-11T02:41:26","modified_gmt":"2026-04-11T02:41:26","slug":"grenouilleres-matchy-matchy-azur-et-bleu","status":"publish","type":"product","link":"https:\/\/chahrazadbaby.com\/en\/produit\/grenouilleres-matchy-matchy-azur-et-bleu\/","title":{"rendered":"Grenouill\u00e8res Matchy Matchy azur et bleu"},"content":{"rendered":"<p>Les grenouill\u00e8res Matchy Matchy azur et bleu sont des pi\u00e8ces essentielles pour le confort et le style de votre b\u00e9b\u00e9.<\/p>\n<p>Fabriqu\u00e9es en Turquie avec des mat\u00e9riaux de haute qualit\u00e9, elles respectent les normes <a href=\"http:\/\/oeko-tex.com\/en\/our-standards\/oeko-tex-standard-100\" rel=\"nofollow noopener\" target=\"_blank\">Oeko Tex Standard 100<\/a> et <a href=\"https:\/\/www.iso.org\/fr\/standard\/62085.html\" rel=\"nofollow noopener\" target=\"_blank\">ISO 9001<\/a> pour garantir la s\u00e9curit\u00e9 de votre enfant.<\/p>\n<p><a href=\"https:\/\/chahrazadbaby.com\/fr\/9-coton-bio-liso-9001-et-loeko-tex-standard-100\/\">Le coton bio anti-allergique<\/a> utilis\u00e9 pour leur fabrication assure une sensation de douceur et de confort pour votre b\u00e9b\u00e9.<\/p>\n<p>Les grenouill\u00e8res sont dot\u00e9es de boutons \u00e0 pression pour faciliter le change de votre b\u00e9b\u00e9.<\/p>\n<p>Le pack comprend \u00e9galement un bonnet et un bavoir assortis pour un look Matchy Matchy complet.<\/p>\n<p>Disponible en tailles 0-3 mois et 3-6 mois, ce pack est un choix id\u00e9al pour offrir ou pour votre propre b\u00e9b\u00e9.<\/p>\n","protected":false},"excerpt":{"rendered":"<p>Barboteuse duo 4 pi\u00e8ces<\/p>\n<p>Mati\u00e8re : coton 100% naturel<br \/>\nMarque : CHAHRAZAD BABY<br \/>\nMade in Turquie<\/p>\n<p>Livraison rapide partout au Maroc<\/p>\n","protected":false},"featured_media":34095,"template":"","meta":{"pgc_sgb_lightbox_settings":""},"product_brand":[],"product_cat":[48,150,76],"product_tag":[],"class_list":{"0":"post-34756","1":"product","2":"type-product","3":"status-publish","4":"has-post-thumbnail","6":"product_cat-bebe-garcon","7":"product_cat-ensembles-bebe-garcon","8":"product_cat-grenouilleres-bebe-garcon-barboteuses-pyjamas","10":"first","11":"instock","12":"shipping-taxable","13":"purchasable","14":"product-type-variable"},"bundled_by":[],"bundle_stock_status":"instock","bundle_stock_quantity":1,"bundle_virtual":false,"bundle_layout":"","bundle_add_to_cart_form_location":"","bundle_editable_in_cart":false,"bundle_sold_individually_context":"","bundle_item_grouping":"","bundle_min_size":"","bundle_max_size":"","bundle_price":[],"bundled_items":[],"bundle_sell_ids":[],"jetpack_sharing_enabled":true,"_links":{"self":[{"href":"https:\/\/chahrazadbaby.com\/en\/wp-json\/wp\/v2\/product\/34756","targetHints":{"allow":["GET"]}}],"collection":[{"href":"https:\/\/chahrazadbaby.com\/en\/wp-json\/wp\/v2\/product"}],"about":[{"href":"https:\/\/chahrazadbaby.com\/en\/wp-json\/wp\/v2\/types\/product"}],"wp:featuredmedia":[{"embeddable":true,"href":"https:\/\/chahrazadbaby.com\/en\/wp-json\/wp\/v2\/media\/34095"}],"wp:attachment":[{"href":"https:\/\/chahrazadbaby.com\/en\/wp-json\/wp\/v2\/media?parent=34756"}],"wp:term":[{"taxonomy":"product_brand","embeddable":true,"href":"https:\/\/chahrazadbaby.com\/en\/wp-json\/wp\/v2\/product_brand?post=34756"},{"taxonomy":"product_cat","embeddable":true,"href":"https:\/\/chahrazadbaby.com\/en\/wp-json\/wp\/v2\/product_cat?post=34756"},{"taxonomy":"product_tag","embeddable":true,"href":"https:\/\/chahrazadbaby.com\/en\/wp-json\/wp\/v2\/product_tag?post=34756"}],"curies":[{"name":"wp","href":"https:\/\/api.w.org\/{rel}","templated":true}]}}