{"id":2183,"date":"2019-02-07T07:59:35","date_gmt":"2019-02-07T07:59:35","guid":{"rendered":"http:\/\/babystreet.althemist.com\/?page_id=2183"},"modified":"2022-11-07T18:19:13","modified_gmt":"2022-11-07T18:19:13","slug":"contactez-nous","status":"publish","type":"page","link":"https:\/\/chahrazadbaby.com\/en\/contactez-nous\/","title":{"rendered":"Contactez Nous"},"content":{"rendered":"<div class=\"wpb-content-wrapper\"><div class=\"vc_row wpb_row vc_row-fluid vc_custom_1549635049059\">\r\n    <div class=\"wpb_column vc_column_container vc_col-sm-2\"><div class=\"vc_column-inner\"><div class=\"wpb_wrapper\"><\/div><\/div><\/div><div class=\"wpb_column vc_column_container vc_col-sm-8\"><div class=\"vc_column-inner\"><div class=\"wpb_wrapper\">\n\t<div class=\"wpb_text_column wpb_content_element\" >\n\t\t<div class=\"wpb_wrapper\">\n\t\t\t<h2 style=\"text-align: center;\">Vous avez une question?<\/h2>\n\n\t\t<\/div>\n\t<\/div>\n\n\t<div class=\"wpb_text_column wpb_content_element\" >\n\t\t<div class=\"wpb_wrapper\">\n\t\t\t<h6 style=\"text-align: center;\"><span style=\"color: #999999;\">Nous serions ravis de vous conna\u00eetre. Parlez-nous un peu de vous et comment nous pouvons vous aider. Obtenez des r\u00e9ponses \u00e0 toutes vos questions sur notre service en ligne ici du lundi au samedi de 9h30 \u00e0 18h30 (GMT+1)<\/span><\/h6>\n<div id=\"gtx-trans\" style=\"position: absolute; left: 17px; top: 39.9688px;\">\n<div class=\"gtx-trans-icon\"><\/div>\n<\/div>\n\n\t\t<\/div>\n\t<\/div>\n<\/div><\/div><\/div><div class=\"wpb_column vc_column_container vc_col-sm-2\"><div class=\"vc_column-inner\"><div class=\"wpb_wrapper\"><\/div><\/div><\/div>\t<\/div>\r\n\r\n\r\n\r\n<div class=\"vc_row wpb_row vc_row-fluid vc_custom_1549635293233 vc_column-gap-35\">\r\n    <div class=\"wpb_column vc_column_container vc_col-sm-6\"><div class=\"vc_column-inner\"><div class=\"wpb_wrapper\">\n\t<div class=\"wpb_text_column wpb_content_element vc_custom_1662759376753\" >\n\t\t<div class=\"wpb_wrapper\">\n\t\t\t<h6>Envoyez-nous un Message<\/h6>\n\n\t\t<\/div>\n\t<\/div>\n<div class=\"vc_separator wpb_content_element vc_separator_align_center vc_sep_width_100 vc_sep_dashed vc_sep_border_width_2 vc_sep_pos_align_center vc_separator_no_text vc_sep_color_grey wpb_content_element  wpb_content_element\" ><span class=\"vc_sep_holder vc_sep_holder_l\"><span class=\"vc_sep_line\"><\/span><\/span><span class=\"vc_sep_holder vc_sep_holder_r\"><span class=\"vc_sep_line\"><\/span><\/span>\n<\/div>        <div id=\"holder_babystreet_contactform69dc57c94e15a\" class=\"babystreet-contacts-holder babystreet-contacts-shortcode\" >\n                        <form action=\"https:\/\/chahrazadbaby.com\/wp-admin\/admin-ajax.php\" method=\"post\" class=\"contact-form\">\n\t\t\t<div class=\"content babystreet_name\"> <span>Your Name:<\/span>\n\t\t\t<input type=\"text\" value=\"\" name=\"babystreet_name\" \/>\n\t\t\t\t\t<\/div>\n\n\t\t\t\t<div class=\"content babystreet_email\"> <span>E-Mail Address:<\/span>\n\t\t\t<input type=\"text\" value=\"\" name=\"babystreet_email\" \/>\n\t\t\t\t\t<\/div>\n\t\t\t\t<div class=\"content babystreet_phone\"> <span>Phone:<\/span>\n\t\t\t<input type=\"text\" value=\"\" name=\"babystreet_phone\" \/>\n\t\t\t\t\t<\/div>\n\t\t\t\t<div class=\"content babystreet_address\"> <span>Street Address:<\/span>\n\t\t\t<input type=\"text\" value=\"\" name=\"babystreet_address\" \/>\n\t\t\t\t\t<\/div>\n\t\t\t<div class=\"content babystreet_enquiry\"> <span>Message Text:<\/span>\n\t\t<textarea style=\"width: 99%;\" rows=\"10\" cols=\"40\" name=\"babystreet_enquiry\"><\/textarea>\n\t\t\t<\/div>\n\t\t\t\t\t<div class=\"content babystreet_form_test\">\n\t\t\tProve you&#039;re a human: <span class=constant>1<\/span> + <span class=random>3<\/span> = ? <input type=\"text\" value=\"\" name=\"babystreet_captcha_answer\" \/>\n\t\t<\/div>\n\t\t\t\t\t<div class=\"buttons\">\n\t\t<input type=\"hidden\" name=\"babystreet_contact_submitted\" value=\"3\">\n\t\t<input type=\"hidden\" name=\"shortcode_params_for_tpl\" value=\"{&quot;babystreet_title&quot;:&quot;&quot;,&quot;babystreet_contact_mail_to&quot;:&quot;&quot;,&quot;babystreet_simple_captcha&quot;:&quot;1&quot;,&quot;babystreet_contact_form_fields&quot;:&quot;name,email,phone,address&quot;}\">\n\t\t<div class=\"left\"><input class=\"button button-orange\" value=\"Send message\" type=\"submit\"><\/div>\n\t<\/div>\n<\/form>\n        <\/div>\n        <\/div><\/div><\/div><div class=\"wpb_column vc_column_container vc_col-sm-6\"><div class=\"vc_column-inner\"><div class=\"wpb_wrapper\">\n\t<div class=\"wpb_text_column wpb_content_element vc_custom_1664557282075\" >\n\t\t<div class=\"wpb_wrapper\">\n\t\t\t<h6>Contactez Nous<\/h6>\n<div id=\"gtx-trans\" style=\"position: absolute; left: 47px; top: 39.9688px;\">\n<div class=\"gtx-trans-icon\"><\/div>\n<\/div>\n\n\t\t<\/div>\n\t<\/div>\n<div class=\"vc_separator wpb_content_element vc_separator_align_center vc_sep_width_100 vc_sep_dashed vc_sep_border_width_2 vc_sep_pos_align_center vc_separator_no_text vc_sep_color_grey wpb_content_element  wpb_content_element\" ><span class=\"vc_sep_holder vc_sep_holder_l\"><span class=\"vc_sep_line\"><\/span><\/span><span class=\"vc_sep_holder vc_sep_holder_r\"><span class=\"vc_sep_line\"><\/span><\/span>\n<\/div><div class=\"vc_row wpb_row vc_inner vc_row-fluid vc_custom_1552041527835 vc_row-has-fill\" >\r\n\t<div class=\"wpb_column vc_column_container vc_col-sm-12\"><div class=\"vc_column-inner vc_custom_1549635609989\"><div class=\"wpb_wrapper\">\n\t<div class=\"wpb_text_column wpb_content_element vc_custom_1662759399360\" >\n\t\t<div class=\"wpb_wrapper\">\n\t\t\t<h6><span style=\"color: #333333;\">Chahrazad Baby<\/span><\/h6>\n\n\t\t<\/div>\n\t<\/div>\n\n\t<div class=\"wpb_text_column wpb_content_element vc_custom_1667845137266\" >\n\t\t<div class=\"wpb_wrapper\">\n\t\t\t<p>Casablanca<br \/>\nMaroc<\/p>\n<p>Email: contact@chahrazadbaby.com<br \/>\nT\u00e9l\u00e9phone:<span class=\"tel-tag\"><\/span><span class=\"tel-tag\">+212 631 319 297<\/span><\/p>\n\n\t\t<\/div>\n\t<\/div>\n<\/div><\/div><\/div>\t<\/div>\r\n\r\n\r\n\r\n<div class=\"vc_row wpb_row vc_inner vc_row-fluid vc_custom_1552041534381 vc_row-has-fill\" >\r\n\t<div class=\"wpb_column vc_column_container vc_col-sm-12\"><div class=\"vc_column-inner vc_custom_1549635615912\"><div class=\"wpb_wrapper\">\n\t<div class=\"wpb_text_column wpb_content_element vc_custom_1662759468702\" >\n\t\t<div class=\"wpb_wrapper\">\n\t\t\t<h6><span style=\"color: #333333;\">\u00c0 propos de nous<\/span><\/h6>\n\n\t\t<\/div>\n\t<\/div>\n\n\t<div class=\"wpb_text_column wpb_content_element vc_custom_1662759688441\" >\n\t\t<div class=\"wpb_wrapper\">\n\t\t\t<p>Si vous voulez en savoir plus sur nous, visitez la page <a href=\"\/a-propos-de-nous\/\">\u00c0 propos de nous<\/a><\/p>\n\n\t\t<\/div>\n\t<\/div>\n<\/div><\/div><\/div>\t<\/div>\r\n\r\n\r\n\r\n<\/div><\/div><\/div>\t<\/div>\n<\/div>","protected":false},"excerpt":{"rendered":"Vous avez une question? Nous serions ravis de vous conna\u00eetre. Parlez-nous un peu de vous et comment nous pouvons vous aider. Obtenez des r\u00e9ponses \u00e0 toutes vos questions sur notre service en ligne ici du lundi au samedi de 9h30 \u00e0 18h30 (GMT+1) Envoyez-nous un Message Your Name: E-Mail Address: Phone: Street Address: Message Text:...<a class=\"r_more_blog\" href=\"https:\/\/chahrazadbaby.com\/en\/contactez-nous\/#more-2183\"> continue reading<\/a>","protected":false},"author":1,"featured_media":0,"parent":0,"menu_order":0,"comment_status":"closed","ping_status":"closed","template":"","meta":{"pgc_sgb_lightbox_settings":"","footnotes":""},"class_list":["post-2183","page","type-page","status-publish","hentry"],"jetpack_sharing_enabled":true,"_links":{"self":[{"href":"https:\/\/chahrazadbaby.com\/en\/wp-json\/wp\/v2\/pages\/2183","targetHints":{"allow":["GET"]}}],"collection":[{"href":"https:\/\/chahrazadbaby.com\/en\/wp-json\/wp\/v2\/pages"}],"about":[{"href":"https:\/\/chahrazadbaby.com\/en\/wp-json\/wp\/v2\/types\/page"}],"author":[{"embeddable":true,"href":"https:\/\/chahrazadbaby.com\/en\/wp-json\/wp\/v2\/users\/1"}],"replies":[{"embeddable":true,"href":"https:\/\/chahrazadbaby.com\/en\/wp-json\/wp\/v2\/comments?post=2183"}],"version-history":[{"count":15,"href":"https:\/\/chahrazadbaby.com\/en\/wp-json\/wp\/v2\/pages\/2183\/revisions"}],"predecessor-version":[{"id":35345,"href":"https:\/\/chahrazadbaby.com\/en\/wp-json\/wp\/v2\/pages\/2183\/revisions\/35345"}],"wp:attachment":[{"href":"https:\/\/chahrazadbaby.com\/en\/wp-json\/wp\/v2\/media?parent=2183"}],"curies":[{"name":"wp","href":"https:\/\/api.w.org\/{rel}","templated":true}]}}