{"id":61210,"date":"2026-05-06T16:01:25","date_gmt":"2026-05-06T16:01:25","guid":{"rendered":"https:\/\/chahrazadbaby.com\/en\/?post_type=product&#038;p=61210"},"modified":"2026-05-06T16:20:44","modified_gmt":"2026-05-06T16:20:44","slug":"ensemble-pyjama-maman-bebe-matchy-matchy-elegance-confort-%f0%9f%91%a9%f0%9f%8d%bc%e2%9c%a8","status":"publish","type":"product","link":"https:\/\/chahrazadbaby.com\/ar\/produit\/ensemble-pyjama-maman-bebe-matchy-matchy-elegance-confort-%f0%9f%91%a9%f0%9f%8d%bc%e2%9c%a8\/","title":{"rendered":"Ensemble pyjama Maman &amp; B\u00e9b\u00e9 matchy matchy \u2013 \u00c9l\u00e9gance &amp; Confort \ud83d\udc69\ud83c\udf7c\u2728"},"content":{"rendered":"<p>\u064a\u0645\u0643\u0646\u0643\u0645 \u0627\u062e\u062a\u064a\u0627\u0631 \u0627\u0644\u0637\u0628\u0627\u0639\u0629 \u0627\u0644\u0644\u064a \u0628\u063a\u064a\u062a\u0648 \u0639\u0644\u0649 \u0627\u0644\u0637\u0642\u0645 \ud83d\udc95<br \/>\n\u0645\u0627 \u0639\u0644\u064a\u0643\u0645 \u063a\u064a\u0631 \u062a\u0643\u062a\u0628\u0648\u0644\u0646\u0627 \u0641\u0627\u0644\u0643\u0648\u0645\u0648\u0646\u0637\u064a\u0631 \u062f\u064a\u0627\u0644 \u0627\u0644\u0643\u0648\u0645\u0648\u0646\u062f \u0648\u0627\u0634 \u0628\u063a\u064a\u062a\u0648\u0647\u0627:<br \/>\n\ud83d\udc99 Baby Boy \/ mama&#8217;s Boy<br \/>\n\ud83c\udf80 Baby Girl \/ mama&#8217;s Girl<br \/>\n\ud83e\udd0d \u0623\u0648 \u0628\u062f\u0648\u0646 \u0637\u0628\u0627\u0639\u0629.<\/p>\n<p>magnifique ensemble assorti matchy matchy pour maman et b\u00e9b\u00e9, pens\u00e9 pour les premiers jours avec douceur et style \ud83e\udd0d<\/p>\n<p>Disponible en version fille \ud83c\udf80 et gar\u00e7on \ud83d\udc99 avec des d\u00e9tails raffin\u00e9s et une mati\u00e8re ultra confortable.<\/p>\n<p>\u2728 L\u2019ensemble comprend : \u2022 Haut \u00e9l\u00e9gant pour maman<\/p>\n<p>\u2022 Pantalon confortable assorti<br \/>\n\u2022 Pyjama b\u00e9b\u00e9 zipp\u00e9<br \/>\n\u2022 Bonnet naissance<br \/>\n\u2022 Finitions d\u00e9licates en dentelle<\/p>\n<p>\ud83e\uddf5 Tissu polaire doux et agr\u00e9able pour la peau sensible de b\u00e9b\u00e9 et le confort de maman.<\/p>\n<p>\ud83d\udcf8 Id\u00e9al pour la maternit\u00e9, les photos naissance et les premiers moments en famille.<\/p>\n<p>\ud83c\udf80 Disponible en rose , bleu, nude et jaune<br \/>\n\ud83d\udccdChez Chahrazad Baby<br \/>\n\ud83d\ude9a Livraison partout au Maroc<\/p>","protected":false},"excerpt":{"rendered":"<p>\u064a\u0645\u0643\u0646\u0643\u0645 \u0627\u062e\u062a\u064a\u0627\u0631 \u0627\u0644\u0637\u0628\u0627\u0639\u0629 \u0627\u0644\u0644\u064a \u0628\u063a\u064a\u062a\u0648 \u0639\u0644\u0649 \u0627\u0644\u0637\u0642\u0645 \ud83d\udc95 \u0645\u0627 \u0639\u0644\u064a\u0643\u0645 \u063a\u064a\u0631 \u062a\u0643\u062a\u0628\u0648\u0644\u0646\u0627 \u0641\u0627\u0644\u0643\u0648\u0645\u0648\u0646\u0637\u064a\u0631 \u062f\u064a\u0627\u0644 \u0627\u0644\u0643\u0648\u0645\u0648\u0646\u062f \u0648\u0627\u0634 \u0628\u063a\u064a\u062a\u0648\u0647\u0627: \ud83d\udc99 Baby Boy \/ mama&#8217;s Boy \ud83c\udf80 Baby Girl \/ mama&#8217;s Girl \ud83e\udd0d \u0623\u0648 \u0628\u062f\u0648\u0646 \u0637\u0628\u0627\u0639\u0629. magnifique ensemble assorti matchy matchy pour maman et b\u00e9b\u00e9, pens\u00e9 pour les premiers jours avec douceur et style \ud83e\udd0d Disponible en version&#8230;<a class=\"r_more_blog\" href=\"https:\/\/chahrazadbaby.com\/ar\/produit\/ensemble-pyjama-maman-bebe-matchy-matchy-elegance-confort-%f0%9f%91%a9%f0%9f%8d%bc%e2%9c%a8\/#more-61210\"> continue reading<\/a><\/p>","protected":false},"featured_media":61203,"template":"","meta":{"pgc_sgb_lightbox_settings":""},"product_brand":[],"product_cat":[81,73,15,48,76,68,43,314,75,67,167],"product_tag":[],"class_list":{"0":"post-61210","1":"product","2":"type-product","3":"status-publish","4":"has-post-thumbnail","6":"product_cat-bapteme-et-fetes-bebe-garcon","7":"product_cat-bapteme-et-fetes","8":"product_cat-bebe-fille","9":"product_cat-bebe-garcon","10":"product_cat-grenouilleres-bebe-garcon-barboteuses-pyjamas","11":"product_cat-grenouillere-barboteuse-et-pyjama","12":"product_cat-idee-cadeaux","13":"product_cat-mamans","14":"product_cat-pack-sortie-clinique-bebe-garcon","15":"product_cat-pack-sortie-clinique","16":"product_cat-vetements-personnalises-pour-bebe","17":"pa_color-bleu","18":"pa_color-jaune","19":"pa_color-nude","20":"pa_color-rose","21":"pa_size-l","22":"pa_size-m","23":"pa_size-xl","24":"pa_size-xxl","26":"first","27":"instock","28":"sale","29":"shipping-taxable","30":"purchasable","31":"product-type-variable"},"bundled_by":[],"bundle_stock_status":"instock","bundle_stock_quantity":1000,"bundle_virtual":false,"bundle_layout":"","bundle_add_to_cart_form_location":"","bundle_editable_in_cart":false,"bundle_sold_individually_context":"","bundle_item_grouping":"","bundle_min_size":"","bundle_max_size":"","bundle_price":[],"bundled_items":[],"bundle_sell_ids":[],"jetpack_sharing_enabled":true,"_links":{"self":[{"href":"https:\/\/chahrazadbaby.com\/ar\/wp-json\/wp\/v2\/product\/61210","targetHints":{"allow":["GET"]}}],"collection":[{"href":"https:\/\/chahrazadbaby.com\/ar\/wp-json\/wp\/v2\/product"}],"about":[{"href":"https:\/\/chahrazadbaby.com\/ar\/wp-json\/wp\/v2\/types\/product"}],"wp:featuredmedia":[{"embeddable":true,"href":"https:\/\/chahrazadbaby.com\/ar\/wp-json\/wp\/v2\/media\/61203"}],"wp:attachment":[{"href":"https:\/\/chahrazadbaby.com\/ar\/wp-json\/wp\/v2\/media?parent=61210"}],"wp:term":[{"taxonomy":"product_brand","embeddable":true,"href":"https:\/\/chahrazadbaby.com\/ar\/wp-json\/wp\/v2\/product_brand?post=61210"},{"taxonomy":"product_cat","embeddable":true,"href":"https:\/\/chahrazadbaby.com\/ar\/wp-json\/wp\/v2\/product_cat?post=61210"},{"taxonomy":"product_tag","embeddable":true,"href":"https:\/\/chahrazadbaby.com\/ar\/wp-json\/wp\/v2\/product_tag?post=61210"}],"curies":[{"name":"wp","href":"https:\/\/api.w.org\/{rel}","templated":true}]}}