{"id":61192,"date":"2026-05-06T12:44:52","date_gmt":"2026-05-06T12:44:52","guid":{"rendered":"https:\/\/chahrazadbaby.com\/en\/?post_type=product&#038;p=61192"},"modified":"2026-05-06T12:46:47","modified_gmt":"2026-05-06T12:46:47","slug":"bonnet-naissance-special-maternite-douceur-confort-des-les-premiers-instants-%f0%9f%91%b6%f0%9f%a4%8d","status":"publish","type":"product","link":"https:\/\/chahrazadbaby.com\/ar\/produit\/bonnet-naissance-special-maternite-douceur-confort-des-les-premiers-instants-%f0%9f%91%b6%f0%9f%a4%8d\/","title":{"rendered":"Bonnet naissance sp\u00e9cial maternit\u00e9 100% coton \u2013 Douceur &amp; confort d\u00e8s les premiers instants \ud83d\udc76\ud83e\udd0d"},"content":{"rendered":"<p>Con\u00e7u sp\u00e9cialement pour les nouveau-n\u00e9s, ce bonnet naissance \u00e9pouse d\u00e9licatement la t\u00eate du b\u00e9b\u00e9 d\u00e8s la naissance pour lui offrir chaleur, confort et protection pendant ses premiers jours \ud83c\udf7c\u2728<br \/>\nTissu doux, agr\u00e9able et adapt\u00e9 \u00e0 la peau sensible des b\u00e9b\u00e9s.<br \/>\n\u2714 Id\u00e9al pour la maternit\u00e9<br \/>\n\u2714 Coupe confortable adapt\u00e9e \u00e0 la t\u00eate du nouveau-n\u00e9<br \/>\n\u2714 Mati\u00e8re douce et l\u00e9g\u00e8re<br \/>\n\u2714 Disponible en plusieurs coloris<br \/>\nUn indispensable pour la valise de maternit\u00e9 \ud83d\udc95<\/p>","protected":false},"excerpt":{"rendered":"<p>Con\u00e7u sp\u00e9cialement pour les nouveau-n\u00e9s, ce bonnet naissance \u00e9pouse d\u00e9licatement la t\u00eate du b\u00e9b\u00e9 d\u00e8s la naissance pour lui offrir chaleur, confort et protection pendant ses premiers jours \ud83c\udf7c\u2728 Tissu doux, agr\u00e9able et adapt\u00e9 \u00e0 la peau sensible des b\u00e9b\u00e9s. \u2714 Id\u00e9al pour la maternit\u00e9 \u2714 Coupe confortable adapt\u00e9e \u00e0 la t\u00eate du nouveau-n\u00e9 \u2714&#8230;<a class=\"r_more_blog\" href=\"https:\/\/chahrazadbaby.com\/ar\/produit\/bonnet-naissance-special-maternite-douceur-confort-des-les-premiers-instants-%f0%9f%91%b6%f0%9f%a4%8d\/#more-61192\"> continue reading<\/a><\/p>","protected":false},"featured_media":61191,"template":"","meta":{"pgc_sgb_lightbox_settings":""},"product_brand":[],"product_cat":[15],"product_tag":[],"class_list":{"0":"post-61192","1":"product","2":"type-product","3":"status-publish","4":"has-post-thumbnail","6":"product_cat-bebe-fille","7":"pa_color-blanc","8":"pa_color-bleu","9":"pa_color-vert","11":"first","12":"instock","13":"sale","14":"shipping-taxable","15":"purchasable","16":"product-type-variable"},"bundled_by":[],"bundle_stock_status":"instock","bundle_stock_quantity":null,"bundle_virtual":false,"bundle_layout":"","bundle_add_to_cart_form_location":"","bundle_editable_in_cart":false,"bundle_sold_individually_context":"","bundle_item_grouping":"","bundle_min_size":"","bundle_max_size":"","bundle_price":[],"bundled_items":[],"bundle_sell_ids":[],"jetpack_sharing_enabled":true,"_links":{"self":[{"href":"https:\/\/chahrazadbaby.com\/ar\/wp-json\/wp\/v2\/product\/61192","targetHints":{"allow":["GET"]}}],"collection":[{"href":"https:\/\/chahrazadbaby.com\/ar\/wp-json\/wp\/v2\/product"}],"about":[{"href":"https:\/\/chahrazadbaby.com\/ar\/wp-json\/wp\/v2\/types\/product"}],"wp:featuredmedia":[{"embeddable":true,"href":"https:\/\/chahrazadbaby.com\/ar\/wp-json\/wp\/v2\/media\/61191"}],"wp:attachment":[{"href":"https:\/\/chahrazadbaby.com\/ar\/wp-json\/wp\/v2\/media?parent=61192"}],"wp:term":[{"taxonomy":"product_brand","embeddable":true,"href":"https:\/\/chahrazadbaby.com\/ar\/wp-json\/wp\/v2\/product_brand?post=61192"},{"taxonomy":"product_cat","embeddable":true,"href":"https:\/\/chahrazadbaby.com\/ar\/wp-json\/wp\/v2\/product_cat?post=61192"},{"taxonomy":"product_tag","embeddable":true,"href":"https:\/\/chahrazadbaby.com\/ar\/wp-json\/wp\/v2\/product_tag?post=61192"}],"curies":[{"name":"wp","href":"https:\/\/api.w.org\/{rel}","templated":true}]}}