{"id":60884,"date":"2026-04-23T18:48:43","date_gmt":"2026-04-23T18:48:43","guid":{"rendered":"https:\/\/chahrazadbaby.com\/en\/?post_type=product&#038;p=60884"},"modified":"2026-04-23T18:50:01","modified_gmt":"2026-04-23T18:50:01","slug":"serviette-de-bain-bebe-avec-capuche","status":"publish","type":"product","link":"https:\/\/chahrazadbaby.com\/ar\/produit\/serviette-de-bain-bebe-avec-capuche\/","title":{"rendered":"serviette de bain b\u00e9b\u00e9 avec capuche"},"content":{"rendered":"<p>Cape de bain ultra douce id\u00e9ale pour envelopper b\u00e9b\u00e9 apr\u00e8s le bain \ud83d\udec1\u2728<br \/>\nMati\u00e8re : \u00c9ponge absorbante et douce pour la peau<br \/>\nAvec capuche pour garder la t\u00eate bien au chaud<br \/>\nDesign mignon avec motifs b\u00e9b\u00e9<br \/>\nTaille adapt\u00e9e d\u00e8s la naissance<br \/>\nUn indispensable pour le moment bain \ud83d\udc99<\/p>","protected":false},"excerpt":{"rendered":"<p>Cape de bain ultra douce id\u00e9ale pour envelopper b\u00e9b\u00e9 apr\u00e8s le bain \ud83d\udec1\u2728 Mati\u00e8re : \u00c9ponge absorbante et douce pour la peau Avec capuche pour garder la t\u00eate bien au chaud Design mignon avec motifs b\u00e9b\u00e9 Taille adapt\u00e9e d\u00e8s la naissance Un indispensable pour le moment bain \ud83d\udc99<\/p>","protected":false},"featured_media":60882,"template":"","meta":{"pgc_sgb_lightbox_settings":""},"product_brand":[],"product_cat":[15,48,72,80],"product_tag":[],"class_list":{"0":"post-60884","1":"product","2":"type-product","3":"status-publish","4":"has-post-thumbnail","6":"product_cat-bebe-fille","7":"product_cat-bebe-garcon","8":"product_cat-sortie-de-bain","9":"product_cat-sortie-de-bain-bebe-garcon","10":"pa_color-biege","11":"pa_color-rose","13":"first","14":"instock","15":"sale","16":"shipping-taxable","17":"purchasable","18":"product-type-variable"},"bundled_by":[],"bundle_stock_status":"instock","bundle_stock_quantity":1000,"bundle_virtual":false,"bundle_layout":"","bundle_add_to_cart_form_location":"","bundle_editable_in_cart":false,"bundle_sold_individually_context":"","bundle_item_grouping":"","bundle_min_size":"","bundle_max_size":"","bundle_price":[],"bundled_items":[],"bundle_sell_ids":[],"jetpack_sharing_enabled":true,"_links":{"self":[{"href":"https:\/\/chahrazadbaby.com\/ar\/wp-json\/wp\/v2\/product\/60884","targetHints":{"allow":["GET"]}}],"collection":[{"href":"https:\/\/chahrazadbaby.com\/ar\/wp-json\/wp\/v2\/product"}],"about":[{"href":"https:\/\/chahrazadbaby.com\/ar\/wp-json\/wp\/v2\/types\/product"}],"wp:featuredmedia":[{"embeddable":true,"href":"https:\/\/chahrazadbaby.com\/ar\/wp-json\/wp\/v2\/media\/60882"}],"wp:attachment":[{"href":"https:\/\/chahrazadbaby.com\/ar\/wp-json\/wp\/v2\/media?parent=60884"}],"wp:term":[{"taxonomy":"product_brand","embeddable":true,"href":"https:\/\/chahrazadbaby.com\/ar\/wp-json\/wp\/v2\/product_brand?post=60884"},{"taxonomy":"product_cat","embeddable":true,"href":"https:\/\/chahrazadbaby.com\/ar\/wp-json\/wp\/v2\/product_cat?post=60884"},{"taxonomy":"product_tag","embeddable":true,"href":"https:\/\/chahrazadbaby.com\/ar\/wp-json\/wp\/v2\/product_tag?post=60884"}],"curies":[{"name":"wp","href":"https:\/\/api.w.org\/{rel}","templated":true}]}}